{"id":99,"date":"2014-04-13T13:06:21","date_gmt":"2014-04-13T11:06:21","guid":{"rendered":"http:\/\/freebook.fernglas-astronomie.de\/?page_id=99"},"modified":"2014-04-17T10:24:34","modified_gmt":"2014-04-17T08:24:34","slug":"a-mare-crisium","status":"publish","type":"page","link":"http:\/\/freebook.fernglas-astronomie.de\/?page_id=99","title":{"rendered":"A) Mare Crisium"},"content":{"rendered":"<p>Das \u201eMeer der Krisen\u201c ist eine 435\u2009\u00d7\u2009565 km gro\u00dfe Tiefebene, die in Ost-West-Richtung ihre gr\u00f6\u00dfte Ausdehnung hat. Durch die Mondkr\u00fcmmung erscheint es trotzdem ann\u00e4hernd rund. Es wird durch hohe Berge von den \u00fcbrigen Mondmeeren abgegrenzt.<\/p>\n","protected":false},"excerpt":{"rendered":"<p>Das \u201eMeer der Krisen\u201c ist eine 435\u2009\u00d7\u2009565 km gro\u00dfe Tiefebene, die in Ost-West-Richtung ihre gr\u00f6\u00dfte Ausdehnung hat. Durch die Mondkr\u00fcmmung erscheint es trotzdem ann\u00e4hernd rund. Es wird durch hohe Berge von den \u00fcbrigen Mondmeeren abgegrenzt.<\/p>\n","protected":false},"author":1,"featured_media":0,"parent":97,"menu_order":0,"comment_status":"closed","ping_status":"closed","template":"","meta":{"footnotes":""},"class_list":["post-99","page","type-page","status-publish","hentry"],"_links":{"self":[{"href":"http:\/\/freebook.fernglas-astronomie.de\/index.php?rest_route=\/wp\/v2\/pages\/99","targetHints":{"allow":["GET"]}}],"collection":[{"href":"http:\/\/freebook.fernglas-astronomie.de\/index.php?rest_route=\/wp\/v2\/pages"}],"about":[{"href":"http:\/\/freebook.fernglas-astronomie.de\/index.php?rest_route=\/wp\/v2\/types\/page"}],"author":[{"embeddable":true,"href":"http:\/\/freebook.fernglas-astronomie.de\/index.php?rest_route=\/wp\/v2\/users\/1"}],"replies":[{"embeddable":true,"href":"http:\/\/freebook.fernglas-astronomie.de\/index.php?rest_route=%2Fwp%2Fv2%2Fcomments&post=99"}],"version-history":[{"count":1,"href":"http:\/\/freebook.fernglas-astronomie.de\/index.php?rest_route=\/wp\/v2\/pages\/99\/revisions"}],"predecessor-version":[{"id":100,"href":"http:\/\/freebook.fernglas-astronomie.de\/index.php?rest_route=\/wp\/v2\/pages\/99\/revisions\/100"}],"up":[{"embeddable":true,"href":"http:\/\/freebook.fernglas-astronomie.de\/index.php?rest_route=\/wp\/v2\/pages\/97"}],"wp:attachment":[{"href":"http:\/\/freebook.fernglas-astronomie.de\/index.php?rest_route=%2Fwp%2Fv2%2Fmedia&parent=99"}],"curies":[{"name":"wp","href":"https:\/\/api.w.org\/{rel}","templated":true}]}}