{"id":909,"date":"2014-08-26T19:30:45","date_gmt":"2014-08-26T17:30:45","guid":{"rendered":"http:\/\/freebook.fernglas-astronomie.de\/?page_id=909"},"modified":"2014-08-26T19:51:40","modified_gmt":"2014-08-26T17:51:40","slug":"craters","status":"publish","type":"page","link":"http:\/\/freebook.fernglas-astronomie.de\/?page_id=909","title":{"rendered":"Craters"},"content":{"rendered":"<figure id=\"attachment_122\" class=\"wp-caption aligncenter\" style=\"width: 400px;\"><a href=\"http:\/\/freebook.fernglas-astronomie.de\/wp-content\/uploads\/2014\/04\/Mond_Detail.jpg\"><img loading=\"lazy\" decoding=\"async\" class=\"size-full wp-image-122\" src=\"http:\/\/freebook.fernglas-astronomie.de\/wp-content\/uploads\/2014\/04\/Mond_Detail.jpg\" alt=\"Die meisten Mondkrater lassen sich erst im Teleskop erkennen \u2013 sie profitieren von der deutlich h\u00f6heren Vergr\u00f6\u00dferung.\" width=\"400\" height=\"266\" srcset=\"http:\/\/freebook.fernglas-astronomie.de\/wp-content\/uploads\/2014\/04\/Mond_Detail.jpg 400w, http:\/\/freebook.fernglas-astronomie.de\/wp-content\/uploads\/2014\/04\/Mond_Detail-300x199.jpg 300w\" sizes=\"auto, (max-width: 400px) 100vw, 400px\" \/><\/a><figcaption class=\"wp-caption-text\">Most lunar craters require a telescope to see details \u2013 the higher magnification is most useful.<\/figcaption><\/figure>\n<p><a title=\"1) Archimedes\" href=\"http:\/\/freebook.fernglas-astronomie.de\/?page_id=911\">1) Archimedes<\/a><br \/>\n<a title=\"2) Aristoteles\" href=\"http:\/\/freebook.fernglas-astronomie.de\/?page_id=933\">2) Aristoteles<\/a><br \/>\n<a title=\"3) Aristarchus\" href=\"http:\/\/freebook.fernglas-astronomie.de\/?page_id=941\">3) Aristarchus<\/a><br \/>\n<a title=\"4) Aristillus\" href=\"http:\/\/freebook.fernglas-astronomie.de\/?page_id=943\">4) Aristillus<\/a><br \/>\n<a title=\"5) Atlas\" href=\"http:\/\/freebook.fernglas-astronomie.de\/?page_id=946\">5) Atlas<\/a><br \/>\n<a title=\"6) Bullialdus\" href=\"http:\/\/freebook.fernglas-astronomie.de\/?page_id=948\">6) Bullialdus<\/a><br \/>\n<a title=\"7) Cleomedes\" href=\"http:\/\/freebook.fernglas-astronomie.de\/?page_id=950\">7) Cleomedes<\/a><br \/>\n<a title=\"8) Copernicus\" href=\"http:\/\/freebook.fernglas-astronomie.de\/?page_id=952\">8) Copernicus<\/a><br \/>\n<a title=\"9) Deslandres\" href=\"http:\/\/freebook.fernglas-astronomie.de\/?page_id=954\">9) Deslandres<\/a><br \/>\n<a title=\"10) Endymion\" href=\"http:\/\/freebook.fernglas-astronomie.de\/?page_id=913\">10) Endymion<\/a><br \/>\n<a title=\"11) Eratosthenes\" href=\"http:\/\/freebook.fernglas-astronomie.de\/?page_id=915\">11) Eratosthenes<\/a><br \/>\n<a title=\"12) Eudoxus\" href=\"http:\/\/freebook.fernglas-astronomie.de\/?page_id=917\">12) Eudoxus<\/a><br \/>\n<a title=\"13) Fracastorius\" href=\"http:\/\/freebook.fernglas-astronomie.de\/?page_id=919\">13) Fracastorius<\/a><br \/>\n<a title=\"14) Gassendi\" href=\"http:\/\/freebook.fernglas-astronomie.de\/?page_id=921\">14) Gassendi<\/a><br \/>\n<a title=\"15) Grimaldi\" href=\"http:\/\/freebook.fernglas-astronomie.de\/?page_id=923\">15) Grimaldi<\/a><br \/>\n<a title=\"16) Kepler\" href=\"http:\/\/freebook.fernglas-astronomie.de\/?page_id=925\">16) Kepler<\/a><br \/>\n<a title=\"17) Langrenus\" href=\"http:\/\/freebook.fernglas-astronomie.de\/?page_id=927\">17) Langrenus<\/a><br \/>\n<a title=\"18) Plato\" href=\"http:\/\/freebook.fernglas-astronomie.de\/?page_id=929\">18) Plato<\/a><br \/>\n<a title=\"19) Posidonius\" href=\"http:\/\/freebook.fernglas-astronomie.de\/?page_id=931\">19) Posidonius<\/a><br \/>\n<a title=\"20) Taruntius\" href=\"http:\/\/freebook.fernglas-astronomie.de\/?page_id=935\">20) Taruntius<\/a><br \/>\n<a title=\"21) Theophilus\" href=\"http:\/\/freebook.fernglas-astronomie.de\/?page_id=937\">21) Theophilus<\/a><br \/>\n<a title=\"22) Tycho\" href=\"http:\/\/freebook.fernglas-astronomie.de\/?page_id=939\">22) Tycho<\/a><br \/>\n<a href=\"http:\/\/freebook.fernglas-astronomie.de\/wp-content\/uploads\/2014\/04\/Mondkarte.jpg\"><img loading=\"lazy\" decoding=\"async\" class=\"aligncenter size-full wp-image-95\" src=\"http:\/\/freebook.fernglas-astronomie.de\/wp-content\/uploads\/2014\/04\/Mondkarte.jpg\" alt=\"Mondkarte\" width=\"400\" height=\"375\" srcset=\"http:\/\/freebook.fernglas-astronomie.de\/wp-content\/uploads\/2014\/04\/Mondkarte.jpg 400w, http:\/\/freebook.fernglas-astronomie.de\/wp-content\/uploads\/2014\/04\/Mondkarte-300x281.jpg 300w\" sizes=\"auto, (max-width: 400px) 100vw, 400px\" \/><\/a><\/p>\n","protected":false},"excerpt":{"rendered":"<p>Most lunar craters require a telescope to see details \u2013 the higher magnification is most useful. 1) Archimedes 2) Aristoteles 3) Aristarchus 4) Aristillus 5) Atlas 6) Bullialdus 7) Cleomedes 8) Copernicus 9) Deslandres 10) Endymion 11) Eratosthenes 12) Eudoxus 13) Fracastorius 14) Gassendi 15) Grimaldi 16) Kepler 17) Langrenus 18) Plato 19) Posidonius 20) &hellip; <a href=\"http:\/\/freebook.fernglas-astronomie.de\/?page_id=909\" class=\"more-link\"><span class=\"screen-reader-text\">Craters<\/span> weiterlesen <span class=\"meta-nav\">&rarr;<\/span><\/a><\/p>\n","protected":false},"author":1,"featured_media":0,"parent":881,"menu_order":0,"comment_status":"closed","ping_status":"closed","template":"","meta":{"footnotes":""},"class_list":["post-909","page","type-page","status-publish","hentry"],"_links":{"self":[{"href":"http:\/\/freebook.fernglas-astronomie.de\/index.php?rest_route=\/wp\/v2\/pages\/909","targetHints":{"allow":["GET"]}}],"collection":[{"href":"http:\/\/freebook.fernglas-astronomie.de\/index.php?rest_route=\/wp\/v2\/pages"}],"about":[{"href":"http:\/\/freebook.fernglas-astronomie.de\/index.php?rest_route=\/wp\/v2\/types\/page"}],"author":[{"embeddable":true,"href":"http:\/\/freebook.fernglas-astronomie.de\/index.php?rest_route=\/wp\/v2\/users\/1"}],"replies":[{"embeddable":true,"href":"http:\/\/freebook.fernglas-astronomie.de\/index.php?rest_route=%2Fwp%2Fv2%2Fcomments&post=909"}],"version-history":[{"count":4,"href":"http:\/\/freebook.fernglas-astronomie.de\/index.php?rest_route=\/wp\/v2\/pages\/909\/revisions"}],"predecessor-version":[{"id":957,"href":"http:\/\/freebook.fernglas-astronomie.de\/index.php?rest_route=\/wp\/v2\/pages\/909\/revisions\/957"}],"up":[{"embeddable":true,"href":"http:\/\/freebook.fernglas-astronomie.de\/index.php?rest_route=\/wp\/v2\/pages\/881"}],"wp:attachment":[{"href":"http:\/\/freebook.fernglas-astronomie.de\/index.php?rest_route=%2Fwp%2Fv2%2Fmedia&parent=909"}],"curies":[{"name":"wp","href":"https:\/\/api.w.org\/{rel}","templated":true}]}}