{"id":846,"date":"2014-08-25T23:45:35","date_gmt":"2014-08-25T21:45:35","guid":{"rendered":"http:\/\/freebook.fernglas-astronomie.de\/?page_id=846"},"modified":"2022-01-03T12:21:31","modified_gmt":"2022-01-03T10:21:31","slug":"imprint-copyright-and-images-2","status":"publish","type":"page","link":"http:\/\/freebook.fernglas-astronomie.de\/?page_id=846","title":{"rendered":"Imprint, Copyright and Images"},"content":{"rendered":"<h4>Copyright<\/h4>\n<p>The book &#8222;Starry Skies for Binoculars&#8220; and the websites http:\/\/freebook.fernglasastronomie.de,\u00a0http:\/\/freebook.fernglas-astronomie.de,\u00a0http:\/\/www.fernglasastronomie.de,\u00a0http:\/\/starrysky.kerste.de and http:\/\/www.fernglas-astronomie.de und http:\/\/www.kerste.de are Copyright 2012 Alexander Kerste<br \/>\nThey may be used for non-comercial purposes as long as the source is mentioned. Commercial use without the consent of the author is forbidden.<\/p>\n<h4>Images:<\/h4>\n<p>All images: Alexander Kerste<br \/>\nThe star charts were created with <a href=\"https:\/\/web.archive.org\/web\/20130531195709\/http:\/\/www.projectpluto.com\/\" target=\"_blank\" rel=\"noopener\">The Guide 8.0<\/a> and edited by the author.<\/p>\n<h4>Impressum:<\/h4>\n<p>Alexander Kerste<br \/>\nPostfach 11 08<br \/>\n76308 Malsch<\/p>\n<p>0170-4451118<br \/>\n<a href=\"http:\/\/www.fernglasastronomie.de\/?&amp;mailform\">kerste (at) fernglasastronomie.de<\/a> (Mailformular auf fernglasastronomie.de)<\/p>\n<p>Inhaltlich Verantwortlicher gem\u00e4\u00df \u00a7 10 Absatz 3 MDStV:<br \/>\nAlexander Kerste (Anschrift wie oben)<\/p>\n<p>Umsatzsteuernr.: 65186\/07705<\/p>\n<p>Haftungshinweis:<br \/>\nTrotz sorgf\u00e4ltiger inhaltlicher Kontrolle \u00fcbernehme ich keine Haftung f\u00fcr die Inhalte externer Links.<br \/>\nF\u00fcr den Inhalt der verlinkten Seiten sind ausschlie\u00dflich deren Betreiber verantwortlich.<br \/>\nBei fraglichen Eintr\u00e4gen bitte ich um Benachrichtung, damit ich diese Angaben korrigieren kann.<\/p>\n<p><strong>Datenschutzerkl\u00e4rung f\u00fcr die Nutzung von Facebook-Plugins (Like-Button)<\/strong><\/p>\n<p>Auf unseren Seiten sind Plugins des sozialen Netzwerks Facebook, 1601 South California Avenue, Palo Alto, CA 94304, USA integriert. Die Facebook-Plugins erkennen Sie an dem Facebook-Logo oder dem \u201cLike-Button\u201d (\u201cGef\u00e4llt mir\u201d) auf unserer Seite. Eine \u00dcbersicht \u00fcber die Facebook-Plugins finden Sie hier: <a href=\"http:\/\/developers.facebook.com\/docs\/plugins\/\" target=\"_blank\" rel=\"noopener\">http:\/\/developers.facebook.com\/docs\/plugins\/<\/a>.<br \/>\nWenn Sie unsere Seiten besuchen, wird \u00fcber das Plugin eine direkte Verbindung zwischen Ihrem Browser und dem Facebook-Server hergestellt. Facebook erh\u00e4lt dadurch die Information, dass Sie mit Ihrer IP-Adresse unsere Seite besucht haben. Wenn Sie den Facebook \u201cLike-Button\u201d anklicken w\u00e4hrend Sie in Ihrem Facebook-Account eingeloggt sind, k\u00f6nnen Sie die Inhalte unserer Seiten auf Ihrem Facebook-Profil verlinken. Dadurch kann Facebook den Besuch unserer Seiten Ihrem Benutzerkonto zuordnen. Wir weisen darauf hin, dass wir als Anbieter der Seiten keine Kenntnis vom Inhalt der \u00fcbermittelten Daten sowie deren Nutzung durch Facebook erhalten. Weitere Informationen hierzu finden Sie in der Datenschutzerkl\u00e4rung von facebook unter <a href=\"http:\/\/de-de.facebook.com\/policy.php\" target=\"_blank\" rel=\"noopener\"> http:\/\/de-de.facebook.com\/policy.php<\/a><\/p>\n<p>Wenn Sie nicht w\u00fcnschen, dass Facebook den Besuch unserer Seiten Ihrem Facebook-Nutzerkonto zuordnen kann, loggen Sie sich bitte aus Ihrem Facebook-Benutzerkonto aus.<\/p>\n<p><strong>Datenschutzerkl\u00e4rung f\u00fcr die Nutzung von Twitter<\/strong><\/p>\n<p>Auf unseren Seiten sind Funktionen des Dienstes Twitter eingebunden. Diese Funktionen werden angeboten durch die Twitter Inc., Twitter, Inc. 1355 Market St, Suite 900, San Francisco, CA 94103, USA. Durch das Benutzen von Twitter und der Funktion \u201cRe-Tweet\u201d werden die von Ihnen besuchten Webseiten mit Ihrem Twitter-Account verkn\u00fcpft und anderen Nutzern bekannt gegeben. Dabei werden auch Daten an Twitter \u00fcbertragen.<\/p>\n<p>Wir weisen darauf hin, dass wir als Anbieter der Seiten keine Kenntnis vom Inhalt der \u00fcbermittelten Daten sowie deren Nutzung durch Twitter erhalten. Weitere Informationen hierzu finden Sie in der Datenschutzerkl\u00e4rung von Twitter unter <a href=\"http:\/\/twitter.com\/privacy\" target=\"_blank\" rel=\"noopener\">http:\/\/twitter.com\/privacy<\/a>.<\/p>\n<p>Ihre Datenschutzeinstellungen bei Twitter k\u00f6nnen Sie in den Konto-Einstellungen unter <a href=\"http:\/\/twitter.com\/account\/settings\" target=\"_blank\" rel=\"noopener\">http:\/\/twitter.com\/account\/settings<\/a> \u00e4ndern.<\/p>\n<p><i>Quellen: <a href=\"http:\/\/www.e-recht24.de\/muster-datenschutzerklaerung.htm\" target=\"_blank\" rel=\"nofollow noopener\">eRecht24 Datenschutzerkl\u00e4rung<\/a>, <a href=\"http:\/\/www.e-recht24.de\/artikel\/datenschutz\/6590-facebook-like-button-datenschutz-disclaimer.html\" target=\"_blank\" rel=\"nofollow noopener\">Facebook Disclaimer<\/a>, <a href=\"http:\/\/twitter.com\/privacy\" target=\"_blank\" rel=\"nofollow noopener\">Datenschutzerkl\u00e4rung Twitter<\/a><\/i><\/p>\n","protected":false},"excerpt":{"rendered":"<p>Copyright The book &#8222;Starry Skies for Binoculars&#8220; and the websites http:\/\/freebook.fernglasastronomie.de,\u00a0http:\/\/freebook.fernglas-astronomie.de,\u00a0http:\/\/www.fernglasastronomie.de,\u00a0http:\/\/starrysky.kerste.de and http:\/\/www.fernglas-astronomie.de und http:\/\/www.kerste.de are Copyright 2012 Alexander Kerste They may be used for non-comercial purposes as long as the source is mentioned. Commercial use without the consent of the author is forbidden. Images: All images: Alexander Kerste The star charts were created with &hellip; <a href=\"http:\/\/freebook.fernglas-astronomie.de\/?page_id=846\" class=\"more-link\"><span class=\"screen-reader-text\">Imprint, Copyright and Images<\/span> weiterlesen <span class=\"meta-nav\">&rarr;<\/span><\/a><\/p>\n","protected":false},"author":1,"featured_media":0,"parent":0,"menu_order":0,"comment_status":"closed","ping_status":"closed","template":"","meta":{"footnotes":""},"class_list":["post-846","page","type-page","status-publish","hentry"],"_links":{"self":[{"href":"http:\/\/freebook.fernglas-astronomie.de\/index.php?rest_route=\/wp\/v2\/pages\/846","targetHints":{"allow":["GET"]}}],"collection":[{"href":"http:\/\/freebook.fernglas-astronomie.de\/index.php?rest_route=\/wp\/v2\/pages"}],"about":[{"href":"http:\/\/freebook.fernglas-astronomie.de\/index.php?rest_route=\/wp\/v2\/types\/page"}],"author":[{"embeddable":true,"href":"http:\/\/freebook.fernglas-astronomie.de\/index.php?rest_route=\/wp\/v2\/users\/1"}],"replies":[{"embeddable":true,"href":"http:\/\/freebook.fernglas-astronomie.de\/index.php?rest_route=%2Fwp%2Fv2%2Fcomments&post=846"}],"version-history":[{"count":2,"href":"http:\/\/freebook.fernglas-astronomie.de\/index.php?rest_route=\/wp\/v2\/pages\/846\/revisions"}],"predecessor-version":[{"id":1236,"href":"http:\/\/freebook.fernglas-astronomie.de\/index.php?rest_route=\/wp\/v2\/pages\/846\/revisions\/1236"}],"wp:attachment":[{"href":"http:\/\/freebook.fernglas-astronomie.de\/index.php?rest_route=%2Fwp%2Fv2%2Fmedia&parent=846"}],"curies":[{"name":"wp","href":"https:\/\/api.w.org\/{rel}","templated":true}]}}