{"id":826,"date":"2014-08-25T23:10:42","date_gmt":"2014-08-25T21:10:42","guid":{"rendered":"http:\/\/freebook.fernglas-astronomie.de\/?page_id=826"},"modified":"2014-08-25T23:21:00","modified_gmt":"2014-08-25T21:21:00","slug":"choosing-the-right-binoculars-2","status":"publish","type":"page","link":"http:\/\/freebook.fernglas-astronomie.de\/?page_id=826","title":{"rendered":"Choosing the right binoculars"},"content":{"rendered":"<p>Binoculars are first and foremost characterized by a pair of numbers like 8\u2009\u00d7\u200930 or 7\u2009\u00d7\u200950. The first number is the magnification and the second shows the aperture in millimeters. For astronomy, the aperture should be as large as possible and not less than 30mm. Smaller devices don\u2018t gather enough light and often they are of low quality \u2013 many are cheap toys and not optical devices. With 30mm aperture you can already see much of the sky and 50mm are quite powerful \u2013 many a department store telescope has a similar aperture. Larger models are quite heavy and unwieldy, so they are especially useful for purely astronomical purposes. Because the price also rises rapidly with the aperture, they are more suitable for the ambitious user. By the way, the increase in light-gathering between naked eye and 50mm binoculars is similar to the gain when switching from binoculars to a telescope with about a 14\u201d aperture \u2013 which costs several thousand dollars instead of less than 200 dollars.<\/p>\n<p>The <strong>magnification<\/strong> influences not only the field of view, but also the image brightness and contrast. At low magnification, the field of view is usually larger, and the binocular is perfectly suited to observe star clusters or the Milky Way. With increasing magnification more details become visible, but the image gets darker. This is not necessarily a disadvantage \u2013 if you are under a bright, light-polluted sky, a slightly higher magnification helps to darken the sky background and thus to enhance the contrast. The background brightness is thereby evenly distributed over a larger area in the eye, while the point-like stars continue to be perceived only as points.<\/p>\n<p>If you are observing the sky with a 50mm model mostly in the vicinity of urban areas, you\u2018ll probably see more at 10x magnification than with a 7x magnification. Binoculars with seven times magnification are ideal especially for star clusters and the Milky Way, while at ten times magnification or more somewhat fainter deep-sky objects become visible. Large binoculars from about fifteen times magnification are even suitable for observing fine details on smaller objects or the Moon and planets.<\/p>\n<p>The 7\u2009\u00d7\u200950 can be seen as a typical \u201eall-purpose binocular\u201c. But often, a 10\u2009\u00d7\u200950 is the better choice since we never reach the perfect dark adaptation in North America or close to cities.<\/p>\n<p>An important number which can be calculated easily is the <strong>exit pupil<\/strong>. It is obtained by dividing the aperture by the magnification. A pair of 7\u2009\u00d7\u200950 binoculars for example has an exit pupil of 50mm \/ 7 = 7.14mm, and with a 10\u2009\u00d7\u200950 this value is reduced to 5mm. The exit pupil tells you how large the beam of light is when it leaves the eyepiece. It should not be larger than the opening of your pupil, but also not significantly smaller. As a rule of thumb, young people usually have a maximum pupil aperture of 7mm, and at the age of 30 it drops to 5mm \u2013 but these are only averages. At the age of 25, for example, openings from 4.5 to 8.5mm were measured, and values of 3 to 6.5mm for 55 year old people. The individual values are influenced by exercise and training as well as by genetics. They are also affected by the ambient brightness \u2013 if you observe in light-polluted, urban places, you\u2018ll never observe with maximum pupil opening.<\/p>\n<p>.<\/p>\n<figure id=\"attachment_40\" class=\"wp-caption aligncenter\" style=\"width: 400px;\"><a href=\"http:\/\/freebook.fernglas-astronomie.de\/wp-content\/uploads\/2014\/04\/Austrittspupille.jpg\"><img loading=\"lazy\" decoding=\"async\" class=\"size-full wp-image-40\" src=\"http:\/\/freebook.fernglas-astronomie.de\/wp-content\/uploads\/2014\/04\/Austrittspupille.jpg\" alt=\"Der Blick in das Okular bietet Hinweise auf die Qualit\u00e4t der verwendeten Prismen: Bei den besseren BAK-4-Prismen erscheint die Austrittspupille kreisrund (oben), bei billigeren BK-7-Prismen ist sie rautenf\u00f6rmig verzerrt und kann von Spiegelungen begleitet sein (unten). Die Gr\u00f6\u00dfe der Austrittspupille ist von der Vergr\u00f6\u00dferung abh\u00e4ngig: Oben ein 12\u2009\u00d7\u200950 mit kleiner Austrittspupille, darunter ein 7\u2009\u00d7\u200950, dessen Lichtb\u00fcndel etwa dem durchschnittlichen Pupillendurchmesser des Auges entspricht.\" width=\"400\" height=\"256\" srcset=\"http:\/\/freebook.fernglas-astronomie.de\/wp-content\/uploads\/2014\/04\/Austrittspupille.jpg 400w, http:\/\/freebook.fernglas-astronomie.de\/wp-content\/uploads\/2014\/04\/Austrittspupille-300x192.jpg 300w\" sizes=\"auto, (max-width: 400px) 100vw, 400px\" \/><\/a><figcaption class=\"wp-caption-text\">The view in the eyepiece provides clues to the quality of the prisms used \u2013 with the better BaK-4 prisms, the exit pupil appears circular (top) while less expensive BK-7 prisms deliver distorted, diamond-shaped exit pupils which may be accompanied by reflections.<br \/>\nThe size of the exit pupil depends on the magnification. On top is a 12\u2009\u00d7\u200950 with a small exit pupil and below is a 7\u2009\u00d7\u200950 where the light beam corresponds approximately to the average pupil diameter of the eye.<\/figcaption><\/figure>\n<p>In 1993, the result of the multiplication of aperture and magnification was proposed as an indication of the performance of binoculars. An 8\u2009\u00d7\u200930 would thus have a value of 240 and a 7\u2009\u00d7\u200950 would have a value of 350. That would be slightly worse than the slightly smaller 10\u2009\u00d7\u200940 with 400 and a 10\u2009\u00d7\u200950 would provide 500. The higher the value, the better is the suitability for astronomy. Zoom binoculars are in theory a good thing, but usually they pay a very high price for the various possible magnifications, since image quality and field of view suffer \u2013 or remain acceptable only for very expensive models.<\/p>\n<p>Besides aperture and magnification, it is also very important which <strong>objective lenses and prisms<\/strong> are used. To compensate for chromatic aberrations, the objectives of modern binoculars consist of several lenses. There are also the prisms which invert the image \u2013 an astronomical telescope without prisms shows an upside-down image. Since there are reflections on each glass surface, brightness and contrast are reduced. To minimize these reflections the surfaces can be coated. With low cost models, only some of the lenses may be coated, while good binoculars have coating on each lens. In vague statements such as \u201ecoated optics\u201c caution is recommended \u2013 this may also mean that only the outer sides of the front lenses or the eyepiece are coated. Here, you have to trust the manufacturer\u2018s declaration \u2013 the dealers often only know what is printed on the packaging.<\/p>\n<p>The color of the lenses gives a first indication of the <strong>coating<\/strong>. If you hold a pair of binoculars at an angle to the light, usually a reddish or greenish tinge appears. A good coating of magnesium fluoride shimmers uniformly purple. If the coating is too thick, it looks greenish, while a pink shimmer may indicate a too thin coating layer.<\/p>\n<p>A green shimmer can also be caused by very good, multi-coated lenses. With these lenses, the light loss of 1.5% can be reduced to less than 0.5% per surface. Unfortunately, low cost models can seem like multi-coated lenses because of a much too thick coating on the lenses. However, they provide an image with a much poorer contrast and image brightness than good binoculars.<\/p>\n<p>The <strong>prisms<\/strong> are the most important difference between a pair of binoculars and a telescope. The older design of binoculars use Porro prisms. Binoculars with Porro prisms are somewhat bulkier than those with the more elegant roof prisms and the distance between the objective and eyepiece is longer. Roof prisms allow a straight and thus more compact design with lighter weight. Porro prisms are a bit more useful for astronomical use, as they are not only of lower cost but also provide brighter images for the same amount of money.<\/p>\n<p>If you hold the binoculars looking at a bright object <strong>(never towards the Sun!)<\/strong>, and look through them at arm\u2018s length, you can learn a lot about the type of glass used for the prisms. If the exit pupils appear as clear, round circles against a dark background, higher quality BaK-4 glass was used. Diamond-shaped distortions on the edge or non-uniform illumination reflections are the result of less expensive BK-7 glass.<\/p>\n<p>Resolution and field of view are set by the lenses used and can be determined easily by looking through the optics. If you look at a print-out of the picture at the end of this chapter from a distance of 10 yards (meters), you will be able to separate some of the line series in your binoculars, while others merge into a solid bar. The bars which you can resolve correspond to the resolution of your binocular. The bars have a length of 0.5\u00b0, which equals approximately the diameter of the Sun and Moon. The circle above the bars also has a diameter of 0.5\u00b0. In it the separation distances of some double stars are shown, which give you a feeling of the units arc minutes and arc seconds when observed from a distance of 10 yards or meters.<\/p>\n<figure id=\"attachment_41\" class=\"wp-caption aligncenter\" style=\"width: 356px;\"><a href=\"http:\/\/freebook.fernglas-astronomie.de\/wp-content\/uploads\/2014\/04\/Aufloesung.jpg\"><img loading=\"lazy\" decoding=\"async\" class=\"size-full wp-image-41\" src=\"http:\/\/freebook.fernglas-astronomie.de\/wp-content\/uploads\/2014\/04\/Aufloesung.jpg\" alt=\"Wenn Sie diese Grafik (Sie finden eine Druckvorlage auf fernglasastronomie.de) aus 10 Metern Entfernung betrachten, k\u00f6nnen Sie die Aufl\u00f6sung ihres Fernglases bestimmen: Die Linien, die sie gerade noch trennen k\u00f6nnen, entsprechen der Aufl\u00f6sung ihres Ger\u00e4tes. Interessant ist auch der Vergleich zwischen freih\u00e4ndiger Beobachtung und der Beobachtung mit einem Stativ! Der gro\u00dfe Kreis hat aus zehn Metern Entfernung einen Durchmesser von 0,5 Grad, was etwa dem Vollmonddurchmesser entspricht. In ihn sind die Abst\u00e4nde einiger Doppelsterne eingezeichnet. Im richtigen Ma\u00dfstab ausgedruckt betr\u00e4gt der Durchmesser des Kreises 9 Zentimeter.\" width=\"356\" height=\"442\" srcset=\"http:\/\/freebook.fernglas-astronomie.de\/wp-content\/uploads\/2014\/04\/Aufloesung.jpg 356w, http:\/\/freebook.fernglas-astronomie.de\/wp-content\/uploads\/2014\/04\/Aufloesung-241x300.jpg 241w\" sizes=\"auto, (max-width: 356px) 100vw, 356px\" \/><\/a><figcaption class=\"wp-caption-text\">If you look at a print-out of this chart (<a href=\"http:\/\/freebook.fernglas-astronomie.de\/?attachment_id=45\">PDF-Download<\/a> &#8211; if printed in the right scale, the circle has a diameter of 9 cm) from 10 yards (meters) away, you can determine the resolution of your binoculars: The lines that you just cannot separate are in accordance with the resolution of your unit. Also interesting is the comparison between free hand observation and observation with a tripod! At a distance of 10 yards (meters), the large circle has a diameter of 0.5\u00b0, which is about the full Moon diameter. In it are shown the distances of some double stars.<\/figcaption><\/figure>\n<p>You can also measure the field of view with the stars of the Big Dipper: The upper stars are about 10\u00b0 apart, the lower 7\u00b0. The stars at the end are separated by about 5\u00b0.<\/p>\n<p>The <strong>mechanics<\/strong> should be as robust as possible, and the binoculars must not be misaligned \u2013 if you see double images, both tubes point into different directions. A slight adjustment can indeed be compensated for by the eyes for some time, so it is not too obvious, but it quickly leads to headaches. If you observe a distant object alternately with one eye and then with two eyes (you can cover one lens with your hand) and notice double images for a short time or if the image \u201cjumps\u201c, the unit may have taken a hit by a fall and is out of adjustment.<\/p>\n<p>There are two different kinds of <strong>housings<\/strong> for binoculars \u2013 German and American style. In German housings the lenses and prisms are in separate components, while American style binoculars combine everything in one single piece and are therefore less susceptible to dirt and bumps. There are also binoculars that can easily be focused using a central wheel, while other models have to be focused individually on each eyepiece.<\/p>\n<p><strong>Color aberration<\/strong> and <strong>edge blur<\/strong> can be seen clearly when you look at sharp edges at some distance (antennas, building edges or roofs). Some distortion at the edge can be tolerated but it should not extend too far into the field.<\/p>\n<figure id=\"attachment_42\" class=\"wp-caption aligncenter\" style=\"width: 400px;\"><a href=\"http:\/\/freebook.fernglas-astronomie.de\/wp-content\/uploads\/2014\/04\/Stative-DSC_0609.jpg\"><img loading=\"lazy\" decoding=\"async\" class=\"size-full wp-image-42\" src=\"http:\/\/freebook.fernglas-astronomie.de\/wp-content\/uploads\/2014\/04\/Stative-DSC_0609.jpg\" alt=\"Drei Methoden, um ein Fernglas zu montieren: Links ein Videoneiger mit einem L-Adapter, der vorne an der Mittelstrebe angeschraubt ist \u2013 die g\u00e4ngigste L\u00f6sung f\u00fcr kleine Ger\u00e4te. Das Gro\u00dffernglas in der Mitte hat einen fest in der Mittelstrebe eingebautem Stativanschluss, und das Fernglas rechts mit Kugelkopf und einem Adapter, der die Mittelstange umschlie\u00dft.\" width=\"400\" height=\"255\" srcset=\"http:\/\/freebook.fernglas-astronomie.de\/wp-content\/uploads\/2014\/04\/Stative-DSC_0609.jpg 400w, http:\/\/freebook.fernglas-astronomie.de\/wp-content\/uploads\/2014\/04\/Stative-DSC_0609-300x191.jpg 300w\" sizes=\"auto, (max-width: 400px) 100vw, 400px\" \/><\/a><figcaption class=\"wp-caption-text\">Three ways of mounting binoculars. On the left a tilt-head with a 90\u00b0 adapter, which is connected to the central strut \u2013 the most common solution. In the middle a giant binocular with a built-in tripod adapter, and on the right a ball head and a central clamp.<\/figcaption><\/figure>\n<p>A binocular should definitely have a <strong>photo thread<\/strong> to attach it to a ball head or an L-adapter and a tripod. Only when it is in a fixed position, the image is steady and you can fully use its power. You can use a pair of binoculars with up to 7x magnification reasonably stable without a tripod, but most people need a tripod for magnifications more than 10x.<\/p>\n<p>In principle, any photo tripod can also be used for a pair of binoculars, but it should be possible to extend it at least at head height \u2013 as most of the time you will be looking up. Wooden tripods dampen vibrations better than aluminum tripods. The matching ball heads are also available at photographic stores.<\/p>\n<p>In addition to these simple solutions, there are also full-size binocular mounts available. Very comfortable are parallelogram mounts which work much like an old, height-adjustable desk lamp. In this case, the binoculars are mounted on two parallel rods. It is adjustable in height so that you can stand not only directly under the binoculars (so that the tripod is out of the way when you look at or near the zenith), but you can also change the height without losing an object. The latter is especially helpful when you want to show an object to different people.<\/p>\n<p>Tinkerers can find many instructions and tips on the internet and can build, for example, a Sky-Scanner. In this case, the binoculars look down on a mirror, so that you can look comfortably down into the binocular and don\u2018t have to worry about a stiff neck. However, finding objects is no longer quite so simple, and you can\u2018t use just any cheap mirror.<\/p>\n<p>Other accessories are neither readily available nor necessary. You might think about some <strong>dew shields<\/strong> which you can make yourself easily. These are small tubes whose length should be about twice as long as the lens diameter. They are put over the tubes and protect the lenses from fogging. When it cools at night, the humidity without dew shields can not only condense on the housing, but also on the lenses, so that you may look through a film of water after some time. Lens shades can be easily prepared from tubes, cardboard or flexible plastic. To avoid reflections, they should be painted matte black on the inside.<\/p>\n<p>For <strong>safe solar viewing<\/strong>, you can easily build a suitable filter which is mounted on the front lenses. Baader Planetarium, Mammendorf, Germany, provides foil material including instructions for this \u2013 Check out <a title=\"Choosing the right binoculars\" href=\"http:\/\/protecsolar.com\/\" target=\"_blank\">protecsolar.com<\/a> for their AstroSolar Safety Film. Do not use other, self-made filters (space blankets, shooters glasses, CDs) or even filters mounted in the eyepieces, they provide no protection!<\/p>\n<p>Very good binoculars \u2013 which may cost more than a comparable telescope \u2013 offer comfortable angled viewing and interchangeable eyepieces for different magnifications. Here, you can also use deep-sky filters for the observation of nebulae.<\/p>\n<p>In recent years, binoculars with <strong>image stabilization<\/strong> came on the market, which can also be used for astronomy. However, the resolution is usually a bit worse than with permanently mounted equipment \u2013 a tripod adapter is helpful in making binoculars useful. Especially Russian models incorporate solutions that do not require electronics \u2013 but sometimes you have to press and hold the button that turns on the stabilization very firmly which makes longer observations hard. Other models are stabilized electronically \u2013 as long as the batteries last.<\/p>\n","protected":false},"excerpt":{"rendered":"<p>Binoculars are first and foremost characterized by a pair of numbers like 8\u2009\u00d7\u200930 or 7\u2009\u00d7\u200950. The first number is the magnification and the second shows the aperture in millimeters. For astronomy, the aperture should be as large as possible and not less than 30mm. Smaller devices don\u2018t gather enough light and often they are of &hellip; <a href=\"http:\/\/freebook.fernglas-astronomie.de\/?page_id=826\" class=\"more-link\"><span class=\"screen-reader-text\">Choosing the right binoculars<\/span> weiterlesen <span class=\"meta-nav\">&rarr;<\/span><\/a><\/p>\n","protected":false},"author":1,"featured_media":0,"parent":812,"menu_order":0,"comment_status":"closed","ping_status":"closed","template":"","meta":{"footnotes":""},"class_list":["post-826","page","type-page","status-publish","hentry"],"_links":{"self":[{"href":"http:\/\/freebook.fernglas-astronomie.de\/index.php?rest_route=\/wp\/v2\/pages\/826","targetHints":{"allow":["GET"]}}],"collection":[{"href":"http:\/\/freebook.fernglas-astronomie.de\/index.php?rest_route=\/wp\/v2\/pages"}],"about":[{"href":"http:\/\/freebook.fernglas-astronomie.de\/index.php?rest_route=\/wp\/v2\/types\/page"}],"author":[{"embeddable":true,"href":"http:\/\/freebook.fernglas-astronomie.de\/index.php?rest_route=\/wp\/v2\/users\/1"}],"replies":[{"embeddable":true,"href":"http:\/\/freebook.fernglas-astronomie.de\/index.php?rest_route=%2Fwp%2Fv2%2Fcomments&post=826"}],"version-history":[{"count":3,"href":"http:\/\/freebook.fernglas-astronomie.de\/index.php?rest_route=\/wp\/v2\/pages\/826\/revisions"}],"predecessor-version":[{"id":829,"href":"http:\/\/freebook.fernglas-astronomie.de\/index.php?rest_route=\/wp\/v2\/pages\/826\/revisions\/829"}],"up":[{"embeddable":true,"href":"http:\/\/freebook.fernglas-astronomie.de\/index.php?rest_route=\/wp\/v2\/pages\/812"}],"wp:attachment":[{"href":"http:\/\/freebook.fernglas-astronomie.de\/index.php?rest_route=%2Fwp%2Fv2%2Fmedia&parent=826"}],"curies":[{"name":"wp","href":"https:\/\/api.w.org\/{rel}","templated":true}]}}