{"id":757,"date":"2014-08-25T21:52:04","date_gmt":"2014-08-25T19:52:04","guid":{"rendered":"http:\/\/freebook.fernglas-astronomie.de\/?page_id=757"},"modified":"2014-08-25T21:52:04","modified_gmt":"2014-08-25T19:52:04","slug":"mars","status":"publish","type":"page","link":"http:\/\/freebook.fernglas-astronomie.de\/?page_id=757","title":{"rendered":"Mars"},"content":{"rendered":"<figure id=\"attachment_193\" class=\"wp-caption aligncenter\" style=\"width: 400px;\"><a href=\"http:\/\/freebook.fernglas-astronomie.de\/wp-content\/uploads\/2014\/04\/Mars.jpg\"><img loading=\"lazy\" decoding=\"async\" class=\"size-full wp-image-193\" src=\"http:\/\/freebook.fernglas-astronomie.de\/wp-content\/uploads\/2014\/04\/Mars.jpg\" alt=\"Mars wirkt auch im Teleskop entt\u00e4uschend, im Fernglas ist nur noch seine F\u00e4rbung auff\u00e4llig.\" width=\"400\" height=\"304\" srcset=\"http:\/\/freebook.fernglas-astronomie.de\/wp-content\/uploads\/2014\/04\/Mars.jpg 400w, http:\/\/freebook.fernglas-astronomie.de\/wp-content\/uploads\/2014\/04\/Mars-300x228.jpg 300w\" sizes=\"auto, (max-width: 400px) 100vw, 400px\" \/><\/a><figcaption class=\"wp-caption-text\">Mars is disappointing even in telescopes. Binoculars can only show its red hue.<br \/>\n<\/figcaption><\/figure>\n<p>Even during the best time of observation, Mars remains only a reddish spot in binoculars. Even a good amateur telescope shows only a few lighter and darker regions on our neighboring planet. The impressive images of the planet taken with amateur equipment are the results of several hundreds of images that were combined and then edited on the computer. In the telescope, the structures are very inconspicuous.<\/p>\n","protected":false},"excerpt":{"rendered":"<p>Mars is disappointing even in telescopes. Binoculars can only show its red hue. Even during the best time of observation, Mars remains only a reddish spot in binoculars. Even a good amateur telescope shows only a few lighter and darker regions on our neighboring planet. The impressive images of the planet taken with amateur equipment &hellip; <a href=\"http:\/\/freebook.fernglas-astronomie.de\/?page_id=757\" class=\"more-link\"><span class=\"screen-reader-text\">Mars<\/span> weiterlesen <span class=\"meta-nav\">&rarr;<\/span><\/a><\/p>\n","protected":false},"author":1,"featured_media":0,"parent":748,"menu_order":0,"comment_status":"closed","ping_status":"closed","template":"","meta":{"footnotes":""},"class_list":["post-757","page","type-page","status-publish","hentry"],"_links":{"self":[{"href":"http:\/\/freebook.fernglas-astronomie.de\/index.php?rest_route=\/wp\/v2\/pages\/757","targetHints":{"allow":["GET"]}}],"collection":[{"href":"http:\/\/freebook.fernglas-astronomie.de\/index.php?rest_route=\/wp\/v2\/pages"}],"about":[{"href":"http:\/\/freebook.fernglas-astronomie.de\/index.php?rest_route=\/wp\/v2\/types\/page"}],"author":[{"embeddable":true,"href":"http:\/\/freebook.fernglas-astronomie.de\/index.php?rest_route=\/wp\/v2\/users\/1"}],"replies":[{"embeddable":true,"href":"http:\/\/freebook.fernglas-astronomie.de\/index.php?rest_route=%2Fwp%2Fv2%2Fcomments&post=757"}],"version-history":[{"count":1,"href":"http:\/\/freebook.fernglas-astronomie.de\/index.php?rest_route=\/wp\/v2\/pages\/757\/revisions"}],"predecessor-version":[{"id":758,"href":"http:\/\/freebook.fernglas-astronomie.de\/index.php?rest_route=\/wp\/v2\/pages\/757\/revisions\/758"}],"up":[{"embeddable":true,"href":"http:\/\/freebook.fernglas-astronomie.de\/index.php?rest_route=\/wp\/v2\/pages\/748"}],"wp:attachment":[{"href":"http:\/\/freebook.fernglas-astronomie.de\/index.php?rest_route=%2Fwp%2Fv2%2Fmedia&parent=757"}],"curies":[{"name":"wp","href":"https:\/\/api.w.org\/{rel}","templated":true}]}}