{"id":748,"date":"2014-08-25T21:43:21","date_gmt":"2014-08-25T19:43:21","guid":{"rendered":"http:\/\/freebook.fernglas-astronomie.de\/?page_id=748"},"modified":"2014-08-26T22:07:57","modified_gmt":"2014-08-26T20:07:57","slug":"the-planets","status":"publish","type":"page","link":"http:\/\/freebook.fernglas-astronomie.de\/?page_id=748","title":{"rendered":"The Planets"},"content":{"rendered":"<div class=\"entry-content\">\n<p><a href=\"http:\/\/freebook.fernglas-astronomie.de\/wp-content\/uploads\/2014\/08\/SolarSystem.png\"><img loading=\"lazy\" decoding=\"async\" class=\"aligncenter size-full wp-image-749\" src=\"http:\/\/freebook.fernglas-astronomie.de\/wp-content\/uploads\/2014\/08\/SolarSystem.png\" alt=\"SolarSystem\" width=\"400\" height=\"326\" srcset=\"http:\/\/freebook.fernglas-astronomie.de\/wp-content\/uploads\/2014\/08\/SolarSystem.png 400w, http:\/\/freebook.fernglas-astronomie.de\/wp-content\/uploads\/2014\/08\/SolarSystem-300x244.png 300w\" sizes=\"auto, (max-width: 400px) 100vw, 400px\" \/><\/a><\/p>\n<p><span class=\"Apple-style-span\" style=\"border-collapse: separate; color: #000000; font-family: Arial; font-style: normal; font-variant: normal; font-weight: normal; letter-spacing: normal; line-height: normal; orphans: 2; text-align: auto; text-indent: 0px; text-transform: none; white-space: normal; widows: 2; word-spacing: 0px; -webkit-border-horizontal-spacing: 0px; -webkit-border-vertical-spacing: 0px; -webkit-text-decorations-in-effect: none; -webkit-text-size-adjust: auto; -webkit-text-stroke-width: 0px; font-size: medium;\"><span class=\"Apple-style-span\" style=\"font-size: 15px; text-align: justify;\">The planets of our solar system are ungrateful sights in binoculars. Although they are the closest celestial bodies besides the Moon, they require high magnification. Even today, the classic piece of equipment for them is a long focal length refractor telescope. Binoculars hardly reveal any details, but they can show the planets as small circles which thus differ significantly from the stars. Even large binoculars still struggle with resolving even the most striking surface features.<\/span><\/span><\/p>\n<p><span class=\"Apple-style-span\" style=\"border-collapse: separate; color: #000000; font-family: Arial; font-style: normal; font-variant: normal; font-weight: normal; letter-spacing: normal; line-height: normal; orphans: 2; text-align: auto; text-indent: 0px; text-transform: none; white-space: normal; widows: 2; word-spacing: 0px; -webkit-border-horizontal-spacing: 0px; -webkit-border-vertical-spacing: 0px; -webkit-text-decorations-in-effect: none; -webkit-text-size-adjust: auto; -webkit-text-stroke-width: 0px; font-size: medium;\"><span class=\"Apple-style-span\" style=\"font-size: 15px; text-align: justify; text-indent: 12px;\">If you want to know which planets are visible right now, you can find out by using an astronomical yearbook. Many newspapers also print monthly sky surveys. In addition, you can easily create finder charts on your own with a computer<\/span><\/span>.<\/p>\n<figure id=\"attachment_181\" class=\"wp-caption aligncenter\" style=\"width: 400px;\"><a href=\"http:\/\/freebook.fernglas-astronomie.de\/wp-content\/uploads\/2014\/04\/Vergleich_Visuell_klein.jpg\"><img loading=\"lazy\" decoding=\"async\" class=\"size-full wp-image-181\" src=\"http:\/\/freebook.fernglas-astronomie.de\/wp-content\/uploads\/2014\/04\/Vergleich_Visuell_klein.jpg\" alt=\"Der ma\u00dfst\u00e4bliche Vergleich mit dem Mond zeigt, wie klein die Planeten am Himmel sind. F\u00fcr Venus und Mars ist jeweils der gr\u00f6\u00dfte und kleinste Durchmesser dargestellt, der mit dem Abstand zur Erde schwankt.\" width=\"400\" height=\"442\" srcset=\"http:\/\/freebook.fernglas-astronomie.de\/wp-content\/uploads\/2014\/04\/Vergleich_Visuell_klein.jpg 400w, http:\/\/freebook.fernglas-astronomie.de\/wp-content\/uploads\/2014\/04\/Vergleich_Visuell_klein-271x300.jpg 271w\" sizes=\"auto, (max-width: 400px) 100vw, 400px\" \/><\/a><figcaption class=\"wp-caption-text\">The comparison of moon and planets in the same scale shows how small the planets will appear in an eyepiece. Venus and Mars are shown with their largest and smallest diameter, which depends on their distance from the Earth.<\/figcaption><\/figure>\n<h4>Next:<\/h4>\n<ul>\n<li><a title=\"Mercury\" href=\"http:\/\/freebook.fernglas-astronomie.de\/?page_id=759\">Mercury<\/a><\/li>\n<li><a title=\"Venus\" href=\"http:\/\/freebook.fernglas-astronomie.de\/?page_id=771\">Venus<\/a><\/li>\n<li><a title=\"Mars\" href=\"http:\/\/freebook.fernglas-astronomie.de\/?page_id=757\">Mars<\/a><\/li>\n<li><a title=\"Jupiter\" href=\"http:\/\/freebook.fernglas-astronomie.de\/?page_id=753\">Jupiter<\/a><\/li>\n<li><a title=\"Saturn\" href=\"http:\/\/freebook.fernglas-astronomie.de\/?page_id=767\">Saturn<\/a><\/li>\n<li><a title=\"Uranus\" href=\"http:\/\/freebook.fernglas-astronomie.de\/?page_id=769\">Uranus<\/a><\/li>\n<li><a title=\"Neptune\" href=\"http:\/\/freebook.fernglas-astronomie.de\/?page_id=763\">Neptune<\/a><\/li>\n<li><a title=\"Pluto\" href=\"http:\/\/freebook.fernglas-astronomie.de\/?page_id=765\">Pluto<\/a><\/li>\n<li><a title=\"Asteroids\" href=\"http:\/\/freebook.fernglas-astronomie.de\/?page_id=751\">Asteroids<\/a><\/li>\n<li><a title=\"Meteors\" href=\"http:\/\/freebook.fernglas-astronomie.de\/?page_id=761\">Meteors<\/a><\/li>\n<li><a title=\"Comets\" href=\"http:\/\/freebook.fernglas-astronomie.de\/?page_id=755\">Comets<\/a><\/li>\n<\/ul>\n<\/div>\n","protected":false},"excerpt":{"rendered":"<p>The planets of our solar system are ungrateful sights in binoculars. Although they are the closest celestial bodies besides the Moon, they require high magnification. Even today, the classic piece of equipment for them is a long focal length refractor telescope. Binoculars hardly reveal any details, but they can show the planets as small circles &hellip; <a href=\"http:\/\/freebook.fernglas-astronomie.de\/?page_id=748\" class=\"more-link\"><span class=\"screen-reader-text\">The Planets<\/span> weiterlesen <span class=\"meta-nav\">&rarr;<\/span><\/a><\/p>\n","protected":false},"author":1,"featured_media":0,"parent":0,"menu_order":0,"comment_status":"closed","ping_status":"closed","template":"","meta":{"footnotes":""},"class_list":["post-748","page","type-page","status-publish","hentry"],"_links":{"self":[{"href":"http:\/\/freebook.fernglas-astronomie.de\/index.php?rest_route=\/wp\/v2\/pages\/748","targetHints":{"allow":["GET"]}}],"collection":[{"href":"http:\/\/freebook.fernglas-astronomie.de\/index.php?rest_route=\/wp\/v2\/pages"}],"about":[{"href":"http:\/\/freebook.fernglas-astronomie.de\/index.php?rest_route=\/wp\/v2\/types\/page"}],"author":[{"embeddable":true,"href":"http:\/\/freebook.fernglas-astronomie.de\/index.php?rest_route=\/wp\/v2\/users\/1"}],"replies":[{"embeddable":true,"href":"http:\/\/freebook.fernglas-astronomie.de\/index.php?rest_route=%2Fwp%2Fv2%2Fcomments&post=748"}],"version-history":[{"count":3,"href":"http:\/\/freebook.fernglas-astronomie.de\/index.php?rest_route=\/wp\/v2\/pages\/748\/revisions"}],"predecessor-version":[{"id":1169,"href":"http:\/\/freebook.fernglas-astronomie.de\/index.php?rest_route=\/wp\/v2\/pages\/748\/revisions\/1169"}],"wp:attachment":[{"href":"http:\/\/freebook.fernglas-astronomie.de\/index.php?rest_route=%2Fwp%2Fv2%2Fmedia&parent=748"}],"curies":[{"name":"wp","href":"https:\/\/api.w.org\/{rel}","templated":true}]}}