{"id":721,"date":"2014-08-25T21:05:37","date_gmt":"2014-08-25T19:05:37","guid":{"rendered":"http:\/\/freebook.fernglas-astronomie.de\/?page_id=721"},"modified":"2014-08-25T21:05:37","modified_gmt":"2014-08-25T19:05:37","slug":"auriga","status":"publish","type":"page","link":"http:\/\/freebook.fernglas-astronomie.de\/?page_id=721","title":{"rendered":"Auriga"},"content":{"rendered":"<p>The Charioteer with its 0.2<sup>m<\/sup> bright main star Capella is the first winter constellation that is visible in the course of the year. The star \u03b3 Aurigae is located right on the border of Taurus, where it is referred to as \u03b2 Tauri. Its Arabic name &#8222;El Nath&#8220; means &#8222;Horn of the Bull&#8220;. The stars \u03b5, \u03b7 and \u03b6 form together with Capella a small but pretty group of stars which is visible to the naked eye. The color differences between the stars \u03b7 and \u03b6 Aurigae are remarkable.<\/p>\n<p><strong><em>AE Aurigae<\/em><\/strong> is one of the &#8222;runaway stars&#8220; of the Orion association \u2013 it is moving since 2.6 million years ago at high speed away from its birthplace and forms a pair with \u03bc Columbae, which is taking off in the opposite direction. 53 Arietis and HR 2688 form a similar pair. Why these stars &#8222;flee&#8220; from their birthplace, the Orion Nebula, that fast is still unknown. The 6.0<sup>m<\/sup> bright AE Aurigae is ten times brighter than our Sun, and currently illuminates the <strong><em>&#8222;Flaming Star Nebula&#8220; IC 405<\/em><\/strong>. This nebula is, however, only visible in the telescope. The star just crossed nine light-years wide and 1,500 light-years distant nebula, as you can see on an empty corridor behind the star \u2013 at least in photographs.<\/p>\n<p>Only a dozen of the 60 stars of <strong><em>M 36<\/em><\/strong> are recognizable in binoculars, the rest are blurred to a round shimmer. The 12 arc minutes wide open cluster mainly contains luminous blue stars and stands out well from other Milky Way stars. The 3,800 to 4,100 light-years distant group probably was formed around 20 to 30 millions of years ago, and has a diameter of about 14 light-years.<\/p>\n<p><em><strong>M 37<\/strong><\/em> is the open cluster with the most stars in Auriga, but it can only be resolved in giant binoculars. Then a sparkling field of stars is visible with an orange star in the center. Smaller instruments may show only a patch of light without structure. The 24 arcmin large star cluster is about 4,600 light-years away and thus has a diameter of 25 light-years. There are no more luminous blue stars in this 200 to 300 million year old star cluster; instead it contains several old red giant stars.<\/p>\n<figure id=\"attachment_378\" class=\"wp-caption aligncenter\" style=\"width: 400px;\"><a href=\"http:\/\/freebook.fernglas-astronomie.de\/wp-content\/uploads\/2014\/04\/M37.jpg\"><img loading=\"lazy\" decoding=\"async\" class=\"size-full wp-image-378\" src=\"http:\/\/freebook.fernglas-astronomie.de\/wp-content\/uploads\/2014\/04\/M37.jpg\" alt=\"M37 ist der sternreichste offene Sternhaufen im Fuhrmann, kann aber erst bei etwas h\u00f6herer Vergr\u00f6\u00dferung aufgel\u00f6st werden. \" width=\"400\" height=\"266\" srcset=\"http:\/\/freebook.fernglas-astronomie.de\/wp-content\/uploads\/2014\/04\/M37.jpg 400w, http:\/\/freebook.fernglas-astronomie.de\/wp-content\/uploads\/2014\/04\/M37-300x199.jpg 300w\" sizes=\"auto, (max-width: 400px) 100vw, 400px\" \/><\/a><figcaption class=\"wp-caption-text\">M\u200937 is a very star-rich cluster in Auriga, but you need high magnification to see its individual stars.<\/figcaption><\/figure>\n<p><strong><em>M 38<\/em><\/strong> is the last of the three large open star clusters in Auriga and appears in smaller binoculars only as round, 20 minutes of arc large spot of light with a few embedded stars. But a larger binocular can show you a cross shape in the star cluster. The brightest star of M\u200938 has nine hundred times the solar luminosity, but from 5,700 light-years away, it appears only 7.9<sup>m<\/sup> bright. The 70 million years old star cluster still contains some blue super giants, which will fade over the next few million years.<\/p>\n<p><strong><em>Harrington 4<\/em><\/strong> is a 40 arc-minutes long, narrow asterism from the stars 16 (4.6<sup>m<\/sup>), 17 (6.1<sup>m<\/sup>), 18 (6.5<sup>m<\/sup>), 19 (5.0<sup>m<\/sup>) and IQ Aurigae (5.3<sup>m<\/sup>). The stars form two narrow, closely spaced arches that meet at 16 Aurigae and are at the limit of visibility for the naked eye.<\/p>\n","protected":false},"excerpt":{"rendered":"<p>The Charioteer with its 0.2m bright main star Capella is the first winter constellation that is visible in the course of the year. The star \u03b3 Aurigae is located right on the border of Taurus, where it is referred to as \u03b2 Tauri. Its Arabic name &#8222;El Nath&#8220; means &#8222;Horn of the Bull&#8220;. The stars &hellip; <a href=\"http:\/\/freebook.fernglas-astronomie.de\/?page_id=721\" class=\"more-link\"><span class=\"screen-reader-text\">Auriga<\/span> weiterlesen <span class=\"meta-nav\">&rarr;<\/span><\/a><\/p>\n","protected":false},"author":1,"featured_media":0,"parent":714,"menu_order":0,"comment_status":"closed","ping_status":"closed","template":"","meta":{"footnotes":""},"class_list":["post-721","page","type-page","status-publish","hentry"],"_links":{"self":[{"href":"http:\/\/freebook.fernglas-astronomie.de\/index.php?rest_route=\/wp\/v2\/pages\/721","targetHints":{"allow":["GET"]}}],"collection":[{"href":"http:\/\/freebook.fernglas-astronomie.de\/index.php?rest_route=\/wp\/v2\/pages"}],"about":[{"href":"http:\/\/freebook.fernglas-astronomie.de\/index.php?rest_route=\/wp\/v2\/types\/page"}],"author":[{"embeddable":true,"href":"http:\/\/freebook.fernglas-astronomie.de\/index.php?rest_route=\/wp\/v2\/users\/1"}],"replies":[{"embeddable":true,"href":"http:\/\/freebook.fernglas-astronomie.de\/index.php?rest_route=%2Fwp%2Fv2%2Fcomments&post=721"}],"version-history":[{"count":1,"href":"http:\/\/freebook.fernglas-astronomie.de\/index.php?rest_route=\/wp\/v2\/pages\/721\/revisions"}],"predecessor-version":[{"id":722,"href":"http:\/\/freebook.fernglas-astronomie.de\/index.php?rest_route=\/wp\/v2\/pages\/721\/revisions\/722"}],"up":[{"embeddable":true,"href":"http:\/\/freebook.fernglas-astronomie.de\/index.php?rest_route=\/wp\/v2\/pages\/714"}],"wp:attachment":[{"href":"http:\/\/freebook.fernglas-astronomie.de\/index.php?rest_route=%2Fwp%2Fv2%2Fmedia&parent=721"}],"curies":[{"name":"wp","href":"https:\/\/api.w.org\/{rel}","templated":true}]}}