{"id":64,"date":"2014-04-13T12:40:11","date_gmt":"2014-04-13T10:40:11","guid":{"rendered":"http:\/\/freebook.fernglas-astronomie.de\/?page_id=64"},"modified":"2014-08-25T22:29:33","modified_gmt":"2014-08-25T20:29:33","slug":"beobachtungsplanung","status":"publish","type":"page","link":"http:\/\/freebook.fernglas-astronomie.de\/?page_id=64","title":{"rendered":"Beobachtungsplanung"},"content":{"rendered":"<p>Vor einer Nacht sollten Sie sich orientieren, was \u00fcberhaupt beobachtet werden kann \u2013 welche Sternbilder sind sichtbar und welche Objekte k\u00f6nnen in ihnen beobachtet werden? Dabei kommt es auf die Helligkeit der Objekte und ihre Ausdehnung ebenso an wie auf die Leistungsf\u00e4higkeit ihres Fernglases.<\/p>\n<p>Neben einer drehbaren Sternkarte, die einen schnellen \u00dcberblick \u00fcber den Himmel bietet und zur Orientierung hervorragend geeignet ist, gibt es eine Reihe von Computerprogrammen, die bei der Planung helfen. Erfreulicherweise gibt auch sehr gute Programme als Freeware, die einen f\u00fcr das Fernglas ausreichenden Objektkatalog haben und einfach zu bedienen sind. Bei vielen Programmen ist es auch m\u00f6glich, sich das Gesichtsfeld anzeigen zu lassen, was bei der Orientierung im Fernglas sp\u00e4ter sehr hilfreich ist. Daher ist man nicht auf teure Profiprogramme angewiesen. Sehr zu empfehlen sind <a href=\"http:\/\/www.stellarium.org\/\" target=\"_blank\">Stellarium<\/a> und <a href=\"http:\/\/www.ap-i.net\/skychart\/en\/start\" target=\"_blank\">Cartes du Ciel<\/a>.<\/p>\n<figure id=\"attachment_65\" aria-describedby=\"caption-attachment-65\" style=\"width: 400px\" class=\"wp-caption aligncenter\"><a href=\"http:\/\/freebook.fernglas-astronomie.de\/wp-content\/uploads\/2014\/04\/Sternkarten.jpg\"><img loading=\"lazy\" decoding=\"async\" class=\"size-full wp-image-65\" src=\"http:\/\/freebook.fernglas-astronomie.de\/wp-content\/uploads\/2014\/04\/Sternkarten.jpg\" alt=\"Egal, womit man beobachtet: Eine gute Sternkarte ist f\u00fcr die Orientierung am Himmel notwendig.\" width=\"400\" height=\"245\" srcset=\"http:\/\/freebook.fernglas-astronomie.de\/wp-content\/uploads\/2014\/04\/Sternkarten.jpg 400w, http:\/\/freebook.fernglas-astronomie.de\/wp-content\/uploads\/2014\/04\/Sternkarten-300x183.jpg 300w\" sizes=\"auto, (max-width: 400px) 100vw, 400px\" \/><\/a><figcaption id=\"caption-attachment-65\" class=\"wp-caption-text\">Egal, womit man beobachtet: Eine gute Sternkarte ist f\u00fcr die Orientierung am Himmel notwendig.<\/figcaption><\/figure>\n<p>Literatur wie ein guter Sternatlas hilft ebenfalls bei der Vorbereitung, allerdings gibt es kaum deutschsprachige und speziell f\u00fcr das Fernglas abgestimmte, tiefergehende Beobachtungsliteratur. Sternatlanten gibt es dagegen recht viele. Welchen Sie letztlich bevorzugen oder ob Sie sich lieber gleich einen eigenen am PC erstellen, ist nur eine Geschmacksfrage. Um sich auf den Karten zurechtzufinden, empfiehlt es sich, aus Draht eine Gesichtsfeldschablone herzustellen, die dem Gesichtsfeld ihres Feldstechers entspricht. Alternativ k\u00f6nnen Sie auch auf Transparentfolie einen entsprechenden Kreis zeichnen oder drucken.<\/p>\n<p>Neben Sternkarte und Fernglas sollten Sie au\u00dferdem ein Rotlicht als Leselampe mitnehmen. Im Gegensatz zu einer wei\u00dfen Taschenlampe blendet es nicht und erh\u00e4lt die Dunkeladaption. Daf\u00fcr k\u00f6nnen Sie entweder eine normale Taschenlampe mit roter Folie abkleben, oder Sie kaufen eine spezielle Taschenlampe mit roter LED, wie sie gelegentlich als Schl\u00fcsselanh\u00e4nger verkauft werden.<\/p>\n<p>Nicht zu untersch\u00e4tzen ist die K\u00fchle der Nacht: Auch im Sommer sollte eine Jacke zumindest in Reichweite sein, Getr\u00e4nke und etwas zu Essen sind ebenfalls kein Fehler.<\/p>\n<p style=\"text-align: right;\">Weiter: <a title=\"Die Objektauswahl\" href=\"http:\/\/freebook.fernglas-astronomie.de\/?page_id=67\">Die Objektauswahl<\/a><\/p>\n","protected":false},"excerpt":{"rendered":"<p>Vor einer Nacht sollten Sie sich orientieren, was \u00fcberhaupt beobachtet werden kann \u2013 welche Sternbilder sind sichtbar und welche Objekte k\u00f6nnen in ihnen beobachtet werden? Dabei kommt es auf die Helligkeit der Objekte und ihre Ausdehnung ebenso an wie auf die Leistungsf\u00e4higkeit ihres Fernglases. Neben einer drehbaren Sternkarte, die einen schnellen \u00dcberblick \u00fcber den Himmel &hellip; <a href=\"http:\/\/freebook.fernglas-astronomie.de\/?page_id=64\" class=\"more-link\"><span class=\"screen-reader-text\">Beobachtungsplanung<\/span> weiterlesen <span class=\"meta-nav\">&rarr;<\/span><\/a><\/p>\n","protected":false},"author":1,"featured_media":0,"parent":61,"menu_order":0,"comment_status":"closed","ping_status":"closed","template":"","meta":{"footnotes":""},"class_list":["post-64","page","type-page","status-publish","hentry"],"_links":{"self":[{"href":"http:\/\/freebook.fernglas-astronomie.de\/index.php?rest_route=\/wp\/v2\/pages\/64","targetHints":{"allow":["GET"]}}],"collection":[{"href":"http:\/\/freebook.fernglas-astronomie.de\/index.php?rest_route=\/wp\/v2\/pages"}],"about":[{"href":"http:\/\/freebook.fernglas-astronomie.de\/index.php?rest_route=\/wp\/v2\/types\/page"}],"author":[{"embeddable":true,"href":"http:\/\/freebook.fernglas-astronomie.de\/index.php?rest_route=\/wp\/v2\/users\/1"}],"replies":[{"embeddable":true,"href":"http:\/\/freebook.fernglas-astronomie.de\/index.php?rest_route=%2Fwp%2Fv2%2Fcomments&post=64"}],"version-history":[{"count":4,"href":"http:\/\/freebook.fernglas-astronomie.de\/index.php?rest_route=\/wp\/v2\/pages\/64\/revisions"}],"predecessor-version":[{"id":800,"href":"http:\/\/freebook.fernglas-astronomie.de\/index.php?rest_route=\/wp\/v2\/pages\/64\/revisions\/800"}],"up":[{"embeddable":true,"href":"http:\/\/freebook.fernglas-astronomie.de\/index.php?rest_route=\/wp\/v2\/pages\/61"}],"wp:attachment":[{"href":"http:\/\/freebook.fernglas-astronomie.de\/index.php?rest_route=%2Fwp%2Fv2%2Fmedia&parent=64"}],"curies":[{"name":"wp","href":"https:\/\/api.w.org\/{rel}","templated":true}]}}