{"id":61,"date":"2014-04-13T12:38:51","date_gmt":"2014-04-13T10:38:51","guid":{"rendered":"http:\/\/freebook.fernglas-astronomie.de\/?page_id=61"},"modified":"2014-04-17T10:19:31","modified_gmt":"2014-04-17T08:19:31","slug":"erfolgreiches-beobachten","status":"publish","type":"page","link":"http:\/\/freebook.fernglas-astronomie.de\/?page_id=61","title":{"rendered":"Erfolgreiches Beobachten"},"content":{"rendered":"<p>Wenn es zum ersten Mal seit langem wieder eine klare Nacht gibt, ist die Verlockung gro\u00df, sich einfach Fernglas oder Teleskop zu schnappen, eventuell noch eine Sternkarte mitzunehmen, und einfach so mit der Beobachtung zu beginnen. Die Freude wird jedoch nicht lange w\u00e4hren, da man sich dann erfahrungsgem\u00e4\u00df auf die bereits bekannten Standardobjekte beschr\u00e4nken und nichts neues entdecken wird. Daher ist ein wenig Vorbereitung sinnvoll, auch wenn man nur \u201espazierensehen\u201c will.<\/p>\n<p>Langfristige Beobachtungspl\u00e4ne sind ebenfalls hilfreich, um die Motivation zu erhalten \u2013 egal, ob Sie m\u00f6glichst viele Messier-Objekte beobachten wollen oder lieber die Helligkeiten ver\u00e4nderlicher Sterne sch\u00e4tzen und so gleich noch einen kleinen Beitrag zur Wissenschaft leisten. Au\u00dferdem wirken viele visuell eher unspektakul\u00e4re Objekte eindrucksvoller, wenn man wei\u00df, was man eigentlich vor der Linse hat.<\/p>\n<p>weiter zu:<\/p>\n<ul>\n<li><a title=\"Beobachtungsplanung\" href=\"http:\/\/freebook.fernglas-astronomie.de\/?page_id=64\">Beobachtungsplanung<\/a><\/li>\n<li><a title=\"Die Objektauswahl\" href=\"http:\/\/freebook.fernglas-astronomie.de\/?page_id=67\">Die Objektauswahl<\/a><\/li>\n<li><a title=\"Richtiges Beobachten\" href=\"http:\/\/freebook.fernglas-astronomie.de\/?page_id=73\">Richtiges Beobachten<\/a><\/li>\n<\/ul>\n","protected":false},"excerpt":{"rendered":"<p>Wenn es zum ersten Mal seit langem wieder eine klare Nacht gibt, ist die Verlockung gro\u00df, sich einfach Fernglas oder Teleskop zu schnappen, eventuell noch eine Sternkarte mitzunehmen, und einfach so mit der Beobachtung zu beginnen. Die Freude wird jedoch nicht lange w\u00e4hren, da man sich dann erfahrungsgem\u00e4\u00df auf die bereits bekannten Standardobjekte beschr\u00e4nken und &hellip; <a href=\"http:\/\/freebook.fernglas-astronomie.de\/?page_id=61\" class=\"more-link\"><span class=\"screen-reader-text\">Erfolgreiches Beobachten<\/span> weiterlesen <span class=\"meta-nav\">&rarr;<\/span><\/a><\/p>\n","protected":false},"author":1,"featured_media":0,"parent":0,"menu_order":0,"comment_status":"closed","ping_status":"closed","template":"","meta":{"footnotes":""},"class_list":["post-61","page","type-page","status-publish","hentry"],"_links":{"self":[{"href":"http:\/\/freebook.fernglas-astronomie.de\/index.php?rest_route=\/wp\/v2\/pages\/61","targetHints":{"allow":["GET"]}}],"collection":[{"href":"http:\/\/freebook.fernglas-astronomie.de\/index.php?rest_route=\/wp\/v2\/pages"}],"about":[{"href":"http:\/\/freebook.fernglas-astronomie.de\/index.php?rest_route=\/wp\/v2\/types\/page"}],"author":[{"embeddable":true,"href":"http:\/\/freebook.fernglas-astronomie.de\/index.php?rest_route=\/wp\/v2\/users\/1"}],"replies":[{"embeddable":true,"href":"http:\/\/freebook.fernglas-astronomie.de\/index.php?rest_route=%2Fwp%2Fv2%2Fcomments&post=61"}],"version-history":[{"count":2,"href":"http:\/\/freebook.fernglas-astronomie.de\/index.php?rest_route=\/wp\/v2\/pages\/61\/revisions"}],"predecessor-version":[{"id":485,"href":"http:\/\/freebook.fernglas-astronomie.de\/index.php?rest_route=\/wp\/v2\/pages\/61\/revisions\/485"}],"wp:attachment":[{"href":"http:\/\/freebook.fernglas-astronomie.de\/index.php?rest_route=%2Fwp%2Fv2%2Fmedia&parent=61"}],"curies":[{"name":"wp","href":"https:\/\/api.w.org\/{rel}","templated":true}]}}