{"id":494,"date":"2014-04-13T17:38:17","date_gmt":"2014-04-13T15:38:17","guid":{"rendered":"http:\/\/freebook.fernglas-astronomie.de\/?page_id=494"},"modified":"2014-04-17T10:21:52","modified_gmt":"2014-04-17T08:21:52","slug":"a-alpen-und-alpental","status":"publish","type":"page","link":"http:\/\/freebook.fernglas-astronomie.de\/?page_id=494","title":{"rendered":"a) Alpen und Alpental"},"content":{"rendered":"<p>Die h\u00f6chsten Gipfel der Mondalpen erheben sich 4200 m hoch, die mittlere H\u00f6he der Gipfel betr\u00e4gt 2400\u00a0m. Durch den markanten Krater Plato l\u00e4sst sich dieses etwa 500 km lange Gebirge leicht identifizieren. Das 130 km lange und 10 km breite Alpental unterteilt den Gebirgszug in zwei unterschiedliche Gebiete. Der westliche Teil der Alpen ist ein ausgedehntes Gebiet mit vielen einzelnen Gebirgsgipfeln, w\u00e4hrend eine Bergkette den Osten dominiert.<\/p>\n","protected":false},"excerpt":{"rendered":"<p>Die h\u00f6chsten Gipfel der Mondalpen erheben sich 4200 m hoch, die mittlere H\u00f6he der Gipfel betr\u00e4gt 2400\u00a0m. Durch den markanten Krater Plato l\u00e4sst sich dieses etwa 500 km lange Gebirge leicht identifizieren. Das 130 km lange und 10 km breite Alpental unterteilt den Gebirgszug in zwei unterschiedliche Gebiete. Der westliche Teil der Alpen ist ein &hellip; <a href=\"http:\/\/freebook.fernglas-astronomie.de\/?page_id=494\" class=\"more-link\"><span class=\"screen-reader-text\">a) Alpen und Alpental<\/span> weiterlesen <span class=\"meta-nav\">&rarr;<\/span><\/a><\/p>\n","protected":false},"author":1,"featured_media":0,"parent":492,"menu_order":0,"comment_status":"closed","ping_status":"closed","template":"","meta":{"footnotes":""},"class_list":["post-494","page","type-page","status-publish","hentry"],"_links":{"self":[{"href":"http:\/\/freebook.fernglas-astronomie.de\/index.php?rest_route=\/wp\/v2\/pages\/494","targetHints":{"allow":["GET"]}}],"collection":[{"href":"http:\/\/freebook.fernglas-astronomie.de\/index.php?rest_route=\/wp\/v2\/pages"}],"about":[{"href":"http:\/\/freebook.fernglas-astronomie.de\/index.php?rest_route=\/wp\/v2\/types\/page"}],"author":[{"embeddable":true,"href":"http:\/\/freebook.fernglas-astronomie.de\/index.php?rest_route=\/wp\/v2\/users\/1"}],"replies":[{"embeddable":true,"href":"http:\/\/freebook.fernglas-astronomie.de\/index.php?rest_route=%2Fwp%2Fv2%2Fcomments&post=494"}],"version-history":[{"count":1,"href":"http:\/\/freebook.fernglas-astronomie.de\/index.php?rest_route=\/wp\/v2\/pages\/494\/revisions"}],"predecessor-version":[{"id":495,"href":"http:\/\/freebook.fernglas-astronomie.de\/index.php?rest_route=\/wp\/v2\/pages\/494\/revisions\/495"}],"up":[{"embeddable":true,"href":"http:\/\/freebook.fernglas-astronomie.de\/index.php?rest_route=\/wp\/v2\/pages\/492"}],"wp:attachment":[{"href":"http:\/\/freebook.fernglas-astronomie.de\/index.php?rest_route=%2Fwp%2Fv2%2Fmedia&parent=494"}],"curies":[{"name":"wp","href":"https:\/\/api.w.org\/{rel}","templated":true}]}}