{"id":423,"date":"2014-04-13T16:56:55","date_gmt":"2014-04-13T14:56:55","guid":{"rendered":"http:\/\/freebook.fernglas-astronomie.de\/?page_id=423"},"modified":"2014-04-17T10:21:30","modified_gmt":"2014-04-17T08:21:30","slug":"sternkarten-und-atlanten","status":"publish","type":"page","link":"http:\/\/freebook.fernglas-astronomie.de\/?page_id=423","title":{"rendered":"Sternkarten und Atlanten"},"content":{"rendered":"<p><em>Hermann-Michael Hahn: <strong>Drehbare Sternkarte<\/strong> (Kosmos, Stuttgart)<\/em><br \/>\nFast unentbehrliches Hilfsmittel f\u00fcr die Orientierung am Himmel, in verschiedenen Ausf\u00fchrungen erh\u00e4ltlich.<\/p>\n<p><em>Alexander Kerste: <strong>Das Kosmos Sternkarten-Set<\/strong> (Frankh-Kosmos, Stuttgart 2005)<\/em><br \/>\nSet aus zw\u00f6lf Monatssternkarten mit Beschreibung des Himmels und ausgew\u00e4hlter Sternbilder, ideal, um den Himmel kennenzulernen. (Deutsch)<\/p>\n<p><em>Jean Lacroux, Christian Legrand: <strong>Der Kosmos Mondf\u00fchrer<\/strong> (Frankh-Kosmos, Stuttgart 2000)<\/em><br \/>\nSehr sch\u00f6nes Buch \u00fcber die Mondbeobachtung, mit Karten und Tipps f\u00fcr jeden Tag. (Deutsch)<\/p>\n<p><em>Storm Dunlop, Anton\u00edn R\u00fckl, Wil Tirion: <strong>Der Kosmos-Atlas Sterne und Planeten<\/strong> (Frankh-Kosmos, Stuttgart 2005)<\/em><br \/>\nVollst\u00e4ndiger Himmelsatlas vor allem f\u00fcr Teleskopbesitzer, enth\u00e4lt auch einen Mondatlas und die Planetenpositionen bis 2015. (Deutsch)<\/p>\n<p><em>Ian Ridpath, Wil Tirion: <strong>Der gro\u00dfe Kosmos Himmelsf\u00fchrer<\/strong> (Frankh, Stuttgart 1987)<\/em><br \/>\nEin kompaktes Buch, das jedes Sternbild vorstellt und eine gute Einf\u00fchrung in die Astronomie gibt. (Deutsch)<\/p>\n<p><strong>Weiterf\u00fchrende Literatur \u00fcber Ferngl\u00e4ser und Beobachtungsziele<\/strong><\/p>\n<p><em>Philip S. Harrington: <strong>Touring the Universe through Binoculars<\/strong> (John Wiley &amp; Sons, New York, 1990)<\/em><br \/>\nWohl das umfangreichste Buch, das jemals \u00fcber Astronomie mit dem Fernglas geschrieben wurde. Enth\u00e4lt hunderte von Objekten, die am Nord- und S\u00fcdhimmel beobachtet werden k\u00f6nnen, aber leider keine Sternkarten. (Englisch)<\/p>\n<p><em>Craig Crossen, Wil Tirion: <strong>Binocular Astronomy<\/strong> (Willmann-Bell, Richmond, 1991)<\/em><br \/>\nUmfangreiches Buch mit weniger Objekten als das Buch von Harrington, enth\u00e4lt Wil Tirions The Bright Star Atlas. (Englisch)<\/p>\n<p><em>Robert Burnham, jr.: <strong>Burnham&#8217;s Celestial Handbook<\/strong> (Dover Publications, New York 1978)<\/em><br \/>\nSehr umfangreiches, dreib\u00e4ndiges Werk. Zielt eigentlich auf kleinere Teleskope, bietet aber sehr viel Hintergrundinformationen zu den sichtbaren Objekten. Leider sind die Daten mittlerweile teilweise veraltet. (Englisch)<\/p>\n<p><em>Craig Crossen, Gerald Rhemann: <strong>Sky Vistas<\/strong> (Springer, Wien 2004)<\/em><br \/>\nReich bebildertes Buch \u00fcber Objekte f\u00fcr Ferngl\u00e4ser und Rich-Field-Teleskope, \u00e4hnelt Craig Crossens Binocular Astronomy, ist aber umfangreicher und gibt Einblicke in die Struktur unserer Galaxis. (Englisch)<\/p>\n<p><em>Rudolf Brandt, Bernd M\u00fcller, Eberhard Splittgerber: <strong>Himmelsbeobachtungen mit dem Fernglas<\/strong> (Harri Deutsch, Thun 1984)<\/em><br \/>\nRecht theoretisch aufgebautes Buch mit viel Hintergrundwissen \u00fcber Optik. Lesenswert, zielt aber weniger auf Beobachter. Leicht veraltet, aber immer noch lesenswert. (Deutsch)<\/p>\n<p><em>Heinz-Joachim Kl\u00f6tzler: <strong>Das Astro-Teleskop f\u00fcr Einsteiger<\/strong> (Kosmos, Stuttgart 2000)<\/em><br \/>\nWenn es doch ein Teleskop werden soll, gibt dieses Buch wertvolle Tipps zur Kaufentscheidung.<\/p>\n","protected":false},"excerpt":{"rendered":"<p>Hermann-Michael Hahn: Drehbare Sternkarte (Kosmos, Stuttgart) Fast unentbehrliches Hilfsmittel f\u00fcr die Orientierung am Himmel, in verschiedenen Ausf\u00fchrungen erh\u00e4ltlich. Alexander Kerste: Das Kosmos Sternkarten-Set (Frankh-Kosmos, Stuttgart 2005) Set aus zw\u00f6lf Monatssternkarten mit Beschreibung des Himmels und ausgew\u00e4hlter Sternbilder, ideal, um den Himmel kennenzulernen. (Deutsch) Jean Lacroux, Christian Legrand: Der Kosmos Mondf\u00fchrer (Frankh-Kosmos, Stuttgart 2000) Sehr sch\u00f6nes &hellip; <a href=\"http:\/\/freebook.fernglas-astronomie.de\/?page_id=423\" class=\"more-link\"><span class=\"screen-reader-text\">Sternkarten und Atlanten<\/span> weiterlesen <span class=\"meta-nav\">&rarr;<\/span><\/a><\/p>\n","protected":false},"author":1,"featured_media":0,"parent":420,"menu_order":0,"comment_status":"closed","ping_status":"closed","template":"","meta":{"footnotes":""},"class_list":["post-423","page","type-page","status-publish","hentry"],"_links":{"self":[{"href":"http:\/\/freebook.fernglas-astronomie.de\/index.php?rest_route=\/wp\/v2\/pages\/423","targetHints":{"allow":["GET"]}}],"collection":[{"href":"http:\/\/freebook.fernglas-astronomie.de\/index.php?rest_route=\/wp\/v2\/pages"}],"about":[{"href":"http:\/\/freebook.fernglas-astronomie.de\/index.php?rest_route=\/wp\/v2\/types\/page"}],"author":[{"embeddable":true,"href":"http:\/\/freebook.fernglas-astronomie.de\/index.php?rest_route=\/wp\/v2\/users\/1"}],"replies":[{"embeddable":true,"href":"http:\/\/freebook.fernglas-astronomie.de\/index.php?rest_route=%2Fwp%2Fv2%2Fcomments&post=423"}],"version-history":[{"count":1,"href":"http:\/\/freebook.fernglas-astronomie.de\/index.php?rest_route=\/wp\/v2\/pages\/423\/revisions"}],"predecessor-version":[{"id":424,"href":"http:\/\/freebook.fernglas-astronomie.de\/index.php?rest_route=\/wp\/v2\/pages\/423\/revisions\/424"}],"up":[{"embeddable":true,"href":"http:\/\/freebook.fernglas-astronomie.de\/index.php?rest_route=\/wp\/v2\/pages\/420"}],"wp:attachment":[{"href":"http:\/\/freebook.fernglas-astronomie.de\/index.php?rest_route=%2Fwp%2Fv2%2Fmedia&parent=423"}],"curies":[{"name":"wp","href":"https:\/\/api.w.org\/{rel}","templated":true}]}}