{"id":409,"date":"2014-04-13T16:40:42","date_gmt":"2014-04-13T14:40:42","guid":{"rendered":"http:\/\/freebook.fernglas-astronomie.de\/?page_id=409"},"modified":"2014-04-17T10:15:08","modified_gmt":"2014-04-17T08:15:08","slug":"giraffe","status":"publish","type":"page","link":"http:\/\/freebook.fernglas-astronomie.de\/?page_id=409","title":{"rendered":"Giraffe"},"content":{"rendered":"<p>Die Giraffe ist ein unscheinbares und fast v\u00f6llig unbekanntes Sternbild, das Anfang des 17. Jahrhunderts eingef\u00fchrt wurde. Die lateinische Bezeichnung Camelopardalis setzt sich aus Kamel und Leopard zusammen. Obwohl der hellste Stern der Giraffe nur 4,3<sup>m<\/sup> hell leuchtet, enth\u00e4lt das Sternbild einige interessante Deep-Sky-Objekte.<\/p>\n<p>Der 6,9<sup>m<\/sup> helle <strong><em>NGC 1502<\/em><\/strong> ist nicht leicht zu finden, da es in seiner Umgebung nur wenige hellere Sterne zur Orientierung gibt. Der lediglich acht Bogenminuten gro\u00dfe offene Sternhaufen zeigt in einem kleineren Fernglas vier Sterne achter Gr\u00f6\u00dfe, die \u00fcbrigen Sterne verschwimmen zu einem Schimmern. Erst im Gro\u00dffernglas wirkt er beeindruckender. 3750 Lichtjahre trennen uns von dieser kleinen Gruppe, die unter sehr guten Sichtbedingungen sogar schon mit blo\u00dfem Auge als kleiner Lichtfleck gesehen werden kann.<\/p>\n<p><strong><em>NGC 2403<\/em><\/strong> ist eine 10 Millionen Lichtjahre entfernte Balkenspiralgalaxie, die zu der selben Galaxiengruppe geh\u00f6rt wie das Galaxienpaar M81 und M82 im Gro\u00dfen B\u00e4ren. Von M81 und M82 trennen sie nur drei Millionen Lichtjahre. Bereits im 10\u2009\u00d7\u200950 k\u00f6nnen Sie sie als 8,4<sup>m<\/sup> hellen, l\u00e4nglichen Lichtfleck f\u00fcnf Grad n\u00f6rdlich von \u03bf Ursae Majoris finden. Mit 12\u2009\u00d7\u200923 Bogenminuten ist NGC 2403 recht gro\u00df und hat eine niedrige Oberfl\u00e4chenhelligkeit \u2013 indirektes Sehen erleichtert daher die Beobachtung. Sie ist etwa halb so leuchtstark wie unsere eigene Milchstra\u00dfe. NGC 2403 ist eine recht junge Galaxie, die noch viele Gasnebel und leuchtstarke junge Sterne enth\u00e4lt. Sie war 1960 die erste Galaxie au\u00dferhalb der Lokalen Gruppe, in der einzelne Cepheiden beobachtet werden konnten, was eine Entfernungsbestimmung erm\u00f6glichte.<\/p>\n<p>Obwohl <strong><em>Collinder 464<\/em><\/strong> ein sehr lockerer offener Sternhaufen ist, hebt sich die ann\u00e4hernd rechteckige Gruppe gut von dem sternarmen Hintergrund ab. Er ist 1\u2009\u00d7\u20092 Grad gro\u00df und enth\u00e4lt etwa 50 Sterne, seine hellsten Mitglieder sind bereits f\u00fcr das blo\u00dfe Auge sichtbar. Bislang ist unklar, ob es sich wirklich um einen offenen Sternhaufen handelt oder nur um eine sternreichere Region der Milchstra\u00dfe.<\/p>\n<p><strong><em>Stock 23<\/em><\/strong> ist ein lockerer offener Sternhaufen nahe der Ebene der Milchstra\u00dfe. Etwa sechs seiner 25 helleren Sterne sollten ohne Probleme aufzul\u00f6sen sein. Sie finden ihn am einfachsten, wenn Sie von Algol (\u03b1 Persei) 10 Grad nach Nordwesten schwenken. Der Sternhaufen befindet sich am Ende einer etwa 2,5 Grad langen Kette aus Sternen achter Gr\u00f6\u00dfe, die auch als Kemble&#8217;s Cascade bekannt ist. Sie wurde von Walter Scott Houston nach dem kanadischen Amateurastronomen Lucien J. Kemble benannt.<\/p>\n<p><strong><em>Harrington 3<\/em><\/strong> ist eine fast gerade Kette aus Sternen zwischen 7 und 8m mit einem 5,0<sup>m<\/sup> hellen Stern in der Mitte. Sie endet bei NGC 1502 und erstreckt sich \u00fcber mehr als zwei Grad von Nordwesten nach S\u00fcdosten. Es handelt sich dabei um einen Asterismus, also eine zuf\u00e4llige Anordnung von Sternen.<\/p>\n","protected":false},"excerpt":{"rendered":"<p>Die Giraffe ist ein unscheinbares und fast v\u00f6llig unbekanntes Sternbild, das Anfang des 17. Jahrhunderts eingef\u00fchrt wurde. Die lateinische Bezeichnung Camelopardalis setzt sich aus Kamel und Leopard zusammen. Obwohl der hellste Stern der Giraffe nur 4,3m hell leuchtet, enth\u00e4lt das Sternbild einige interessante Deep-Sky-Objekte. Der 6,9m helle NGC 1502 ist nicht leicht zu finden, da &hellip; <a href=\"http:\/\/freebook.fernglas-astronomie.de\/?page_id=409\" class=\"more-link\"><span class=\"screen-reader-text\">Giraffe<\/span> weiterlesen <span class=\"meta-nav\">&rarr;<\/span><\/a><\/p>\n","protected":false},"author":1,"featured_media":0,"parent":399,"menu_order":0,"comment_status":"closed","ping_status":"closed","template":"","meta":{"footnotes":""},"class_list":["post-409","page","type-page","status-publish","hentry"],"_links":{"self":[{"href":"http:\/\/freebook.fernglas-astronomie.de\/index.php?rest_route=\/wp\/v2\/pages\/409","targetHints":{"allow":["GET"]}}],"collection":[{"href":"http:\/\/freebook.fernglas-astronomie.de\/index.php?rest_route=\/wp\/v2\/pages"}],"about":[{"href":"http:\/\/freebook.fernglas-astronomie.de\/index.php?rest_route=\/wp\/v2\/types\/page"}],"author":[{"embeddable":true,"href":"http:\/\/freebook.fernglas-astronomie.de\/index.php?rest_route=\/wp\/v2\/users\/1"}],"replies":[{"embeddable":true,"href":"http:\/\/freebook.fernglas-astronomie.de\/index.php?rest_route=%2Fwp%2Fv2%2Fcomments&post=409"}],"version-history":[{"count":1,"href":"http:\/\/freebook.fernglas-astronomie.de\/index.php?rest_route=\/wp\/v2\/pages\/409\/revisions"}],"predecessor-version":[{"id":410,"href":"http:\/\/freebook.fernglas-astronomie.de\/index.php?rest_route=\/wp\/v2\/pages\/409\/revisions\/410"}],"up":[{"embeddable":true,"href":"http:\/\/freebook.fernglas-astronomie.de\/index.php?rest_route=\/wp\/v2\/pages\/399"}],"wp:attachment":[{"href":"http:\/\/freebook.fernglas-astronomie.de\/index.php?rest_route=%2Fwp%2Fv2%2Fmedia&parent=409"}],"curies":[{"name":"wp","href":"https:\/\/api.w.org\/{rel}","templated":true}]}}