{"id":402,"date":"2014-04-13T16:33:32","date_gmt":"2014-04-13T14:33:32","guid":{"rendered":"http:\/\/freebook.fernglas-astronomie.de\/?page_id=402"},"modified":"2014-04-17T10:14:53","modified_gmt":"2014-04-17T08:14:53","slug":"cassiopeia","status":"publish","type":"page","link":"http:\/\/freebook.fernglas-astronomie.de\/?page_id=402","title":{"rendered":"Cassiopeia"},"content":{"rendered":"<p>Das auff\u00e4llige W oder M der Cassiopeia liegt vollst\u00e4ndig in der Milchstra\u00dfe und ist f\u00fcr seine offenen Sternhaufen bekannt. In der N\u00e4he von \u03ba Cassiopeiae entdeckte Tycho Brahe 1572 eine Supernova, die er 16 Monate lang studierte, bevor sie f\u00fcr das blo\u00dfe Auge zu dunkel wurde.<\/p>\n<p><em><strong>\u03b3 Cassiopeiae<\/strong><\/em> ist der Namensgeber einer ganzen Klasse von ver\u00e4nderlichen Sternen, die auch als H\u00fcllensterne bezeichnet werden. Diese blauen Riesensterne rotieren so schnell, dass sie immer wieder Teile ihrer H\u00fclle verlieren, was zu unvorhersagbaren Helligkeitsschwankungen f\u00fchrt. Der 613 Lichtjahre entfernte Stern erscheint daher zwischen 1,6 und 3,0<sup>m<\/sup> hell.<\/p>\n<p><strong><em>M52<\/em><\/strong> geh\u00f6rt mit fast 200 Sternen zu den reichsten offenen Sternhaufen. Im Fernglas kann aber nur ein Teil seiner Sterne aufgel\u00f6st werden, der Rest verschwimmt zu einem 13 Bogenminuten gro\u00dfen Schimmern. Die 3900 Lichtjahre entfernte Gruppe hat einen Durchmesser von 14 Lichtjahren, in ihrem Zentrum dr\u00e4ngen sich etwa 50 Sterne pro Kubikparsek. Ihr Alter liegt bei 50 bis 150 Millionen Jahre.<\/p>\n<p>Der <strong><em>Eulensternhaufen NGC 457<\/em><\/strong> befindet sich direkt nordwestlich des 5,0<sup>m<\/sup> hellen \u03c6\u00a0Cassiopeiae. Der 13 Bogenminuten gro\u00dfe Sternhaufen enth\u00e4lt zwei Sternb\u00f6gen, die leicht aufgel\u00f6st werden k\u00f6nnen. Der hellste Stern ist immerhin 8,6<sup>m<\/sup> hell. 9300 Lichtjahre trennen uns von dieser Gruppe, die im benachbarten Perseus-Arm unserer Milchstra\u00dfe liegt. NGC\u202f457 entstand vor etwa 25 Millionen Jahren. \u03c6 Cassiopeiae ist ein nur 2300 Lichtjahre entfernter Vordergrundstern, der 4400 mal heller strahlt als unsere Sonne. Ein weiterer Stern siebter Gr\u00f6\u00dfe geh\u00f6rt ebenfalls nur scheinbar zu dem Sternhaufen.<\/p>\n<figure id=\"attachment_403\" aria-describedby=\"caption-attachment-403\" style=\"width: 400px\" class=\"wp-caption aligncenter\"><a href=\"http:\/\/freebook.fernglas-astronomie.de\/wp-content\/uploads\/2014\/04\/NGC_457.jpg\"><img loading=\"lazy\" decoding=\"async\" class=\"size-full wp-image-403\" alt=\"NGC 457 in der Cassiopeia tr\u00e4gt auch den h\u00fcbschen Beinamen  Eulensternhaufen.\" src=\"http:\/\/freebook.fernglas-astronomie.de\/wp-content\/uploads\/2014\/04\/NGC_457.jpg\" width=\"400\" height=\"266\" srcset=\"http:\/\/freebook.fernglas-astronomie.de\/wp-content\/uploads\/2014\/04\/NGC_457.jpg 400w, http:\/\/freebook.fernglas-astronomie.de\/wp-content\/uploads\/2014\/04\/NGC_457-300x199.jpg 300w\" sizes=\"auto, (max-width: 400px) 100vw, 400px\" \/><\/a><figcaption id=\"caption-attachment-403\" class=\"wp-caption-text\">NGC 457 in der Cassiopeia tr\u00e4gt auch den h\u00fcbschen Beinamen<br \/>Eulensternhaufen.<\/figcaption><\/figure>\n<p>Der offene Sternhaufen <em><strong>NGC 663<\/strong><\/em> zerf\u00e4llt bereits im Fernglas in mehrere kleinere Sterngruppen. Allerdings erreichen die hellsten seiner 80 Sterne nur neunte Gr\u00f6\u00dfe, sodass der 16 Bogenminuten gro\u00dfe Sternhaufen einen dunklen Himmel voraussetzt. Ansonsten werden Sie bestenfalls einen kleinen Nebelfleck beobachten k\u00f6nnen. NGC 663 befindet sich etwa ein Grad s\u00fcd\u00f6stlich der Mitte der Verbindungslinie zwischen \u03b5 und \u03b4 Cassiopeiae, 23 Bogenminuten s\u00fcd\u00f6stlich eines 6,3<sup>m<\/sup> hellen Sterns.<\/p>\n<p><strong><em>Stock 2<\/em><\/strong> ist auch als <em><strong>Muscle Man Cluster<\/strong><\/em> bekannt und w\u00fcrde sicher h\u00e4ufiger beobachtet, wenn er nicht in der N\u00e4he des pr\u00e4chtigen Paars h und \u03c7 Persei im benachbarten Sternbild Perseus st\u00fcnde, die die Blicke auf sich ziehen. Bereits bei niedriger Vergr\u00f6\u00dferung kann man viele der 50 Sterne aufl\u00f6sen, die den ein Grad gro\u00dfen offenen Sternhaufen bilden. Die \u00fcbrigen Sterne verschwimmen zu einem Schimmern, das den Hintergrund ausf\u00fcllt. Bei einer Entfernung von nur 1050 Lichtjahren betr\u00e4gt sein Durchmesser 18 Lichtjahre. Mit einem Alter von 170 Millionen Jahren geh\u00f6rt er zu den etwas \u00e4lteren Sternhaufen.<\/p>\n","protected":false},"excerpt":{"rendered":"<p>Das auff\u00e4llige W oder M der Cassiopeia liegt vollst\u00e4ndig in der Milchstra\u00dfe und ist f\u00fcr seine offenen Sternhaufen bekannt. In der N\u00e4he von \u03ba Cassiopeiae entdeckte Tycho Brahe 1572 eine Supernova, die er 16 Monate lang studierte, bevor sie f\u00fcr das blo\u00dfe Auge zu dunkel wurde. \u03b3 Cassiopeiae ist der Namensgeber einer ganzen Klasse von &hellip; <a href=\"http:\/\/freebook.fernglas-astronomie.de\/?page_id=402\" class=\"more-link\"><span class=\"screen-reader-text\">Cassiopeia<\/span> weiterlesen <span class=\"meta-nav\">&rarr;<\/span><\/a><\/p>\n","protected":false},"author":1,"featured_media":0,"parent":399,"menu_order":0,"comment_status":"closed","ping_status":"closed","template":"","meta":{"footnotes":""},"class_list":["post-402","page","type-page","status-publish","hentry"],"_links":{"self":[{"href":"http:\/\/freebook.fernglas-astronomie.de\/index.php?rest_route=\/wp\/v2\/pages\/402","targetHints":{"allow":["GET"]}}],"collection":[{"href":"http:\/\/freebook.fernglas-astronomie.de\/index.php?rest_route=\/wp\/v2\/pages"}],"about":[{"href":"http:\/\/freebook.fernglas-astronomie.de\/index.php?rest_route=\/wp\/v2\/types\/page"}],"author":[{"embeddable":true,"href":"http:\/\/freebook.fernglas-astronomie.de\/index.php?rest_route=\/wp\/v2\/users\/1"}],"replies":[{"embeddable":true,"href":"http:\/\/freebook.fernglas-astronomie.de\/index.php?rest_route=%2Fwp%2Fv2%2Fcomments&post=402"}],"version-history":[{"count":1,"href":"http:\/\/freebook.fernglas-astronomie.de\/index.php?rest_route=\/wp\/v2\/pages\/402\/revisions"}],"predecessor-version":[{"id":404,"href":"http:\/\/freebook.fernglas-astronomie.de\/index.php?rest_route=\/wp\/v2\/pages\/402\/revisions\/404"}],"up":[{"embeddable":true,"href":"http:\/\/freebook.fernglas-astronomie.de\/index.php?rest_route=\/wp\/v2\/pages\/399"}],"wp:attachment":[{"href":"http:\/\/freebook.fernglas-astronomie.de\/index.php?rest_route=%2Fwp%2Fv2%2Fmedia&parent=402"}],"curies":[{"name":"wp","href":"https:\/\/api.w.org\/{rel}","templated":true}]}}