{"id":384,"date":"2014-04-13T16:10:24","date_gmt":"2014-04-13T14:10:24","guid":{"rendered":"http:\/\/freebook.fernglas-astronomie.de\/?page_id=384"},"modified":"2014-04-17T10:17:26","modified_gmt":"2014-04-17T08:17:26","slug":"kleiner-hund","status":"publish","type":"page","link":"http:\/\/freebook.fernglas-astronomie.de\/?page_id=384","title":{"rendered":"Kleiner Hund"},"content":{"rendered":"<p>Ohne den hellen Hauptstern Procyon w\u00e4re der kleine Hund ein sehr unauff\u00e4lliges Sternbild. Der zweithellste Stern des Sternbildes ist nur 2,9<sup>m<\/sup> hell, sodass der Kleine Hund am sternreichen Winterhimmel nur schwer zu erkennen ist.<\/p>\n<p>Procyon oder \u03b1 Canis Minoris geh\u00f6rt mit 0,38<sup>m<\/sup> zu den hellsten Sternen an unserem Himmel. Bei einer Entfernung von 11,3 Lichtjahren ist er der f\u00fcnftn\u00e4chste Stern, der f\u00fcr das blo\u00dfe Auge sichtbar ist, w\u00e4hrend Sirius der f\u00fcnftn\u00e4chste Stern \u00fcberhaupt ist. Genau wie Sirius wird auch Procyon von einem wei\u00dfen Zwerg umkreist, der aber auch im Teleskop meist unsichtbar bleibt.<\/p>\n","protected":false},"excerpt":{"rendered":"<p>Ohne den hellen Hauptstern Procyon w\u00e4re der kleine Hund ein sehr unauff\u00e4lliges Sternbild. Der zweithellste Stern des Sternbildes ist nur 2,9m hell, sodass der Kleine Hund am sternreichen Winterhimmel nur schwer zu erkennen ist. Procyon oder \u03b1 Canis Minoris geh\u00f6rt mit 0,38m zu den hellsten Sternen an unserem Himmel. Bei einer Entfernung von 11,3 Lichtjahren &hellip; <a href=\"http:\/\/freebook.fernglas-astronomie.de\/?page_id=384\" class=\"more-link\"><span class=\"screen-reader-text\">Kleiner Hund<\/span> weiterlesen <span class=\"meta-nav\">&rarr;<\/span><\/a><\/p>\n","protected":false},"author":1,"featured_media":0,"parent":368,"menu_order":0,"comment_status":"closed","ping_status":"closed","template":"","meta":{"footnotes":""},"class_list":["post-384","page","type-page","status-publish","hentry"],"_links":{"self":[{"href":"http:\/\/freebook.fernglas-astronomie.de\/index.php?rest_route=\/wp\/v2\/pages\/384","targetHints":{"allow":["GET"]}}],"collection":[{"href":"http:\/\/freebook.fernglas-astronomie.de\/index.php?rest_route=\/wp\/v2\/pages"}],"about":[{"href":"http:\/\/freebook.fernglas-astronomie.de\/index.php?rest_route=\/wp\/v2\/types\/page"}],"author":[{"embeddable":true,"href":"http:\/\/freebook.fernglas-astronomie.de\/index.php?rest_route=\/wp\/v2\/users\/1"}],"replies":[{"embeddable":true,"href":"http:\/\/freebook.fernglas-astronomie.de\/index.php?rest_route=%2Fwp%2Fv2%2Fcomments&post=384"}],"version-history":[{"count":1,"href":"http:\/\/freebook.fernglas-astronomie.de\/index.php?rest_route=\/wp\/v2\/pages\/384\/revisions"}],"predecessor-version":[{"id":385,"href":"http:\/\/freebook.fernglas-astronomie.de\/index.php?rest_route=\/wp\/v2\/pages\/384\/revisions\/385"}],"up":[{"embeddable":true,"href":"http:\/\/freebook.fernglas-astronomie.de\/index.php?rest_route=\/wp\/v2\/pages\/368"}],"wp:attachment":[{"href":"http:\/\/freebook.fernglas-astronomie.de\/index.php?rest_route=%2Fwp%2Fv2%2Fmedia&parent=384"}],"curies":[{"name":"wp","href":"https:\/\/api.w.org\/{rel}","templated":true}]}}