{"id":382,"date":"2014-04-13T16:09:36","date_gmt":"2014-04-13T14:09:36","guid":{"rendered":"http:\/\/freebook.fernglas-astronomie.de\/?page_id=382"},"modified":"2014-04-17T10:17:21","modified_gmt":"2014-04-17T08:17:21","slug":"hase","status":"publish","type":"page","link":"http:\/\/freebook.fernglas-astronomie.de\/?page_id=382","title":{"rendered":"Hase"},"content":{"rendered":"<p>Direkt unter dem Orion verbirgt sich der Hase vor den Augen des Himmelsj\u00e4gers. Das recht unbekannte Sternbild ist seit der Antike bekannt, wird aber h\u00e4ufig \u00fcbersehen.<\/p>\n<p><em><strong>\u03b3 Leporis<\/strong><\/em> geh\u00f6rt zu den sch\u00f6nsten Doppelsternen f\u00fcr das Fernglas. 95 Bogensekunden trennen einen 3,8<sup>m<\/sup> hellen, gelben Stern von einem 6,4<sup>m<\/sup> hellen, gelben bis orangenen Begleiter. Die Farbwahrnehmung ist dabei subjektiv, er wurde auch schon als blassgr\u00fcn beschrieben. Das 29 Lichtjahre entfernte System ist ein physischer Doppelstern, die beiden Sterne stehen 1000 AE auseinander.<\/p>\n<p>Als \u201eBlutstropfen vor dem Hintergrund des Himmels\u201c beschrieb John Russel Hind 1845 den Stern <strong><em>R Leporis<\/em><\/strong>, der seitdem auch als Hinds Karmesinstern bekannt ist. Es handelt sich um einen Kohlenstoffstern, dessen Helligkeit innerhalb von 420 bis 440 Tagen zwischen 5,5 und 11,7<sup>m<\/sup> schwankt, sodass er nicht immer im Fernglas sichtbar ist. W\u00e4hrend er zu den Maxima eher kupferrot erscheint, ist er w\u00e4hrend der Minima tiefrot. Der 820 Lichtjahre entfernte Stern hat eine Oberfl\u00e4chentemperatur von nur 2700\u00b0. Seine intensiv rote F\u00e4rbung stammt sowohl von Kohlenstoffverbindungen in der Sternatmosph\u00e4re als auch von einer Staubwolke, die vor dem Stern steht und den blauen Anteil des Lichts d\u00e4mpft.<\/p>\n<p><strong><em>M79<\/em><\/strong> ist ein sternreicher Kugelsternhaufen, der im Fernglas aber nicht aufgel\u00f6st werden kann. Er erscheint daher nur als acht Bogenminuten gro\u00dfer Nebelfleck mit einer Gesamthelligkeit von 7,7<sup>m<\/sup>. Er hat einen Durchmesser von 110 Lichtjahren und steht in 42\u2009500 Lichtjahren Entfernung.<\/p>\n","protected":false},"excerpt":{"rendered":"<p>Direkt unter dem Orion verbirgt sich der Hase vor den Augen des Himmelsj\u00e4gers. Das recht unbekannte Sternbild ist seit der Antike bekannt, wird aber h\u00e4ufig \u00fcbersehen. \u03b3 Leporis geh\u00f6rt zu den sch\u00f6nsten Doppelsternen f\u00fcr das Fernglas. 95 Bogensekunden trennen einen 3,8m hellen, gelben Stern von einem 6,4m hellen, gelben bis orangenen Begleiter. Die Farbwahrnehmung ist &hellip; <a href=\"http:\/\/freebook.fernglas-astronomie.de\/?page_id=382\" class=\"more-link\"><span class=\"screen-reader-text\">Hase<\/span> weiterlesen <span class=\"meta-nav\">&rarr;<\/span><\/a><\/p>\n","protected":false},"author":1,"featured_media":0,"parent":368,"menu_order":0,"comment_status":"closed","ping_status":"closed","template":"","meta":{"footnotes":""},"class_list":["post-382","page","type-page","status-publish","hentry"],"_links":{"self":[{"href":"http:\/\/freebook.fernglas-astronomie.de\/index.php?rest_route=\/wp\/v2\/pages\/382","targetHints":{"allow":["GET"]}}],"collection":[{"href":"http:\/\/freebook.fernglas-astronomie.de\/index.php?rest_route=\/wp\/v2\/pages"}],"about":[{"href":"http:\/\/freebook.fernglas-astronomie.de\/index.php?rest_route=\/wp\/v2\/types\/page"}],"author":[{"embeddable":true,"href":"http:\/\/freebook.fernglas-astronomie.de\/index.php?rest_route=\/wp\/v2\/users\/1"}],"replies":[{"embeddable":true,"href":"http:\/\/freebook.fernglas-astronomie.de\/index.php?rest_route=%2Fwp%2Fv2%2Fcomments&post=382"}],"version-history":[{"count":1,"href":"http:\/\/freebook.fernglas-astronomie.de\/index.php?rest_route=\/wp\/v2\/pages\/382\/revisions"}],"predecessor-version":[{"id":383,"href":"http:\/\/freebook.fernglas-astronomie.de\/index.php?rest_route=\/wp\/v2\/pages\/382\/revisions\/383"}],"up":[{"embeddable":true,"href":"http:\/\/freebook.fernglas-astronomie.de\/index.php?rest_route=\/wp\/v2\/pages\/368"}],"wp:attachment":[{"href":"http:\/\/freebook.fernglas-astronomie.de\/index.php?rest_route=%2Fwp%2Fv2%2Fmedia&parent=382"}],"curies":[{"name":"wp","href":"https:\/\/api.w.org\/{rel}","templated":true}]}}