{"id":376,"date":"2014-04-13T16:05:03","date_gmt":"2014-04-13T14:05:03","guid":{"rendered":"http:\/\/freebook.fernglas-astronomie.de\/?page_id=376"},"modified":"2014-04-17T10:17:09","modified_gmt":"2014-04-17T08:17:09","slug":"fuhrmann","status":"publish","type":"page","link":"http:\/\/freebook.fernglas-astronomie.de\/?page_id=376","title":{"rendered":"Fuhrmann"},"content":{"rendered":"<p>Der Fuhrmann mit seinem 0,2<sup>m<\/sup> hellen Hauptstern Capella ist das erste Wintersternbild, das im Lauf des Jahres sichtbar wird. Der Stern \u03b3 Aurigae befindet sich genau auf der Grenze zum Stier, dort wird er als \u03b2 Tauri bezeichnet. Sein arabischer Name \u201eEl Nath\u201c bedeutet \u201eHorn des Stiers\u201c. Die Sterne \u03b5, \u03b7 und \u03b6 bilden mit Kapella bereits f\u00fcr das blo\u00dfe Auge eine h\u00fcbsche kleine Sterngruppe. Auch die Farbunterschiede zwischen den Sternen \u03b7 und \u03b6 Aurigae sind interessant.<\/p>\n<p><strong><em>AE Aurigae<\/em><\/strong> ist einer der &#8222;Runaway Sterne&#8220; der Orion-Assoziation: Er entfernt sich seit 2,6 Millionen Jahren mit hoher Geschwindigkeit von seiner Geburtsst\u00e4tte und bildet ein Paar mit \u03bc Columbae, der sich in die entgegengesetzte Richtung entfernt. 53 Arietis und HR 2688 bilden ein \u00e4hnliches Paar. Warum diese Sterne das Gebiet des Orionnebels so schnell verlassen, ist noch unbekannt. Der 6,0<sup>m<\/sup> helle AE Aurigae ist zehnmal heller als unsere Sonne und beleuchtet zurzeit den \u201eFlaming Star Nebula\u201c IC 405. Der Nebel ist allerdings nur im Teleskop zu erkennen. Der Stern durchquert gerade diesen neun Lichtjahre gro\u00dfen und 1500 Lichtjahre entfernten Nebel, wie man an einer leeren Schneise hinter dem Stern erkennen kann.<\/p>\n<p>Nur ein Dutzend der 60 Sterne von <strong><em>M36<\/em><\/strong> ist im Fernglas erkennbar, der Rest verschwimmt zu einem runden Schimmern. Der 12 Bogenminuten gro\u00dfe offene Sternhaufen enth\u00e4lt vor allem leuchtstarke blaue Sterne und hebt sich gut von \u00fcbrigen Milchstra\u00dfensternen ab. Die wahrscheinlich 3800 bis 4100 Lichtjahre entfernte Gruppe entstand vor rund 20 bis 30 Millionen Jahren und hat einen Durchmesser von rund 14 Lichtjahren.<\/p>\n<p><strong><em>M37<\/em><\/strong> ist der sternreichste offene Haufen im Fuhrmann, kann aber erst im Gro\u00dffernglas aufgel\u00f6st werden. Dann wird ein funkelndes Sternenfeld mit einem orangefarbenen Stern im Zentrum sichtbar. Kleinere Ger\u00e4te zeigen nur einen Nebelfleck. Der 24 Bogenminuten gro\u00dfe Sternhaufen ist circa 4600 Lichtjahre entfernt und hat somit einen Durchmesser von 25 Lichtjahren. In dem 200 bis 300 Millionen Jahre alten Sternhaufen gibt es keine leuchtstarken blauen Sterne mehr, stattdessen enth\u00e4lt er mehrere alte rote Riesensterne.<\/p>\n<figure id=\"attachment_378\" aria-describedby=\"caption-attachment-378\" style=\"width: 400px\" class=\"wp-caption aligncenter\"><a href=\"http:\/\/freebook.fernglas-astronomie.de\/wp-content\/uploads\/2014\/04\/M37.jpg\"><img loading=\"lazy\" decoding=\"async\" class=\"size-full wp-image-378\" alt=\"M37 ist der sternreichste offene Sternhaufen im Fuhrmann, kann aber erst bei etwas h\u00f6herer Vergr\u00f6\u00dferung aufgel\u00f6st werden. \" src=\"http:\/\/freebook.fernglas-astronomie.de\/wp-content\/uploads\/2014\/04\/M37.jpg\" width=\"400\" height=\"266\" srcset=\"http:\/\/freebook.fernglas-astronomie.de\/wp-content\/uploads\/2014\/04\/M37.jpg 400w, http:\/\/freebook.fernglas-astronomie.de\/wp-content\/uploads\/2014\/04\/M37-300x199.jpg 300w\" sizes=\"auto, (max-width: 400px) 100vw, 400px\" \/><\/a><figcaption id=\"caption-attachment-378\" class=\"wp-caption-text\">M37 ist der sternreichste offene Sternhaufen im Fuhrmann, kann aber erst bei etwas h\u00f6herer Vergr\u00f6\u00dferung aufgel\u00f6st werden.<\/figcaption><\/figure>\n<p><strong><em>M38<\/em><\/strong> ist der dritte gro\u00dfe offene Sternhaufen im Fuhrmann und erscheint in kleineren Ferngl\u00e4sern ebenfalls nur als 20 Bogenminuten gro\u00dfer, runder Lichtfleck, in den ein paar Sterne eingebettet sind. Bereits in einem Gro\u00dffernglas kann man aber eine Kreuzform in dem Sternhaufen erkennen. Der hellste Stern von M\u200938 hat die neunhundertfache Sonnenleuchtkraft, aus 5700 Lichtjahren Entfernung erscheint er nur noch 7,9<sup>m<\/sup> hell. In dem 70 Millionen Jahre alten Sternhaufen befinden sich noch einige blaue \u00dcberriesen, die in den n\u00e4chsten Millionen Jahren verblassen werden.<\/p>\n<p><strong><em>Harrington 4<\/em><\/strong> ist ein 40 Bogenminuten langer, schmaler Asterismus aus den Sternen 16 (4,6<sup>m<\/sup>), 17 (6,1<sup>m<\/sup>), 18 (6,5<sup>m<\/sup>), 19 (5,0<sup>m<\/sup>) und IQ Aurigae (5,3<sup>m<\/sup>). Die Sterne bilden zwei schmale, eng benachbarte B\u00f6gen, die sich bei 16 Aurigae treffen und f\u00fcr das blo\u00dfe Auge an der Grenze der Wahrnehmbarkeit liegen.<\/p>\n","protected":false},"excerpt":{"rendered":"<p>Der Fuhrmann mit seinem 0,2m hellen Hauptstern Capella ist das erste Wintersternbild, das im Lauf des Jahres sichtbar wird. Der Stern \u03b3 Aurigae befindet sich genau auf der Grenze zum Stier, dort wird er als \u03b2 Tauri bezeichnet. Sein arabischer Name \u201eEl Nath\u201c bedeutet \u201eHorn des Stiers\u201c. Die Sterne \u03b5, \u03b7 und \u03b6 bilden mit &hellip; <a href=\"http:\/\/freebook.fernglas-astronomie.de\/?page_id=376\" class=\"more-link\"><span class=\"screen-reader-text\">Fuhrmann<\/span> weiterlesen <span class=\"meta-nav\">&rarr;<\/span><\/a><\/p>\n","protected":false},"author":1,"featured_media":0,"parent":368,"menu_order":0,"comment_status":"closed","ping_status":"closed","template":"","meta":{"footnotes":""},"class_list":["post-376","page","type-page","status-publish","hentry"],"_links":{"self":[{"href":"http:\/\/freebook.fernglas-astronomie.de\/index.php?rest_route=\/wp\/v2\/pages\/376","targetHints":{"allow":["GET"]}}],"collection":[{"href":"http:\/\/freebook.fernglas-astronomie.de\/index.php?rest_route=\/wp\/v2\/pages"}],"about":[{"href":"http:\/\/freebook.fernglas-astronomie.de\/index.php?rest_route=\/wp\/v2\/types\/page"}],"author":[{"embeddable":true,"href":"http:\/\/freebook.fernglas-astronomie.de\/index.php?rest_route=\/wp\/v2\/users\/1"}],"replies":[{"embeddable":true,"href":"http:\/\/freebook.fernglas-astronomie.de\/index.php?rest_route=%2Fwp%2Fv2%2Fcomments&post=376"}],"version-history":[{"count":2,"href":"http:\/\/freebook.fernglas-astronomie.de\/index.php?rest_route=\/wp\/v2\/pages\/376\/revisions"}],"predecessor-version":[{"id":379,"href":"http:\/\/freebook.fernglas-astronomie.de\/index.php?rest_route=\/wp\/v2\/pages\/376\/revisions\/379"}],"up":[{"embeddable":true,"href":"http:\/\/freebook.fernglas-astronomie.de\/index.php?rest_route=\/wp\/v2\/pages\/368"}],"wp:attachment":[{"href":"http:\/\/freebook.fernglas-astronomie.de\/index.php?rest_route=%2Fwp%2Fv2%2Fmedia&parent=376"}],"curies":[{"name":"wp","href":"https:\/\/api.w.org\/{rel}","templated":true}]}}