{"id":371,"date":"2014-04-13T16:00:42","date_gmt":"2014-04-13T14:00:42","guid":{"rendered":"http:\/\/freebook.fernglas-astronomie.de\/?page_id=371"},"modified":"2014-04-17T10:16:50","modified_gmt":"2014-04-17T08:16:50","slug":"einhorn","status":"publish","type":"page","link":"http:\/\/freebook.fernglas-astronomie.de\/?page_id=371","title":{"rendered":"Einhorn"},"content":{"rendered":"<p>Das Einhorn ist ein unauff\u00e4lliges Sternbild in der unteren H\u00e4lfte des Wintersechsecks. Sein hellster Stern ist nur 3,9<sup>m<\/sup> hell. Den Mangel an markanten Sternen gleicht es mit einer Vielzahl von Deep-Sky-Objekten aus.<\/p>\n<p><strong><em>M50<\/em><\/strong> ist ein 2900 Lichtjahre entfernter offener Sternhaufen, dessen Licht durch Staubwolken etwa um eine Gr\u00f6\u00dfenklasse ged\u00e4mpft wird. Daher verschwimmen die meisten seiner Sterne zu einem Schimmern zwischen Sirius und Procyon, in das etwa ein halbes Dutzend Sterne eingebettet ist. Eine dieser Sonnen leuchtet deutlich rot. Von Sirius ausgehend st\u00f6\u00dft man nach etwa einem Drittel des Weges auf M50. Der 100 bis 150 Millionen Jahre alte Sternhaufen hat einen Durchmesser von 16 Bogenminuten, was rund 14 Lichtjahren entspricht.<\/p>\n<p>Der 5,0<sup>m<\/sup> helle Stern <strong><em>5 Monocerotis<\/em><\/strong> ist die hellste Sonne des lockeren offenen Sternhaufens <strong><em>NGC 2232<\/em><\/strong>, dessen 20 Mitglieder sich \u00fcber ein mit 10\u2009\u00d7\u200930 Bogenminuten fast vollmondgro\u00dfes Gebiet verteilen. Da der Sternhaufen f\u00fcr viele Teleskope zu ausgedehnt ist, wurde er in vielen Sternkarten \u00fcberhaupt nicht eingezeichnet. Die meisten seiner Sterne haben 8. bis 10. Gr\u00f6\u00dfe und konzentrieren sich in zwei lockeren Gruppen. Der 1300 Lichtjahre entfernte Sternhaufen ist mit einem Alter von 20 Millionen Jahren noch recht jung.<\/p>\n<p><strong><em>NGC 2244<\/em><\/strong> ist ein lockerer Sternhaufen mit rund 20 Bogenminuten Durchmesser, der nur schwer von den Milchstra\u00dfensternen zu unterscheiden ist. Mit 5,8<sup>m<\/sup> ist <strong><em>12 Monocerotis<\/em><\/strong> eine gute Aufsuchhilfe, der nur 520 Lichtjahre entfernte Stern steht aber in keiner physikalischen Beziehung zu dem rund 5000 Lichtjahre entfernten Sternhaufen. NGC 2244 enth\u00e4lt rund 40 Sterne, die noch in den <strong><em>Rosettennebel<\/em><\/strong> eingebettet sind, aus dem sie vor etwa 500\u2009000 Jahren entstanden. Etwa ein Dutzend Sterne erreicht siebte bis zehnte Gr\u00f6\u00dfe und kann im Fernglas aufgel\u00f6st werden, w\u00e4hrend der Rosettennebel selbst meist unsichtbar bleibt. Nur mit indirektem Sehen kann man ihn vielleicht erkennen. Von einem wirklich dunklen Himmel aus ist er aber durchaus schon mit einem 10\u2009\u00d7\u200950 zu ersp\u00e4hen. Der Nebel ist zwar recht hell, mit 60\u2009\u00d7\u200980 Bogenminuten aber auch sehr ausgedehnt. Das entspricht einem Durchmesser von 90 Lichtjahren, damit ist er dreimal so gro\u00df wie der sichtbare Teil des Orionnebels.<\/p>\n<p>Der <strong><em>Weihnachtsbaumhaufen NGC 2264 (Christmas Tree Cluster)<\/em><\/strong> ist ebenfalls eine Kombination aus einem sehr lockeren Sternhaufen und einem Emissionsnebel. Er bildet eine pfeil\u00e4hnliche Struktur rund um den etwa 4,7<sup>m<\/sup> hellen Ver\u00e4nderlichen S Monocerotis. Bereits im 10\u2009\u00d7\u200950 kann der 30 Bogenminuten gro\u00dfe Sternhaufen aufgel\u00f6st werden und zeigt dann etwa 20 Sterne. Einige hundert lichtschw\u00e4chere Sterne bleiben dem Fernglas verborgen. Der 20 Lichtjahre gro\u00dfe Tannenbaum zeigt nach S\u00fcden und befindet sich in 2600 Lichtjahren Entfernung. Der Nebel, in den der Sternhaufen eingebettet ist, bleibt unsichtbar. Auch der bekannte Konusnebel nahe der Spitze des Sternhaufens ist nur auf Fotografien sichtbar.<\/p>\n<p><strong><em>Harrington 5<\/em><\/strong> ist ein sieben Bogenminuten gro\u00dfes Dreieck aus sechs Sternen achter Gr\u00f6\u00dfe, die einen Pfeil bilden, der nach Norden zeigt. Der Asterismus befindet sich 3,5 Grad s\u00fcd\u00f6stlich von \u03b2\u00a0Monocerotis und fast genau 7,5 Grad n\u00f6rdlich von Sirius. Ein gro\u00dfes Dreieck aus drei 5 bis 6<sup>m<\/sup> hellen Sternen kann als Aufsuchhilfe dienen: Hrr 5 befindet sich an der Nordwestspitze dieses etwa ein Grad gro\u00dfen Dreiecks.<\/p>\n","protected":false},"excerpt":{"rendered":"<p>Das Einhorn ist ein unauff\u00e4lliges Sternbild in der unteren H\u00e4lfte des Wintersechsecks. Sein hellster Stern ist nur 3,9m hell. Den Mangel an markanten Sternen gleicht es mit einer Vielzahl von Deep-Sky-Objekten aus. M50 ist ein 2900 Lichtjahre entfernter offener Sternhaufen, dessen Licht durch Staubwolken etwa um eine Gr\u00f6\u00dfenklasse ged\u00e4mpft wird. Daher verschwimmen die meisten seiner &hellip; <a href=\"http:\/\/freebook.fernglas-astronomie.de\/?page_id=371\" class=\"more-link\"><span class=\"screen-reader-text\">Einhorn<\/span> weiterlesen <span class=\"meta-nav\">&rarr;<\/span><\/a><\/p>\n","protected":false},"author":1,"featured_media":0,"parent":368,"menu_order":0,"comment_status":"closed","ping_status":"closed","template":"","meta":{"footnotes":""},"class_list":["post-371","page","type-page","status-publish","hentry"],"_links":{"self":[{"href":"http:\/\/freebook.fernglas-astronomie.de\/index.php?rest_route=\/wp\/v2\/pages\/371","targetHints":{"allow":["GET"]}}],"collection":[{"href":"http:\/\/freebook.fernglas-astronomie.de\/index.php?rest_route=\/wp\/v2\/pages"}],"about":[{"href":"http:\/\/freebook.fernglas-astronomie.de\/index.php?rest_route=\/wp\/v2\/types\/page"}],"author":[{"embeddable":true,"href":"http:\/\/freebook.fernglas-astronomie.de\/index.php?rest_route=\/wp\/v2\/users\/1"}],"replies":[{"embeddable":true,"href":"http:\/\/freebook.fernglas-astronomie.de\/index.php?rest_route=%2Fwp%2Fv2%2Fcomments&post=371"}],"version-history":[{"count":1,"href":"http:\/\/freebook.fernglas-astronomie.de\/index.php?rest_route=\/wp\/v2\/pages\/371\/revisions"}],"predecessor-version":[{"id":372,"href":"http:\/\/freebook.fernglas-astronomie.de\/index.php?rest_route=\/wp\/v2\/pages\/371\/revisions\/372"}],"up":[{"embeddable":true,"href":"http:\/\/freebook.fernglas-astronomie.de\/index.php?rest_route=\/wp\/v2\/pages\/368"}],"wp:attachment":[{"href":"http:\/\/freebook.fernglas-astronomie.de\/index.php?rest_route=%2Fwp%2Fv2%2Fmedia&parent=371"}],"curies":[{"name":"wp","href":"https:\/\/api.w.org\/{rel}","templated":true}]}}