{"id":362,"date":"2014-04-13T15:52:51","date_gmt":"2014-04-13T13:52:51","guid":{"rendered":"http:\/\/freebook.fernglas-astronomie.de\/?page_id=362"},"modified":"2014-04-17T10:14:44","modified_gmt":"2014-04-17T08:14:44","slug":"widder","status":"publish","type":"page","link":"http:\/\/freebook.fernglas-astronomie.de\/?page_id=362","title":{"rendered":"Widder"},"content":{"rendered":"<p>Der Widder geh\u00f6rt mit nur drei helleren Sternen zu den unauff\u00e4lligeren Sternbildern. Wenn er nicht zuf\u00e4llig zu den Tierkreissternbildern geh\u00f6ren w\u00fcrde, w\u00e4re er wohl fast unbekannt. Ein Grad s\u00fcd\u00f6stlich von \u03b7 Arietis befindet sich ein erst 2003 entdeckter Nachbarstern der Sonne: Teegardens Stern ist sieben bis zehn Lichtjahre entfernt und nur 15,3<sup>m<\/sup> hell.<\/p>\n<p>Der 130 Lichtjahre entfernte Doppelstern <strong><em>\u03bb\u00a0Arietis<\/em><\/strong> kann bereits mit siebenfacher Vergr\u00f6\u00dferung getrennt werden. Ein 4,7 und ein 6,6<sup>m<\/sup> heller Stern stehen 37 Bogensekunden auseinander.<\/p>\n<p>Mit 39 Bogensekunden Abstand sind die beiden 6,5 und 6,9<sup>m<\/sup> hellen Sterne von <strong><em>30 Arietis<\/em><\/strong> sogar noch einfacher zu trennen als \u03bb Arietis. Der ebenfalls 130 Lichtjahre entfernte Doppelstern zeigt deutlich, wie sehr die Farbwahrnehmung zwischen verschiedenen Beobachtern schwankt. Die beiden Sterne werden h\u00e4ufig als farblos oder gelb beschrieben, einige Beobachter nehmen sie aber auch als gelb und lila wahr.<\/p>\n<p><em><strong>53 Arietis<\/strong><\/em> geh\u00f6rt mit \u03bc Columbae, AE Aurigae und HR 2688 zu den \u201eRunaway Stars\u201c. Diese vier Sterne entstanden im Orionnebel und entfernen sich ungew\u00f6hnlich schnell von ihrem Ursprungsort. Ob eine Supernova die vier Sterne aus ihrer Bahn warf oder ob sie aus einem anderen Grund vor f\u00fcnf Millionen Jahren mit ihrer \u201eFlucht\u201c begonnen haben, ist vollkommen unbekannt.<\/p>\n<p>53 Arietis ist ein 750 Lichtjahre entfernter Beta-Cepheide, dessen Helligkeit mit einer Periode von 3 Stunden und 40 Minuten zwischen 6,1 und 6,23<sup>m<\/sup> schwankt. HR 2688 im Gro\u00dfen Hund bewegt sich in genau entgegengesetzter Richtung von 53\u202fArietis und dem Sternentstehungsgebiet im Orion fort.<\/p>\n","protected":false},"excerpt":{"rendered":"<p>Der Widder geh\u00f6rt mit nur drei helleren Sternen zu den unauff\u00e4lligeren Sternbildern. Wenn er nicht zuf\u00e4llig zu den Tierkreissternbildern geh\u00f6ren w\u00fcrde, w\u00e4re er wohl fast unbekannt. Ein Grad s\u00fcd\u00f6stlich von \u03b7 Arietis befindet sich ein erst 2003 entdeckter Nachbarstern der Sonne: Teegardens Stern ist sieben bis zehn Lichtjahre entfernt und nur 15,3m hell. Der 130 &hellip; <a href=\"http:\/\/freebook.fernglas-astronomie.de\/?page_id=362\" class=\"more-link\"><span class=\"screen-reader-text\">Widder<\/span> weiterlesen <span class=\"meta-nav\">&rarr;<\/span><\/a><\/p>\n","protected":false},"author":1,"featured_media":0,"parent":342,"menu_order":0,"comment_status":"closed","ping_status":"closed","template":"","meta":{"footnotes":""},"class_list":["post-362","page","type-page","status-publish","hentry"],"_links":{"self":[{"href":"http:\/\/freebook.fernglas-astronomie.de\/index.php?rest_route=\/wp\/v2\/pages\/362","targetHints":{"allow":["GET"]}}],"collection":[{"href":"http:\/\/freebook.fernglas-astronomie.de\/index.php?rest_route=\/wp\/v2\/pages"}],"about":[{"href":"http:\/\/freebook.fernglas-astronomie.de\/index.php?rest_route=\/wp\/v2\/types\/page"}],"author":[{"embeddable":true,"href":"http:\/\/freebook.fernglas-astronomie.de\/index.php?rest_route=\/wp\/v2\/users\/1"}],"replies":[{"embeddable":true,"href":"http:\/\/freebook.fernglas-astronomie.de\/index.php?rest_route=%2Fwp%2Fv2%2Fcomments&post=362"}],"version-history":[{"count":1,"href":"http:\/\/freebook.fernglas-astronomie.de\/index.php?rest_route=\/wp\/v2\/pages\/362\/revisions"}],"predecessor-version":[{"id":363,"href":"http:\/\/freebook.fernglas-astronomie.de\/index.php?rest_route=\/wp\/v2\/pages\/362\/revisions\/363"}],"up":[{"embeddable":true,"href":"http:\/\/freebook.fernglas-astronomie.de\/index.php?rest_route=\/wp\/v2\/pages\/342"}],"wp:attachment":[{"href":"http:\/\/freebook.fernglas-astronomie.de\/index.php?rest_route=%2Fwp%2Fv2%2Fmedia&parent=362"}],"curies":[{"name":"wp","href":"https:\/\/api.w.org\/{rel}","templated":true}]}}