{"id":360,"date":"2014-04-13T15:51:15","date_gmt":"2014-04-13T13:51:15","guid":{"rendered":"http:\/\/freebook.fernglas-astronomie.de\/?page_id=360"},"modified":"2014-04-17T10:14:40","modified_gmt":"2014-04-17T08:14:40","slug":"wassermann","status":"publish","type":"page","link":"http:\/\/freebook.fernglas-astronomie.de\/?page_id=360","title":{"rendered":"Wassermann"},"content":{"rendered":"<p>Als Tierkreissternbild ist der Wassermann zwar bekannt, dennoch ist ein sehr unauff\u00e4lliges Sternbild, da keiner seiner Sterne heller als 2,8<sup>m<\/sup> ist. Trotzdem enth\u00e4lt er eine ganze Reihe f\u00fcr Amateurastronomen interessanter Objekte, darunter auch zwei planetarische Nebel. Der ausgedehnte Helixnebel erscheint im Fernglas fl\u00e4chig, w\u00e4hrend der Saturnnebel (NGC 7009) vor allem Teleskopen vorbehalten bleibt. Allerdings war er der erste planetarische Nebel, der als solcher erkannt wurde \u2013 1782 durch Herschel.<\/p>\n<p>M2 ist im Fernglas nur ein kleiner, 6,3<sup>m<\/sup> heller Lichtfleck oder ein verwaschener Stern, trotzdem machen seine 100\u2009000 Sterne ihn zu einem der leuchtst\u00e4rksten Kugelsternhaufen unserer Galaxis. Sein Durchmesser betr\u00e4gt etwa 150 Lichtjahre, wobei er nicht ganz kugelf\u00f6rmig ist, sondern leicht abgeflacht erscheint. Damit ist er nur etwa halb so gro\u00df wie Omega Centauri, der gr\u00f6\u00dfte Kugelsternhaufen unserer Galaxis. 30\u2009000 bis 50\u2009000 Lichtjahre trennen uns von ihm.<\/p>\n<p>Der Helixnebel (NGC 7293) ist nur 450 bis 700 Lichtjahre entfernt und damit der n\u00e4chste Planetarische Nebel, dennoch ist er keine kleine Herausforderung. Seine Gesamthelligkeit von 7,3<sup>m<\/sup> verteilt sich \u00fcber eine Fl\u00e4che von 12\u2009\u00d7\u200916 Bogenminuten, was etwa dem halben Vollmond entspricht \u2013 dementsprechend niedrig ist seine Fl\u00e4chenhelligkeit. Bereits in einem 10\u2009\u00d7\u200950-Fernglas ist er unter einem sehr dunklen Himmel als schwacher, grauer Lichtfleck zu erahnen, w\u00e4hrend er in helleren Regionen ein sehr anspruchsvolles Ziel ist. Der Zentralstern ist mit 13,3<sup>m<\/sup> auch f\u00fcr Teleskope eine Herausforderung, im Fernglas bleibt der 100\u2009000 Grad hei\u00dfe Sternrest unsichtbar.<\/p>\n","protected":false},"excerpt":{"rendered":"<p>Als Tierkreissternbild ist der Wassermann zwar bekannt, dennoch ist ein sehr unauff\u00e4lliges Sternbild, da keiner seiner Sterne heller als 2,8m ist. Trotzdem enth\u00e4lt er eine ganze Reihe f\u00fcr Amateurastronomen interessanter Objekte, darunter auch zwei planetarische Nebel. Der ausgedehnte Helixnebel erscheint im Fernglas fl\u00e4chig, w\u00e4hrend der Saturnnebel (NGC 7009) vor allem Teleskopen vorbehalten bleibt. Allerdings war &hellip; <a href=\"http:\/\/freebook.fernglas-astronomie.de\/?page_id=360\" class=\"more-link\"><span class=\"screen-reader-text\">Wassermann<\/span> weiterlesen <span class=\"meta-nav\">&rarr;<\/span><\/a><\/p>\n","protected":false},"author":1,"featured_media":0,"parent":342,"menu_order":0,"comment_status":"closed","ping_status":"closed","template":"","meta":{"footnotes":""},"class_list":["post-360","page","type-page","status-publish","hentry"],"_links":{"self":[{"href":"http:\/\/freebook.fernglas-astronomie.de\/index.php?rest_route=\/wp\/v2\/pages\/360","targetHints":{"allow":["GET"]}}],"collection":[{"href":"http:\/\/freebook.fernglas-astronomie.de\/index.php?rest_route=\/wp\/v2\/pages"}],"about":[{"href":"http:\/\/freebook.fernglas-astronomie.de\/index.php?rest_route=\/wp\/v2\/types\/page"}],"author":[{"embeddable":true,"href":"http:\/\/freebook.fernglas-astronomie.de\/index.php?rest_route=\/wp\/v2\/users\/1"}],"replies":[{"embeddable":true,"href":"http:\/\/freebook.fernglas-astronomie.de\/index.php?rest_route=%2Fwp%2Fv2%2Fcomments&post=360"}],"version-history":[{"count":1,"href":"http:\/\/freebook.fernglas-astronomie.de\/index.php?rest_route=\/wp\/v2\/pages\/360\/revisions"}],"predecessor-version":[{"id":361,"href":"http:\/\/freebook.fernglas-astronomie.de\/index.php?rest_route=\/wp\/v2\/pages\/360\/revisions\/361"}],"up":[{"embeddable":true,"href":"http:\/\/freebook.fernglas-astronomie.de\/index.php?rest_route=\/wp\/v2\/pages\/342"}],"wp:attachment":[{"href":"http:\/\/freebook.fernglas-astronomie.de\/index.php?rest_route=%2Fwp%2Fv2%2Fmedia&parent=360"}],"curies":[{"name":"wp","href":"https:\/\/api.w.org\/{rel}","templated":true}]}}