{"id":36,"date":"2014-04-13T12:06:49","date_gmt":"2014-04-13T10:06:49","guid":{"rendered":"http:\/\/freebook.fernglas-astronomie.de\/?page_id=36"},"modified":"2014-04-17T10:19:54","modified_gmt":"2014-04-17T08:19:54","slug":"fernglaeser-testen-und-pflegen","status":"publish","type":"page","link":"http:\/\/freebook.fernglas-astronomie.de\/?page_id=36","title":{"rendered":"Ferngl\u00e4ser testen und pflegen"},"content":{"rendered":"<p>Wenn Sie bereits ein Fernglas besitzen, haben Sie eigentlich schon alles, was f\u00fcr einen ersten Blick in den Himmel notwendig ist. Allerdings sind nicht alle Ger\u00e4te f\u00fcr die Astronomie gleich gut geeignet.<\/p>\n<p>weiter zu<\/p>\n<ul>\n<li><a title=\"Die Auswahl des richtigen Fernglases\" href=\"http:\/\/freebook.fernglas-astronomie.de\/?page_id=39\">Die Auswahl des richtigen Fernglases<\/a><\/li>\n<li><a title=\"Welches Fernglas wof\u00fcr\" href=\"http:\/\/freebook.fernglas-astronomie.de\/?page_id=49\">Welches Fernglas wof\u00fcr?<\/a><\/li>\n<li><a title=\"Die richtige Pflege\" href=\"http:\/\/freebook.fernglas-astronomie.de\/?page_id=54\">Die richtige Pflege<\/a><\/li>\n<li><a title=\"Checkliste f\u00fcr den Fernglaskauf\" href=\"http:\/\/freebook.fernglas-astronomie.de\/?page_id=56\">Checkliste f\u00fcr den Fernglaskauf<\/a><\/li>\n<\/ul>\n","protected":false},"excerpt":{"rendered":"<p>Wenn Sie bereits ein Fernglas besitzen, haben Sie eigentlich schon alles, was f\u00fcr einen ersten Blick in den Himmel notwendig ist. Allerdings sind nicht alle Ger\u00e4te f\u00fcr die Astronomie gleich gut geeignet. weiter zu Die Auswahl des richtigen Fernglases Welches Fernglas wof\u00fcr? Die richtige Pflege Checkliste f\u00fcr den Fernglaskauf<\/p>\n","protected":false},"author":1,"featured_media":0,"parent":0,"menu_order":0,"comment_status":"closed","ping_status":"closed","template":"","meta":{"footnotes":""},"class_list":["post-36","page","type-page","status-publish","hentry"],"_links":{"self":[{"href":"http:\/\/freebook.fernglas-astronomie.de\/index.php?rest_route=\/wp\/v2\/pages\/36","targetHints":{"allow":["GET"]}}],"collection":[{"href":"http:\/\/freebook.fernglas-astronomie.de\/index.php?rest_route=\/wp\/v2\/pages"}],"about":[{"href":"http:\/\/freebook.fernglas-astronomie.de\/index.php?rest_route=\/wp\/v2\/types\/page"}],"author":[{"embeddable":true,"href":"http:\/\/freebook.fernglas-astronomie.de\/index.php?rest_route=\/wp\/v2\/users\/1"}],"replies":[{"embeddable":true,"href":"http:\/\/freebook.fernglas-astronomie.de\/index.php?rest_route=%2Fwp%2Fv2%2Fcomments&post=36"}],"version-history":[{"count":3,"href":"http:\/\/freebook.fernglas-astronomie.de\/index.php?rest_route=\/wp\/v2\/pages\/36\/revisions"}],"predecessor-version":[{"id":60,"href":"http:\/\/freebook.fernglas-astronomie.de\/index.php?rest_route=\/wp\/v2\/pages\/36\/revisions\/60"}],"wp:attachment":[{"href":"http:\/\/freebook.fernglas-astronomie.de\/index.php?rest_route=%2Fwp%2Fv2%2Fmedia&parent=36"}],"curies":[{"name":"wp","href":"https:\/\/api.w.org\/{rel}","templated":true}]}}