{"id":351,"date":"2014-04-13T15:44:14","date_gmt":"2014-04-13T13:44:14","guid":{"rendered":"http:\/\/freebook.fernglas-astronomie.de\/?page_id=351"},"modified":"2014-04-17T10:14:18","modified_gmt":"2014-04-17T08:14:18","slug":"fische","status":"publish","type":"page","link":"http:\/\/freebook.fernglas-astronomie.de\/?page_id=351","title":{"rendered":"Fische"},"content":{"rendered":"<p>S\u00fcdlich von Andromeda und Dreieck liegt dieses unauff\u00e4llige Sternbild, das zwei Fische darstellt, die mit einem Knoten an den Schw\u00e4nzen zusammengebunden sind. Die arabische Bezeichnung \u201eAl Rischa\u201c f\u00fcr den 4,1<sup>m<\/sup> hellen Hauptstern bedeutet nichts anderes als \u201eKnoten\u201c.<\/p>\n<p><strong><em>\u03c8\u00b9 Piscium<\/em><\/strong> ist ein enger physischer Doppelstern, dessen 5,3 und 5,6<sup>m<\/sup> hellen Komponenten nur 30 Bogensekunden voneinander getrennt sind. Erst ab etwa elffacher Vergr\u00f6\u00dferung lassen sich seine beiden Sterne klar trennen. 240 Lichtjahre trennen uns von diesem System.<\/p>\n<p>Der deutlich rot gef\u00e4rbte <em><strong>TX Piscium<\/strong><\/em> ist ein 760 Lichtjahre entfernter Kohlenstoffstern, dessen Oberfl\u00e4chentemperatur nur 2600 Grad betr\u00e4gt. Seine Helligkeit schwankt langsam und unregelm\u00e4\u00dfig zwischen etwa 5 und 6<sup>m<\/sup>. Die Ursache f\u00fcr die Schwankungen ist noch nicht bekannt, vielleicht h\u00e4ngt sie mit dem Kohlenstoffanteil der Atmosph\u00e4re zusammen, die auch den blauen Anteil des Lichts schw\u00e4cht.<\/p>\n<p>Auch erfahrene Beobachter ben\u00f6tigen mindestens ein 10\u2009\u00d7\u200950-Fernglas und sehr gute Sichtbedingungen, um die Galaxie <strong><em>M74<\/em><\/strong> als schwachen Lichtfleck wahrnehmen zu k\u00f6nnen \u2013 ansonsten geht sie leicht im Horizontdunst unter. Die elf Millionen Lichtjahre entfernte Face-On-Galaxie ist das einzige hellere Deep-Sky-Objekt in den Fischen. Die Gesamthelligkeit von 9,4<sup>m<\/sup> verteilt sich auf eine Fl\u00e4che von 9,4\u2009\u00d7\u200910 Bogenminuten, sodass sie sich kaum vom Himmelshintergrund abhebt. M74 wurde in John Herschels General Catalogue von 1864 irrt\u00fcmlich als Kugelsternhaufen eingetragen. Dieser Irrtum findet sich auch heute noch in manchen Katalogen.<\/p>\n","protected":false},"excerpt":{"rendered":"<p>S\u00fcdlich von Andromeda und Dreieck liegt dieses unauff\u00e4llige Sternbild, das zwei Fische darstellt, die mit einem Knoten an den Schw\u00e4nzen zusammengebunden sind. Die arabische Bezeichnung \u201eAl Rischa\u201c f\u00fcr den 4,1m hellen Hauptstern bedeutet nichts anderes als \u201eKnoten\u201c. \u03c8\u00b9 Piscium ist ein enger physischer Doppelstern, dessen 5,3 und 5,6m hellen Komponenten nur 30 Bogensekunden voneinander getrennt &hellip; <a href=\"http:\/\/freebook.fernglas-astronomie.de\/?page_id=351\" class=\"more-link\"><span class=\"screen-reader-text\">Fische<\/span> weiterlesen <span class=\"meta-nav\">&rarr;<\/span><\/a><\/p>\n","protected":false},"author":1,"featured_media":0,"parent":342,"menu_order":0,"comment_status":"closed","ping_status":"closed","template":"","meta":{"footnotes":""},"class_list":["post-351","page","type-page","status-publish","hentry"],"_links":{"self":[{"href":"http:\/\/freebook.fernglas-astronomie.de\/index.php?rest_route=\/wp\/v2\/pages\/351","targetHints":{"allow":["GET"]}}],"collection":[{"href":"http:\/\/freebook.fernglas-astronomie.de\/index.php?rest_route=\/wp\/v2\/pages"}],"about":[{"href":"http:\/\/freebook.fernglas-astronomie.de\/index.php?rest_route=\/wp\/v2\/types\/page"}],"author":[{"embeddable":true,"href":"http:\/\/freebook.fernglas-astronomie.de\/index.php?rest_route=\/wp\/v2\/users\/1"}],"replies":[{"embeddable":true,"href":"http:\/\/freebook.fernglas-astronomie.de\/index.php?rest_route=%2Fwp%2Fv2%2Fcomments&post=351"}],"version-history":[{"count":1,"href":"http:\/\/freebook.fernglas-astronomie.de\/index.php?rest_route=\/wp\/v2\/pages\/351\/revisions"}],"predecessor-version":[{"id":352,"href":"http:\/\/freebook.fernglas-astronomie.de\/index.php?rest_route=\/wp\/v2\/pages\/351\/revisions\/352"}],"up":[{"embeddable":true,"href":"http:\/\/freebook.fernglas-astronomie.de\/index.php?rest_route=\/wp\/v2\/pages\/342"}],"wp:attachment":[{"href":"http:\/\/freebook.fernglas-astronomie.de\/index.php?rest_route=%2Fwp%2Fv2%2Fmedia&parent=351"}],"curies":[{"name":"wp","href":"https:\/\/api.w.org\/{rel}","templated":true}]}}