{"id":349,"date":"2014-04-13T15:42:31","date_gmt":"2014-04-13T13:42:31","guid":{"rendered":"http:\/\/freebook.fernglas-astronomie.de\/?page_id=349"},"modified":"2014-04-17T10:14:13","modified_gmt":"2014-04-17T08:14:13","slug":"eidechse","status":"publish","type":"page","link":"http:\/\/freebook.fernglas-astronomie.de\/?page_id=349","title":{"rendered":"Eidechse"},"content":{"rendered":"<p>Die 1687 von Johannes Hevelius eingef\u00fchrte Eidechse ist ein sehr unauff\u00e4lliges Sternbild, dessen hellster Stern nur 3,8<sup>m<\/sup> hell ist. Es enth\u00e4lt kaum lohnende Ziele, allerdings ist die Milchstra\u00dfe im S\u00fcdosten der Konstellation durchaus sehenswert. Viele Sterne in dieser Region geh\u00f6ren zu einer 2000 Lichtjahre entfernten Sternassoziation.<\/p>\n<p><strong><em>NGC 7243<\/em><\/strong> ist ein 2500 Lichtjahre entfernter Sternhaufen aus etwa 40 Sternen, von denen man im Fernglas etwa zehn erkennen kann. Die \u00fcbrigen Sterne verschwimmen zu einem blassen Schimmern. Der 21 Bogenminuten gro\u00dfe Sternhaufen verbirgt sich in einem sternreichen Teil der Milchstra\u00dfe und ist etwa 100 Millionen Jahre alt. Mit den je 2,5 Grad entfernten Sternen \u03b1 und \u03b2 Lacertae bildet er ein fast gleichseitiges Dreieck.<\/p>\n","protected":false},"excerpt":{"rendered":"<p>Die 1687 von Johannes Hevelius eingef\u00fchrte Eidechse ist ein sehr unauff\u00e4lliges Sternbild, dessen hellster Stern nur 3,8m hell ist. Es enth\u00e4lt kaum lohnende Ziele, allerdings ist die Milchstra\u00dfe im S\u00fcdosten der Konstellation durchaus sehenswert. Viele Sterne in dieser Region geh\u00f6ren zu einer 2000 Lichtjahre entfernten Sternassoziation. NGC 7243 ist ein 2500 Lichtjahre entfernter Sternhaufen aus &hellip; <a href=\"http:\/\/freebook.fernglas-astronomie.de\/?page_id=349\" class=\"more-link\"><span class=\"screen-reader-text\">Eidechse<\/span> weiterlesen <span class=\"meta-nav\">&rarr;<\/span><\/a><\/p>\n","protected":false},"author":1,"featured_media":0,"parent":342,"menu_order":0,"comment_status":"closed","ping_status":"closed","template":"","meta":{"footnotes":""},"class_list":["post-349","page","type-page","status-publish","hentry"],"_links":{"self":[{"href":"http:\/\/freebook.fernglas-astronomie.de\/index.php?rest_route=\/wp\/v2\/pages\/349","targetHints":{"allow":["GET"]}}],"collection":[{"href":"http:\/\/freebook.fernglas-astronomie.de\/index.php?rest_route=\/wp\/v2\/pages"}],"about":[{"href":"http:\/\/freebook.fernglas-astronomie.de\/index.php?rest_route=\/wp\/v2\/types\/page"}],"author":[{"embeddable":true,"href":"http:\/\/freebook.fernglas-astronomie.de\/index.php?rest_route=\/wp\/v2\/users\/1"}],"replies":[{"embeddable":true,"href":"http:\/\/freebook.fernglas-astronomie.de\/index.php?rest_route=%2Fwp%2Fv2%2Fcomments&post=349"}],"version-history":[{"count":1,"href":"http:\/\/freebook.fernglas-astronomie.de\/index.php?rest_route=\/wp\/v2\/pages\/349\/revisions"}],"predecessor-version":[{"id":350,"href":"http:\/\/freebook.fernglas-astronomie.de\/index.php?rest_route=\/wp\/v2\/pages\/349\/revisions\/350"}],"up":[{"embeddable":true,"href":"http:\/\/freebook.fernglas-astronomie.de\/index.php?rest_route=\/wp\/v2\/pages\/342"}],"wp:attachment":[{"href":"http:\/\/freebook.fernglas-astronomie.de\/index.php?rest_route=%2Fwp%2Fv2%2Fmedia&parent=349"}],"curies":[{"name":"wp","href":"https:\/\/api.w.org\/{rel}","templated":true}]}}