{"id":347,"date":"2014-04-13T15:41:02","date_gmt":"2014-04-13T13:41:02","guid":{"rendered":"http:\/\/freebook.fernglas-astronomie.de\/?page_id=347"},"modified":"2014-04-17T10:14:08","modified_gmt":"2014-04-17T08:14:08","slug":"dreieck","status":"publish","type":"page","link":"http:\/\/freebook.fernglas-astronomie.de\/?page_id=347","title":{"rendered":"Dreieck"},"content":{"rendered":"<p>Das Dreieck ist seit der Antike bekannt, allerdings hat sich seitdem seine Form ge\u00e4ndert. Um 270 vor Christus war statt \u03b3\u00a0Trianguli der Stern 12 Trianguli der westliche Eckpunkt des damals noch gleichseitigen Dreiecks. Der hellste Stern ist \u03b2 Trianguli (3,0<sup>m<\/sup>); \u03b1 Trianguli ist nur 3,4<sup>m<\/sup> hell. Das unscheinbare Sternbild enth\u00e4lt viele Galaxien, von denen aber nur M\u200933 f\u00fcr das Fernglas hell genug ist.<\/p>\n<p>Die <strong><em>Pinwheel-<\/em><\/strong> oder <strong><em>Triangulum-Galaxie M33<\/em><\/strong> ist nur 3,1 Millionen Lichtjahre entfernt und zwischen 5,7 und 6,3<sup>m<\/sup> hell. Trotzdem ist sie kein einfaches Objekt: Bei einer Ausdehnung von 73\u2009\u00d7\u200945 Bogenminuten hat sie eine sehr geringe Fl\u00e4chenhelligkeit und setzt einen dunklen Himmel voraus. Da ihr Zentrum heller ist als die Spiralarme, erscheint sie im Fernglas als bleicher, etwa vollmondgro\u00dfer Lichtfleck. Sie hat ein Drittel der Leuchtkraft unserer Milchstra\u00dfe und einen Durchmesser von 40\u2009000 Lichtjahren. Auch wenn sie damit zu den kleineren Galaxien z\u00e4hlt, ist sie das drittgr\u00f6\u00dfte Mitglied der lokalen Gruppe.<\/p>\n<p><em><strong>NGC 604<\/strong><\/em> ist ein Emissionsnebel im nord\u00f6stlichen Spiralarm der 3,1 Millionen Lichtjahre entfernten Galaxie M33. Er ist zehnmal so gro\u00df wie der Orionnebel und mit einem Durchmesser von 1000 Lichtjahren die gr\u00f6\u00dfte bekannte HII-Region. Im Fernglas erscheint er als diffuser kleiner Stern etwa 10 Bogenminuten nord\u00f6stlich des Zentrums von M33 und ist zumindest mit Nebelfilter leichter zu erkennen als die ausgedehnte Galaxie. Sein scheinbarer Durchmesser betr\u00e4gt etwa zwei Bogenminuten.<\/p>\n","protected":false},"excerpt":{"rendered":"<p>Das Dreieck ist seit der Antike bekannt, allerdings hat sich seitdem seine Form ge\u00e4ndert. Um 270 vor Christus war statt \u03b3\u00a0Trianguli der Stern 12 Trianguli der westliche Eckpunkt des damals noch gleichseitigen Dreiecks. Der hellste Stern ist \u03b2 Trianguli (3,0m); \u03b1 Trianguli ist nur 3,4m hell. Das unscheinbare Sternbild enth\u00e4lt viele Galaxien, von denen aber &hellip; <a href=\"http:\/\/freebook.fernglas-astronomie.de\/?page_id=347\" class=\"more-link\"><span class=\"screen-reader-text\">Dreieck<\/span> weiterlesen <span class=\"meta-nav\">&rarr;<\/span><\/a><\/p>\n","protected":false},"author":1,"featured_media":0,"parent":342,"menu_order":0,"comment_status":"closed","ping_status":"closed","template":"","meta":{"footnotes":""},"class_list":["post-347","page","type-page","status-publish","hentry"],"_links":{"self":[{"href":"http:\/\/freebook.fernglas-astronomie.de\/index.php?rest_route=\/wp\/v2\/pages\/347","targetHints":{"allow":["GET"]}}],"collection":[{"href":"http:\/\/freebook.fernglas-astronomie.de\/index.php?rest_route=\/wp\/v2\/pages"}],"about":[{"href":"http:\/\/freebook.fernglas-astronomie.de\/index.php?rest_route=\/wp\/v2\/types\/page"}],"author":[{"embeddable":true,"href":"http:\/\/freebook.fernglas-astronomie.de\/index.php?rest_route=\/wp\/v2\/users\/1"}],"replies":[{"embeddable":true,"href":"http:\/\/freebook.fernglas-astronomie.de\/index.php?rest_route=%2Fwp%2Fv2%2Fcomments&post=347"}],"version-history":[{"count":1,"href":"http:\/\/freebook.fernglas-astronomie.de\/index.php?rest_route=\/wp\/v2\/pages\/347\/revisions"}],"predecessor-version":[{"id":348,"href":"http:\/\/freebook.fernglas-astronomie.de\/index.php?rest_route=\/wp\/v2\/pages\/347\/revisions\/348"}],"up":[{"embeddable":true,"href":"http:\/\/freebook.fernglas-astronomie.de\/index.php?rest_route=\/wp\/v2\/pages\/342"}],"wp:attachment":[{"href":"http:\/\/freebook.fernglas-astronomie.de\/index.php?rest_route=%2Fwp%2Fv2%2Fmedia&parent=347"}],"curies":[{"name":"wp","href":"https:\/\/api.w.org\/{rel}","templated":true}]}}