{"id":340,"date":"2014-04-13T15:29:10","date_gmt":"2014-04-13T13:29:10","guid":{"rendered":"http:\/\/freebook.fernglas-astronomie.de\/?page_id=340"},"modified":"2014-04-23T22:50:32","modified_gmt":"2014-04-23T20:50:32","slug":"steinbock","status":"publish","type":"page","link":"http:\/\/freebook.fernglas-astronomie.de\/?page_id=340","title":{"rendered":"Steinbock"},"content":{"rendered":"<p>Als Tierkreissternbild ist der Steinbock seit langem bekannt, in Babylon sah man in ihm jedoch einen Ziegenfisch. Vor 2500 Jahren enthielt das Sternbild den Sonnenwendpunkt \u2013 dort erreicht die Sonne den s\u00fcdlichsten Punkt auf ihrer scheinbaren Bahn \u00fcber den Himmel. Obwohl der Sonnenwendpunkt mittlerweile im benachbarten Sch\u00fctze zu finden ist, wird der Breitenkreis auf der Erde, an dem die Sonne w\u00e4hrend der Wintersonnenwende im Zenit steht, heute noch als \u201eWendekreis des Steinbocks\u201c bezeichnet.<\/p>\n<p>Das Sternbild selbst ist eher unauff\u00e4llig. In der N\u00e4he von \u03b1 Capricorni beobachtete Johann Gottfried Galle im Jahr 1846 erstmals den Planeten Neptun. Zuvor war seine Position von Adams und Leverrier aus St\u00f6rungen in der Bewegung des Saturn berechnet worden.<\/p>\n<p>Der 4,8<sup>m<\/sup> helle <strong><em>\u03c1 Capricorni<\/em><\/strong> ist ein etwa 100 Lichtjahre entfernter Stern, der im Fernglas leicht als optischer Doppelstern zu trennen ist. Vier Bogenminuten trennen einen 4,9 und einen 6,6<sup>m<\/sup> hellen Stern. Die Sterne erscheinen gelb und purpur.<\/p>\n<p><strong><em>M30<\/em><\/strong> wurde bei seiner Entdeckung im Jahr 1764 von Messier als \u201eschwer sichtbarer Nebel\u201c beschrieben. Mit 7,3<sup>m<\/sup> ist dieser neun Bogenminuten helle Kugelsternhaufen zwar eigentlich kein schweres Objekt, gerade bei niedriger Vergr\u00f6\u00dferung kann er aber leicht von dem 21 Bogenminuten entfernten Stern 41 Capricorni \u00fcberstrahlt werden, der immerhin 5,2<sup>m<\/sup> hell ist. Der Horizontdunst und die niedrige Stellung k\u00f6nnen die Beobachtung zus\u00e4tzlich erschweren. Dicht neben M\u200930 befindet sich ein weiteres Sternchen achter Gr\u00f6\u00dfe. 40\u2009000 Lichtjahre trennen uns von diesem Kugelsternhaufen.<\/p>\n","protected":false},"excerpt":{"rendered":"<p>Als Tierkreissternbild ist der Steinbock seit langem bekannt, in Babylon sah man in ihm jedoch einen Ziegenfisch. Vor 2500 Jahren enthielt das Sternbild den Sonnenwendpunkt \u2013 dort erreicht die Sonne den s\u00fcdlichsten Punkt auf ihrer scheinbaren Bahn \u00fcber den Himmel. Obwohl der Sonnenwendpunkt mittlerweile im benachbarten Sch\u00fctze zu finden ist, wird der Breitenkreis auf der &hellip; <a href=\"http:\/\/freebook.fernglas-astronomie.de\/?page_id=340\" class=\"more-link\"><span class=\"screen-reader-text\">Steinbock<\/span> weiterlesen <span class=\"meta-nav\">&rarr;<\/span><\/a><\/p>\n","protected":false},"author":1,"featured_media":0,"parent":305,"menu_order":0,"comment_status":"closed","ping_status":"closed","template":"","meta":{"footnotes":""},"class_list":["post-340","page","type-page","status-publish","hentry"],"_links":{"self":[{"href":"http:\/\/freebook.fernglas-astronomie.de\/index.php?rest_route=\/wp\/v2\/pages\/340","targetHints":{"allow":["GET"]}}],"collection":[{"href":"http:\/\/freebook.fernglas-astronomie.de\/index.php?rest_route=\/wp\/v2\/pages"}],"about":[{"href":"http:\/\/freebook.fernglas-astronomie.de\/index.php?rest_route=\/wp\/v2\/types\/page"}],"author":[{"embeddable":true,"href":"http:\/\/freebook.fernglas-astronomie.de\/index.php?rest_route=\/wp\/v2\/users\/1"}],"replies":[{"embeddable":true,"href":"http:\/\/freebook.fernglas-astronomie.de\/index.php?rest_route=%2Fwp%2Fv2%2Fcomments&post=340"}],"version-history":[{"count":2,"href":"http:\/\/freebook.fernglas-astronomie.de\/index.php?rest_route=\/wp\/v2\/pages\/340\/revisions"}],"predecessor-version":[{"id":578,"href":"http:\/\/freebook.fernglas-astronomie.de\/index.php?rest_route=\/wp\/v2\/pages\/340\/revisions\/578"}],"up":[{"embeddable":true,"href":"http:\/\/freebook.fernglas-astronomie.de\/index.php?rest_route=\/wp\/v2\/pages\/305"}],"wp:attachment":[{"href":"http:\/\/freebook.fernglas-astronomie.de\/index.php?rest_route=%2Fwp%2Fv2%2Fmedia&parent=340"}],"curies":[{"name":"wp","href":"https:\/\/api.w.org\/{rel}","templated":true}]}}