{"id":320,"date":"2014-04-13T15:09:07","date_gmt":"2014-04-13T13:09:07","guid":{"rendered":"http:\/\/freebook.fernglas-astronomie.de\/?page_id=320"},"modified":"2014-04-17T10:15:49","modified_gmt":"2014-04-17T08:15:49","slug":"herkules","status":"publish","type":"page","link":"http:\/\/freebook.fernglas-astronomie.de\/?page_id=320","title":{"rendered":"Herkules"},"content":{"rendered":"<p>Der Herkules ist ein altes Sternbild, das einen knieenden Mann darstellt und bereits in babylonischer Zeit bekannt war. Das markante Viereck aus den Sternen \u03b7, \u03b6, \u03b5 und \u03c0, das seinen K\u00f6rper markiert, wird im englischen Sprachraum als Keystone (Schluss-Stein) bezeichnet.<\/p>\n<p><strong><em>\u03b1 Herculi<\/em><\/strong> ist der hellste Stern des Herkules. Er tr\u00e4gt den Namen Ras Algethi, was wohl auf das arabische Ras Al Jathiyy zur\u00fcckgeht und Kopf des Knieenden bedeutet \u2013 am Himmel steht der Herkules also auf dem Kopf. Ras Algethi ist ein roter \u00dcberriese, dessen Helligkeit mit einer Periode von etwa 90 Tagen zwischen 3,1 und 3,9<sup>m<\/sup> schwankt. Sein Durchmesser betr\u00e4gt etwa 600 Sonnendurchmesser, gemeinsam mit Mira (\u03bf Ceti) und Betelgeuze (\u03b1 Orionis) geh\u00f6rt er zu den gr\u00f6\u00dften und k\u00fchlsten bekannten Sternen. St\u00fcnde er an der Stelle der Sonne, w\u00fcrde er bis weit in den Asteroideng\u00fcrtel hinein reichen. Trotzdem hat er nur wenige Sonnenmassen, der gr\u00f6\u00dfte Teil des Stern besteht also ann\u00e4hernd aus Vakuum. Der 380 Lichtjahre entfernte Stern hat einen engen Begleitstern, der jedoch erst im Teleskop sichbar wird.<\/p>\n<figure id=\"attachment_321\" aria-describedby=\"caption-attachment-321\" style=\"width: 400px\" class=\"wp-caption aligncenter\"><a href=\"http:\/\/freebook.fernglas-astronomie.de\/wp-content\/uploads\/2014\/04\/M13.jpg\"><img loading=\"lazy\" decoding=\"async\" class=\"size-full wp-image-321\" alt=\"Obwohl M\u200913 der gr\u00f6\u00dfte von Europa aus sichtbare Kugelsternhaufen ist, bleibt er in kleineren Ger\u00e4ten nur ein \u201eWattebausch\u201c.\" src=\"http:\/\/freebook.fernglas-astronomie.de\/wp-content\/uploads\/2014\/04\/M13.jpg\" width=\"400\" height=\"266\" srcset=\"http:\/\/freebook.fernglas-astronomie.de\/wp-content\/uploads\/2014\/04\/M13.jpg 400w, http:\/\/freebook.fernglas-astronomie.de\/wp-content\/uploads\/2014\/04\/M13-300x199.jpg 300w\" sizes=\"auto, (max-width: 400px) 100vw, 400px\" \/><\/a><figcaption id=\"caption-attachment-321\" class=\"wp-caption-text\">Obwohl M\u200913 der gr\u00f6\u00dfte von Europa aus sichtbare Kugelsternhaufen ist, bleibt er in kleineren Ger\u00e4ten nur ein \u201eWattebausch\u201c.<\/figcaption><\/figure>\n<p><em><strong>M\u200913<\/strong><\/em> ist der gr\u00f6\u00dfte und eindrucksvollste Kugelsternhaufen, der von der Nordhalbkugel aus sichtbar ist. Er ist mit einer Helligkeit von 5,9<sup>m<\/sup> unter sehr guten Bedingungen auch schon f\u00fcr das blo\u00dfe Auge sichtbar. Im Fernglas erscheint M\u200913 als sternloser Nebel mit einem Durchmesser von bis zu 23 Bogenminuten, also etwa halb so gro\u00df wie der Vollmond. Erst ab zwanzigfacher Vergr\u00f6\u00dferung kann man die ersten seiner halben Million Sterne erkennen. Der 160 Lichtjahre durchmessende Kugelsternhaufen befindet sich in 23\u2009000 Lichtjahren Entfernung und ist vom Zentrum der Galaxis \u00e4hnlich weit entfernt wie unsere Sonne: Etwa 30\u2009000 Lichtjahre.<\/p>\n","protected":false},"excerpt":{"rendered":"<p>Der Herkules ist ein altes Sternbild, das einen knieenden Mann darstellt und bereits in babylonischer Zeit bekannt war. Das markante Viereck aus den Sternen \u03b7, \u03b6, \u03b5 und \u03c0, das seinen K\u00f6rper markiert, wird im englischen Sprachraum als Keystone (Schluss-Stein) bezeichnet. \u03b1 Herculi ist der hellste Stern des Herkules. Er tr\u00e4gt den Namen Ras Algethi, &hellip; <a href=\"http:\/\/freebook.fernglas-astronomie.de\/?page_id=320\" class=\"more-link\"><span class=\"screen-reader-text\">Herkules<\/span> weiterlesen <span class=\"meta-nav\">&rarr;<\/span><\/a><\/p>\n","protected":false},"author":1,"featured_media":0,"parent":305,"menu_order":0,"comment_status":"closed","ping_status":"closed","template":"","meta":{"footnotes":""},"class_list":["post-320","page","type-page","status-publish","hentry"],"_links":{"self":[{"href":"http:\/\/freebook.fernglas-astronomie.de\/index.php?rest_route=\/wp\/v2\/pages\/320","targetHints":{"allow":["GET"]}}],"collection":[{"href":"http:\/\/freebook.fernglas-astronomie.de\/index.php?rest_route=\/wp\/v2\/pages"}],"about":[{"href":"http:\/\/freebook.fernglas-astronomie.de\/index.php?rest_route=\/wp\/v2\/types\/page"}],"author":[{"embeddable":true,"href":"http:\/\/freebook.fernglas-astronomie.de\/index.php?rest_route=\/wp\/v2\/users\/1"}],"replies":[{"embeddable":true,"href":"http:\/\/freebook.fernglas-astronomie.de\/index.php?rest_route=%2Fwp%2Fv2%2Fcomments&post=320"}],"version-history":[{"count":1,"href":"http:\/\/freebook.fernglas-astronomie.de\/index.php?rest_route=\/wp\/v2\/pages\/320\/revisions"}],"predecessor-version":[{"id":322,"href":"http:\/\/freebook.fernglas-astronomie.de\/index.php?rest_route=\/wp\/v2\/pages\/320\/revisions\/322"}],"up":[{"embeddable":true,"href":"http:\/\/freebook.fernglas-astronomie.de\/index.php?rest_route=\/wp\/v2\/pages\/305"}],"wp:attachment":[{"href":"http:\/\/freebook.fernglas-astronomie.de\/index.php?rest_route=%2Fwp%2Fv2%2Fmedia&parent=320"}],"curies":[{"name":"wp","href":"https:\/\/api.w.org\/{rel}","templated":true}]}}