{"id":31,"date":"2014-04-13T12:04:02","date_gmt":"2014-04-13T10:04:02","guid":{"rendered":"http:\/\/freebook.fernglas-astronomie.de\/?page_id=31"},"modified":"2014-04-17T10:27:04","modified_gmt":"2014-04-17T08:27:04","slug":"alternative-spektiv","status":"publish","type":"page","link":"http:\/\/freebook.fernglas-astronomie.de\/?page_id=31","title":{"rendered":"Alternative Spektiv"},"content":{"rendered":"<p>Eine interessante Alternative zum Fernglas mit seiner geringen Vergr\u00f6\u00dferung und zum aufwendigen und sperrigen Teleskop sind Spektive. Dabei handelt es sich im Prinzip um ein einfaches Teleskop, das f\u00fcr die Erdbeobachtung gedacht ist. Dazu ist ein bildaufrichtendes Prisma fest in das Ger\u00e4t eingebaut, sodass das Bild anders als im astronomischen Teleskop aufrecht und seitenrichtig ist.<\/p>\n<p>In der Regel haben Spektive Zoom-Okulare f\u00fcr Vergr\u00f6\u00dferungen zwischen etwa 10x und 70x. Bei vielen Ger\u00e4ten k\u00f6nnen Sie zwar auch andere Okulare einsetzen, allerdings machen bei der Naturbeobachtung h\u00f6here Vergr\u00f6\u00dferungen dank der Luftunruhe nur selten Sinn. Das Bild flimmert zu sehr, wenn der Erdboden sich durch die Sonnenstrahlung erw\u00e4rmt hat und warme Luft nach oben steigt. Au\u00dferdem werden mit zunehmender Vergr\u00f6\u00dferung auch die Bildfehler auff\u00e4lliger. Bei Spektiven werden gerne so genannte achromatische Objektive verbaut. Diese zeigen einen mehr oder weniger auff\u00e4lligen Farbfehler, der sich als Blausaum bemerkbar macht. Er ist umso auff\u00e4lliger, je k\u00fcrzer die Brennweite im Verh\u00e4ltnis zur \u00d6ffnung ist. Ein Ger\u00e4t mit 80\u00a0mm \u00d6ffnung und 480\u00a0mm Brennweite wird einen auff\u00e4lligeren Farbfehler zeigen als eines mit 80\u00a0mm \u00d6ffnung und 900\u00a0mm Brennweite. Ger\u00e4te mit ED-Optik oder apochromatischen Objektiven zeigen keinen Farbfehler, kosten bei gleicher \u00d6ffnung aber gleich ein Vielfaches der einfacheren Modelle.<\/p>\n<figure id=\"attachment_32\" aria-describedby=\"caption-attachment-32\" style=\"width: 400px\" class=\"wp-caption aligncenter\"><a href=\"http:\/\/freebook.fernglas-astronomie.de\/wp-content\/uploads\/2014\/04\/Ultima-Spektiv.jpg\"><img loading=\"lazy\" decoding=\"async\" class=\"size-full wp-image-32\" alt=\"Ein Spektiv kann eine interessante Alternative zum Fernglas sein, erfordert aber auf jeden Fall ein ausreichend hohes und stabiles Stativ.\" src=\"http:\/\/freebook.fernglas-astronomie.de\/wp-content\/uploads\/2014\/04\/Ultima-Spektiv.jpg\" width=\"400\" height=\"363\" srcset=\"http:\/\/freebook.fernglas-astronomie.de\/wp-content\/uploads\/2014\/04\/Ultima-Spektiv.jpg 400w, http:\/\/freebook.fernglas-astronomie.de\/wp-content\/uploads\/2014\/04\/Ultima-Spektiv-300x272.jpg 300w\" sizes=\"auto, (max-width: 400px) 100vw, 400px\" \/><\/a><figcaption id=\"caption-attachment-32\" class=\"wp-caption-text\">Ein Spektiv kann eine interessante Alternative zum Fernglas sein, erfordert aber auf jeden Fall ein ausreichend hohes und stabiles Stativ.<\/figcaption><\/figure>\n<p>Besonders praktisch und komfortabel sind Ger\u00e4te mit Schr\u00e4geinblick. F\u00fcr die Naturbeobachtung ben\u00f6tigen Sie kein so hohes Stativ, und beim Blick in den Nachthimmel m\u00fcssen Sie nicht unter das Spektiv kriechen. Ein stabiles Stativ ben\u00f6tigen Sie aber auf jeden Fall.<\/p>\n<p>Durch die h\u00f6here Vergr\u00f6\u00dferung k\u00f6nnen Sie deutlich erkennen, ob Sie einen Stern oder einen Planet anvisiert haben, und viele Sternhaufen erscheinen deutlich besser aufgel\u00f6st und nicht nur als Nebelflecken. Zum Ausgleich daf\u00fcr f\u00e4llt die Orientierung am Himmel etwas schwerer, da das Gesichtsfeld kleiner ist. H\u00e4ufig haben Spektive entweder keinen Sucher oder nur ein Peilrohr. Das funktioniert bei der Erdbeobachtung wunderbar, da man sich an der Natur gut orientieren kann. Bei der Himmelsbeobachtung wird es dagegen schon problematischer, da im Okular alle Sterne zun\u00e4chst gleich aussehen.<\/p>\n<p>Achten Sie beim Kauf auch auf das Gesichtsfeld und Einblickverhalten des Okulars. Brillentr\u00e4ger \u2013 das gilt auch f\u00fcr Sonnenbrillentr\u00e4ger, schlie\u00dflich dienen die Ger\u00e4te ja eigentlich der Naturbeobachtung \u2013 sollten auf ca. 20\u00a0mm Augenabstand und umklappbare Augenmuscheln achten. Ein gr\u00f6\u00dferes Gesichtsfeld der Okulare verhindert einen Tunnelblick \u2013 man hat dann nicht das Gef\u00fchl, durch eine enge R\u00f6hre zu blicken. Einige Okulare neigen zu Kidney-Beaning: Dabei treten am Bildfeldrand schwarze bohnenf\u00f6rmige Flecken auf, wenn Ihr Auge nicht genau auf der optischen Achse des Spektivs liegt.<\/p>\n<figure id=\"attachment_33\" aria-describedby=\"caption-attachment-33\" style=\"width: 400px\" class=\"wp-caption aligncenter\"><a href=\"http:\/\/freebook.fernglas-astronomie.de\/wp-content\/uploads\/2014\/04\/Spektiv-Okulare.jpg\"><img loading=\"lazy\" decoding=\"async\" class=\"size-full wp-image-33\" alt=\"Bei Spektiven kann es praktisch sein, wenn das mitgelieferte Okular durch ein besseres ersetzt werden kann. Die Adaption erfolgt dann in der Regel \u00fcber ein Schraub- oder Bajonettgewinde, anders als bei Teleskopen.\" src=\"http:\/\/freebook.fernglas-astronomie.de\/wp-content\/uploads\/2014\/04\/Spektiv-Okulare.jpg\" width=\"400\" height=\"251\" srcset=\"http:\/\/freebook.fernglas-astronomie.de\/wp-content\/uploads\/2014\/04\/Spektiv-Okulare.jpg 400w, http:\/\/freebook.fernglas-astronomie.de\/wp-content\/uploads\/2014\/04\/Spektiv-Okulare-300x188.jpg 300w\" sizes=\"auto, (max-width: 400px) 100vw, 400px\" \/><\/a><figcaption id=\"caption-attachment-33\" class=\"wp-caption-text\">Bei Spektiven kann es praktisch sein, wenn das mitgelieferte Okular durch ein besseres ersetzt werden kann. Die Adaption erfolgt dann in der Regel \u00fcber ein Schraub- oder Bajonettgewinde, anders als bei Teleskopen.<\/figcaption><\/figure>\n<p>Bei vielen Spektiven l\u00e4sst sich das Okular auch tauschen. So k\u00f6nnen zum Beispiel mit Wechselokularen h\u00f6here Vergr\u00f6\u00dferungen erzielt oder auch Zoom-Okulare von h\u00f6herer Qualit\u00e4t oder mit gr\u00f6\u00dferem Gesichtsfeld eingesetzt werden. Die Fokuslage bei Spektiven ist allerdings enger als bei astronomischen Teleskopen, daher funktioniert nicht jedes Okular an jedem Spektiv.<\/p>\n<p>Damit ist das Spektiv ein Mittelding zwischen dem flexiblen Teleskop mit seinem umfangreichen Zubeh\u00f6r und dem Fernglas, das man immer dabei haben kann, dabei jedoch auf eine Vergr\u00f6\u00dferung festgelegt ist. Was Ihnen am meisten zusagt, m\u00fcssen Sie selbst entscheiden und h\u00e4ngt auch davon ab, wof\u00fcr Sie das Ger\u00e4t noch verwenden wollen.<\/p>\n","protected":false},"excerpt":{"rendered":"<p>Eine interessante Alternative zum Fernglas mit seiner geringen Vergr\u00f6\u00dferung und zum aufwendigen und sperrigen Teleskop sind Spektive. Dabei handelt es sich im Prinzip um ein einfaches Teleskop, das f\u00fcr die Erdbeobachtung gedacht ist. Dazu ist ein bildaufrichtendes Prisma fest in das Ger\u00e4t eingebaut, sodass das Bild anders als im astronomischen Teleskop aufrecht und seitenrichtig ist. &hellip; <a href=\"http:\/\/freebook.fernglas-astronomie.de\/?page_id=31\" class=\"more-link\"><span class=\"screen-reader-text\">Alternative Spektiv<\/span> weiterlesen <span class=\"meta-nav\">&rarr;<\/span><\/a><\/p>\n","protected":false},"author":1,"featured_media":0,"parent":24,"menu_order":0,"comment_status":"closed","ping_status":"closed","template":"","meta":{"footnotes":""},"class_list":["post-31","page","type-page","status-publish","hentry"],"_links":{"self":[{"href":"http:\/\/freebook.fernglas-astronomie.de\/index.php?rest_route=\/wp\/v2\/pages\/31","targetHints":{"allow":["GET"]}}],"collection":[{"href":"http:\/\/freebook.fernglas-astronomie.de\/index.php?rest_route=\/wp\/v2\/pages"}],"about":[{"href":"http:\/\/freebook.fernglas-astronomie.de\/index.php?rest_route=\/wp\/v2\/types\/page"}],"author":[{"embeddable":true,"href":"http:\/\/freebook.fernglas-astronomie.de\/index.php?rest_route=\/wp\/v2\/users\/1"}],"replies":[{"embeddable":true,"href":"http:\/\/freebook.fernglas-astronomie.de\/index.php?rest_route=%2Fwp%2Fv2%2Fcomments&post=31"}],"version-history":[{"count":1,"href":"http:\/\/freebook.fernglas-astronomie.de\/index.php?rest_route=\/wp\/v2\/pages\/31\/revisions"}],"predecessor-version":[{"id":34,"href":"http:\/\/freebook.fernglas-astronomie.de\/index.php?rest_route=\/wp\/v2\/pages\/31\/revisions\/34"}],"up":[{"embeddable":true,"href":"http:\/\/freebook.fernglas-astronomie.de\/index.php?rest_route=\/wp\/v2\/pages\/24"}],"wp:attachment":[{"href":"http:\/\/freebook.fernglas-astronomie.de\/index.php?rest_route=%2Fwp%2Fv2%2Fmedia&parent=31"}],"curies":[{"name":"wp","href":"https:\/\/api.w.org\/{rel}","templated":true}]}}