{"id":308,"date":"2014-04-13T14:58:47","date_gmt":"2014-04-13T12:58:47","guid":{"rendered":"http:\/\/freebook.fernglas-astronomie.de\/?page_id=308"},"modified":"2014-04-17T10:15:38","modified_gmt":"2014-04-17T08:15:38","slug":"adler","status":"publish","type":"page","link":"http:\/\/freebook.fernglas-astronomie.de\/?page_id=308","title":{"rendered":"Adler"},"content":{"rendered":"<p>Der Adler befindet sich zwar mitten in der Milchstra\u00dfe, allerdings sind in ihm nur wenige Deep-Sky-Objekte zu sehen, da die Staubwolken der Gro\u00dfen Teilung viel Licht schlucken. Er enth\u00e4lt viele planetarische Nebel, f\u00fcr die man jedoch ein Teleskop ben\u00f6tigt.<\/p>\n<p>Der 0,93<sup>m<\/sup> helle <strong><em>\u03b1 Aquilae (Atair)<\/em><\/strong> ist nur 16,7 Lichtjahre entfernt und hat die zehnfache Leuchtkraft unserer Sonne. Der Stern ist wohl stark abgeplattet, da er sehr schnell rotiert: Innerhalb von nur 6,5 Stunden dreht er sich einmal um seine Achse.<\/p>\n","protected":false},"excerpt":{"rendered":"<p>Der Adler befindet sich zwar mitten in der Milchstra\u00dfe, allerdings sind in ihm nur wenige Deep-Sky-Objekte zu sehen, da die Staubwolken der Gro\u00dfen Teilung viel Licht schlucken. Er enth\u00e4lt viele planetarische Nebel, f\u00fcr die man jedoch ein Teleskop ben\u00f6tigt. Der 0,93m helle \u03b1 Aquilae (Atair) ist nur 16,7 Lichtjahre entfernt und hat die zehnfache Leuchtkraft &hellip; <a href=\"http:\/\/freebook.fernglas-astronomie.de\/?page_id=308\" class=\"more-link\"><span class=\"screen-reader-text\">Adler<\/span> weiterlesen <span class=\"meta-nav\">&rarr;<\/span><\/a><\/p>\n","protected":false},"author":1,"featured_media":0,"parent":305,"menu_order":0,"comment_status":"closed","ping_status":"closed","template":"","meta":{"footnotes":""},"class_list":["post-308","page","type-page","status-publish","hentry"],"_links":{"self":[{"href":"http:\/\/freebook.fernglas-astronomie.de\/index.php?rest_route=\/wp\/v2\/pages\/308","targetHints":{"allow":["GET"]}}],"collection":[{"href":"http:\/\/freebook.fernglas-astronomie.de\/index.php?rest_route=\/wp\/v2\/pages"}],"about":[{"href":"http:\/\/freebook.fernglas-astronomie.de\/index.php?rest_route=\/wp\/v2\/types\/page"}],"author":[{"embeddable":true,"href":"http:\/\/freebook.fernglas-astronomie.de\/index.php?rest_route=\/wp\/v2\/users\/1"}],"replies":[{"embeddable":true,"href":"http:\/\/freebook.fernglas-astronomie.de\/index.php?rest_route=%2Fwp%2Fv2%2Fcomments&post=308"}],"version-history":[{"count":1,"href":"http:\/\/freebook.fernglas-astronomie.de\/index.php?rest_route=\/wp\/v2\/pages\/308\/revisions"}],"predecessor-version":[{"id":309,"href":"http:\/\/freebook.fernglas-astronomie.de\/index.php?rest_route=\/wp\/v2\/pages\/308\/revisions\/309"}],"up":[{"embeddable":true,"href":"http:\/\/freebook.fernglas-astronomie.de\/index.php?rest_route=\/wp\/v2\/pages\/305"}],"wp:attachment":[{"href":"http:\/\/freebook.fernglas-astronomie.de\/index.php?rest_route=%2Fwp%2Fv2%2Fmedia&parent=308"}],"curies":[{"name":"wp","href":"https:\/\/api.w.org\/{rel}","templated":true}]}}