{"id":241,"date":"2014-04-13T14:05:38","date_gmt":"2014-04-13T12:05:38","guid":{"rendered":"http:\/\/freebook.fernglas-astronomie.de\/?page_id=241"},"modified":"2014-04-17T10:25:54","modified_gmt":"2014-04-17T08:25:54","slug":"dunkelnebel","status":"publish","type":"page","link":"http:\/\/freebook.fernglas-astronomie.de\/?page_id=241","title":{"rendered":"Dunkelnebel"},"content":{"rendered":"<p>Dunkelnebel sind ausgedehnte Gebiete aus Gas und Staub, die nicht durch benachbarte Sterne beleuchtet werden. Sie lassen sich nur erkennen, da sie das Licht der dahinter liegenden Sterne d\u00e4mpfen. Die dichtesten oder ausgedehntesten Nebel zeigen sich daher als \u201eschwarze L\u00f6cher\u201c am Himmel. (Mit echten schwarzen L\u00f6chern haben sie aber nichts zu tun: Bei diesen handelt es sich um erloschene und kollabierte Sterne, die nicht direkt beobachtet werden k\u00f6nnen.) Dunkelnebel sind nur im Bereich der Milchstra\u00dfe zu beobachten. Wenn man aus der Ebene der Milchstra\u00dfe hinaussieht, gibt es nicht gen\u00fcgend Sterne, die sie verdunkeln k\u00f6nnen \u2013 und wenn doch, fehlt der Kontrast zu den benachbarten, nicht verdeckten Sternen. Die Nebel selbst bleiben dabei unsichtbar, man sieht nur ihren Schattenriss vor den Hintergrundsternen.<\/p>\n<p>Der ber\u00fchmte Pferdekopfnebel im Orion ist einer der bekanntesten Dunkelnebel, bleibt aber Teleskopen und Fotografien vorbehalten. Bereits im Fernglas ist der Pfeifennebel im Sternbild Schlangentr\u00e4ger zu erkennen, von der S\u00fcdhalbkugel der Erde aus kann auch der Kohlensack im Sternbild Kreuz des S\u00fcdens beobachtet werden. Auch die \u201eGro\u00dfe Teilung\u201c der Milchstra\u00dfe (der \u201eN\u00f6rdliche Kohlensack) zwischen Deneb (\u03b1 Cygni) und \u03b1 Centauri geht auf dichte, dunkle Nebelwolken zur\u00fcck, die den Blick auf weiter entfernte Sterne erschweren.<\/p>\n","protected":false},"excerpt":{"rendered":"<p>Dunkelnebel sind ausgedehnte Gebiete aus Gas und Staub, die nicht durch benachbarte Sterne beleuchtet werden. Sie lassen sich nur erkennen, da sie das Licht der dahinter liegenden Sterne d\u00e4mpfen. Die dichtesten oder ausgedehntesten Nebel zeigen sich daher als \u201eschwarze L\u00f6cher\u201c am Himmel. (Mit echten schwarzen L\u00f6chern haben sie aber nichts zu tun: Bei diesen handelt &hellip; <a href=\"http:\/\/freebook.fernglas-astronomie.de\/?page_id=241\" class=\"more-link\"><span class=\"screen-reader-text\">Dunkelnebel<\/span> weiterlesen <span class=\"meta-nav\">&rarr;<\/span><\/a><\/p>\n","protected":false},"author":1,"featured_media":0,"parent":217,"menu_order":0,"comment_status":"closed","ping_status":"closed","template":"","meta":{"footnotes":""},"class_list":["post-241","page","type-page","status-publish","hentry"],"_links":{"self":[{"href":"http:\/\/freebook.fernglas-astronomie.de\/index.php?rest_route=\/wp\/v2\/pages\/241","targetHints":{"allow":["GET"]}}],"collection":[{"href":"http:\/\/freebook.fernglas-astronomie.de\/index.php?rest_route=\/wp\/v2\/pages"}],"about":[{"href":"http:\/\/freebook.fernglas-astronomie.de\/index.php?rest_route=\/wp\/v2\/types\/page"}],"author":[{"embeddable":true,"href":"http:\/\/freebook.fernglas-astronomie.de\/index.php?rest_route=\/wp\/v2\/users\/1"}],"replies":[{"embeddable":true,"href":"http:\/\/freebook.fernglas-astronomie.de\/index.php?rest_route=%2Fwp%2Fv2%2Fcomments&post=241"}],"version-history":[{"count":1,"href":"http:\/\/freebook.fernglas-astronomie.de\/index.php?rest_route=\/wp\/v2\/pages\/241\/revisions"}],"predecessor-version":[{"id":242,"href":"http:\/\/freebook.fernglas-astronomie.de\/index.php?rest_route=\/wp\/v2\/pages\/241\/revisions\/242"}],"up":[{"embeddable":true,"href":"http:\/\/freebook.fernglas-astronomie.de\/index.php?rest_route=\/wp\/v2\/pages\/217"}],"wp:attachment":[{"href":"http:\/\/freebook.fernglas-astronomie.de\/index.php?rest_route=%2Fwp%2Fv2%2Fmedia&parent=241"}],"curies":[{"name":"wp","href":"https:\/\/api.w.org\/{rel}","templated":true}]}}