{"id":238,"date":"2014-04-13T14:04:55","date_gmt":"2014-04-13T12:04:55","guid":{"rendered":"http:\/\/freebook.fernglas-astronomie.de\/?page_id=238"},"modified":"2014-04-17T10:26:21","modified_gmt":"2014-04-17T08:26:21","slug":"reflexionsnebel","status":"publish","type":"page","link":"http:\/\/freebook.fernglas-astronomie.de\/?page_id=238","title":{"rendered":"Reflexionsnebel"},"content":{"rendered":"<figure id=\"attachment_239\" aria-describedby=\"caption-attachment-239\" style=\"width: 400px\" class=\"wp-caption aligncenter\"><a href=\"http:\/\/freebook.fernglas-astronomie.de\/wp-content\/uploads\/2014\/04\/M78_klein.jpg\"><img loading=\"lazy\" decoding=\"async\" class=\"size-full wp-image-239\" alt=\"Obwohl M\u200978 zu den hellsten Reflexionsnebeln geh\u00f6rt, ist er selbst auf Fotografien nur als leichtes Schimmern rund um einen engen Doppelstern zu erkennen. \" src=\"http:\/\/freebook.fernglas-astronomie.de\/wp-content\/uploads\/2014\/04\/M78_klein.jpg\" width=\"400\" height=\"266\" srcset=\"http:\/\/freebook.fernglas-astronomie.de\/wp-content\/uploads\/2014\/04\/M78_klein.jpg 400w, http:\/\/freebook.fernglas-astronomie.de\/wp-content\/uploads\/2014\/04\/M78_klein-300x199.jpg 300w\" sizes=\"auto, (max-width: 400px) 100vw, 400px\" \/><\/a><figcaption id=\"caption-attachment-239\" class=\"wp-caption-text\">Obwohl M\u200978 zu den hellsten Reflexionsnebeln geh\u00f6rt, ist er selbst auf Fotografien nur als leichtes Schimmern rund um einen engen Doppelstern zu erkennen.<\/figcaption><\/figure>\n<p>Reflexionsnebel werden zwar wie Emissionsnebel auch als diffuse Nebel bezeichnet, leuchten im Gegensatz zu diesen aber nicht selbst, sondern reflektieren nur das Licht benachbarter Sterne. Daher sind sie sehr klein und nur in unmittelbarer N\u00e4he von hellen Sternen zu sehen, sodass sie leicht \u00fcberstrahlt werden k\u00f6nnen. Vor allem wegen ihrer geringen Ausdehnung gibt es nur wenige Reflexionsnebel, die im Fernglas sichtbar sind. Um sie erfolgreich zu beobachten, ben\u00f6tigen Sie auf jeden Fall eine saubere Optik, da Sie ansonsten um jeden Stern einen Nebel sehen werden. Eine etwas h\u00f6here Vergr\u00f6\u00dferung ist ebenfalls hilfreich, da dadurch vor allem in lichtverschmutzten Gegenden der Kontrast erh\u00f6ht wird. Weil sie das Licht von Sternen reflektieren, die in allen Spektralfarben leuchten, gibt es keine speziellen Filter, mit denen sie besser zu sehen sind \u2013 allenfalls allgemeine Filter, die das Licht der Stra\u00dfenlaternen herausfiltern, k\u00f6nnen etwas helfen. Sie bleiben jedoch ebenfalls sehr teuren Ferngl\u00e4sern vorbehalten. Die bekanntesten Reflexionsnebel sind M\u200978 im Orion und die Nebel rund um die Sterne der Plejaden.<\/p>\n","protected":false},"excerpt":{"rendered":"<p>Reflexionsnebel werden zwar wie Emissionsnebel auch als diffuse Nebel bezeichnet, leuchten im Gegensatz zu diesen aber nicht selbst, sondern reflektieren nur das Licht benachbarter Sterne. Daher sind sie sehr klein und nur in unmittelbarer N\u00e4he von hellen Sternen zu sehen, sodass sie leicht \u00fcberstrahlt werden k\u00f6nnen. Vor allem wegen ihrer geringen Ausdehnung gibt es nur &hellip; <a href=\"http:\/\/freebook.fernglas-astronomie.de\/?page_id=238\" class=\"more-link\"><span class=\"screen-reader-text\">Reflexionsnebel<\/span> weiterlesen <span class=\"meta-nav\">&rarr;<\/span><\/a><\/p>\n","protected":false},"author":1,"featured_media":0,"parent":217,"menu_order":0,"comment_status":"closed","ping_status":"closed","template":"","meta":{"footnotes":""},"class_list":["post-238","page","type-page","status-publish","hentry"],"_links":{"self":[{"href":"http:\/\/freebook.fernglas-astronomie.de\/index.php?rest_route=\/wp\/v2\/pages\/238","targetHints":{"allow":["GET"]}}],"collection":[{"href":"http:\/\/freebook.fernglas-astronomie.de\/index.php?rest_route=\/wp\/v2\/pages"}],"about":[{"href":"http:\/\/freebook.fernglas-astronomie.de\/index.php?rest_route=\/wp\/v2\/types\/page"}],"author":[{"embeddable":true,"href":"http:\/\/freebook.fernglas-astronomie.de\/index.php?rest_route=\/wp\/v2\/users\/1"}],"replies":[{"embeddable":true,"href":"http:\/\/freebook.fernglas-astronomie.de\/index.php?rest_route=%2Fwp%2Fv2%2Fcomments&post=238"}],"version-history":[{"count":1,"href":"http:\/\/freebook.fernglas-astronomie.de\/index.php?rest_route=\/wp\/v2\/pages\/238\/revisions"}],"predecessor-version":[{"id":240,"href":"http:\/\/freebook.fernglas-astronomie.de\/index.php?rest_route=\/wp\/v2\/pages\/238\/revisions\/240"}],"up":[{"embeddable":true,"href":"http:\/\/freebook.fernglas-astronomie.de\/index.php?rest_route=\/wp\/v2\/pages\/217"}],"wp:attachment":[{"href":"http:\/\/freebook.fernglas-astronomie.de\/index.php?rest_route=%2Fwp%2Fv2%2Fmedia&parent=238"}],"curies":[{"name":"wp","href":"https:\/\/api.w.org\/{rel}","templated":true}]}}