{"id":225,"date":"2014-04-13T13:58:06","date_gmt":"2014-04-13T11:58:06","guid":{"rendered":"http:\/\/freebook.fernglas-astronomie.de\/?page_id=225"},"modified":"2014-04-17T10:26:33","modified_gmt":"2014-04-17T08:26:33","slug":"veraenderliche-sterne","status":"publish","type":"page","link":"http:\/\/freebook.fernglas-astronomie.de\/?page_id=225","title":{"rendered":"Ver\u00e4nderliche Sterne"},"content":{"rendered":"<p>Die Beobachtung ver\u00e4nderlicher Sterne ist der fruchtbarste Bereich f\u00fcr eine Zusammenarbeit zwischen Profi- und Amateurastronomen. Viele Sterne ver\u00e4ndern ihre Helligkeit im Lauf der Zeit, entweder durch physikalische Prozesse auf oder in dem Stern oder weil sie von einem engen Begleitstern verdeckt werden. Die gro\u00dfe Anzahl der ver\u00e4nderlichen Sterne kann durch die Berufsastronomen nicht st\u00e4ndig \u00fcberwacht werden. Da viele Ver\u00e4nderliche w\u00e4hrend ihres gesamten Zyklus hell genug bleiben, um im Fernglas sichtbar zu sein, kann praktisch jeder einen Beitrag zur Forschung leisten, wenn er genug Durchhalteverm\u00f6gen hat, um \u00fcber l\u00e4ngere Zeit ein Beobachtungsprogramm durchzuziehen. Die Helligkeitssch\u00e4tzung erfordert zwar etwas \u00dcbung, ist aber einfach, wenn man gute Karten hat. Man vergleicht einfach die Helligkeit eines ver\u00e4nderlichen Sterns mit denen benachbarter Sterne mit gleichbleibender Helligkeit und notiert Datum und Helligkeit. Sternkarten lassen sich mit einem Sternkartenprogramm mit guter Datengrundlage selbst erstellen. Die Bundesdeutsche Arbeitsgemeinschaft f\u00fcr Ver\u00e4nderliche Sterne e.V., Munsterdamm\u00a090, 12169 Berlin, <a href=\"http:\/\/www.bav-astro.de\" target=\"_blank\">http:\/\/www.bav-astro.de<\/a>, sammelt Beobachtungsergebnisse und kann bei Fragen weiterhelfen.<br \/>\nBedeckungsver\u00e4nderliche Sterne zeigen gleichm\u00e4\u00dfige Lichtkurven, da es bei ihnen mit sch\u00f6ner Regelm\u00e4\u00dfigkeit zu einem Helligkeitseinbruch kommt, wenn ein Stern eines Doppelsternsystems vor oder hinter dem zweiten Stern steht. Der bekannteste Vertreter dieser Klasse ist Algol (\u03b2 Persei, der \u201eTeufelsstern im Perseus\u201c). Seine Helligkeit sinkt alle 2,87 Tage f\u00fcr 10 Stunden von 2,1 auf 3,4<sup>m<\/sup>.<\/p>\n<p>&nbsp;<\/p>\n<figure id=\"attachment_226\" aria-describedby=\"caption-attachment-226\" style=\"width: 400px\" class=\"wp-caption aligncenter\"><a href=\"http:\/\/freebook.fernglas-astronomie.de\/wp-content\/uploads\/2014\/04\/Veraenderliche.jpg\"><img loading=\"lazy\" decoding=\"async\" class=\"size-full wp-image-226\" alt=\"Die Lichtkurven von ver\u00e4nderlichen Sternen. Bei Bedeckungsver\u00e4nderlichen vom Algoltyp (oben) kommt es zu Helligkeitseinbr\u00fcchen in der Lichtkurve, wenn ein Stern von seinem Begleiter bedeckt wird. Abh\u00e4ngig von der Bahnneigung und der Art der beiden Sterne fallen die Minima unterschiedlich aus. Bei langperiodischen Ver\u00e4nderlichen oder bei Pulsationsver\u00e4nderlichen (unten) \u00e4ndert sich die Helligkeit mit dem Durchmesser des Sterns.\" src=\"http:\/\/freebook.fernglas-astronomie.de\/wp-content\/uploads\/2014\/04\/Veraenderliche.jpg\" width=\"400\" height=\"469\" srcset=\"http:\/\/freebook.fernglas-astronomie.de\/wp-content\/uploads\/2014\/04\/Veraenderliche.jpg 400w, http:\/\/freebook.fernglas-astronomie.de\/wp-content\/uploads\/2014\/04\/Veraenderliche-255x300.jpg 255w\" sizes=\"auto, (max-width: 400px) 100vw, 400px\" \/><\/a><figcaption id=\"caption-attachment-226\" class=\"wp-caption-text\">Die Lichtkurven von ver\u00e4nderlichen Sternen.<br \/>Bei Bedeckungsver\u00e4nderlichen vom Algoltyp (oben) kommt es zu Helligkeitseinbr\u00fcchen in der Lichtkurve, wenn ein Stern von seinem Begleiter bedeckt wird. Abh\u00e4ngig von der Bahnneigung und der Art der beiden Sterne fallen die Minima unterschiedlich aus.<br \/>Bei langperiodischen Ver\u00e4nderlichen oder bei Pulsationsver\u00e4nderlichen (unten) \u00e4ndert sich die Helligkeit mit dem Durchmesser des Sterns.<\/figcaption><\/figure>\n<p><strong><em>Pulsationsver\u00e4nderliche<\/em><\/strong> sind Sterne, deren Durchmesser sich regelm\u00e4\u00dfig ver\u00e4ndert. Langperiodische Ver\u00e4nderliche (Mira-Sterne) sind alte, rote Riesensterne wie Mira (\u03bf Ceti), deren Helligkeit im Lauf von 80 bis 1000 Tagen um bis zu zehn Gr\u00f6\u00dfenklassen schwankt. Der Zeitraum zwischen zwei Maxima ist nicht immer exakt gleich. Bei den kurzperiodischen Cepheiden handelt es sich um helle, pulsierende \u00dcberriesen. Bei ihnen gibt es eine feste Beziehung zwischen ihrer Periode und ihrer absoluten Helligkeit. Der Namensgeber dieser Klasse ist \u03b4 Cephei, seine Helligkeit schwankt innerhalb von 5,4 Tagen zwischen 3,6 und 4,4<sup>m<\/sup>.<\/p>\n<p>Als <strong><em>Eruptive Ver\u00e4nderliche<\/em><\/strong> werden Sterne bezeichnet, die meist unvorhersehbare Helligkeitsschwankungen zeigen. In diese Klasse geh\u00f6ren Novae und Supernovae ebenso wie sehr junge Sterne oder die R Coronae Borealis-Sterne, bei denen dunkle Ru\u00dfwolken immer wieder den Blick auf die Oberfl\u00e4che verh\u00fcllen.<\/p>\n","protected":false},"excerpt":{"rendered":"<p>Die Beobachtung ver\u00e4nderlicher Sterne ist der fruchtbarste Bereich f\u00fcr eine Zusammenarbeit zwischen Profi- und Amateurastronomen. Viele Sterne ver\u00e4ndern ihre Helligkeit im Lauf der Zeit, entweder durch physikalische Prozesse auf oder in dem Stern oder weil sie von einem engen Begleitstern verdeckt werden. Die gro\u00dfe Anzahl der ver\u00e4nderlichen Sterne kann durch die Berufsastronomen nicht st\u00e4ndig \u00fcberwacht &hellip; <a href=\"http:\/\/freebook.fernglas-astronomie.de\/?page_id=225\" class=\"more-link\"><span class=\"screen-reader-text\">Ver\u00e4nderliche Sterne<\/span> weiterlesen <span class=\"meta-nav\">&rarr;<\/span><\/a><\/p>\n","protected":false},"author":1,"featured_media":0,"parent":217,"menu_order":0,"comment_status":"closed","ping_status":"closed","template":"","meta":{"footnotes":""},"class_list":["post-225","page","type-page","status-publish","hentry"],"_links":{"self":[{"href":"http:\/\/freebook.fernglas-astronomie.de\/index.php?rest_route=\/wp\/v2\/pages\/225","targetHints":{"allow":["GET"]}}],"collection":[{"href":"http:\/\/freebook.fernglas-astronomie.de\/index.php?rest_route=\/wp\/v2\/pages"}],"about":[{"href":"http:\/\/freebook.fernglas-astronomie.de\/index.php?rest_route=\/wp\/v2\/types\/page"}],"author":[{"embeddable":true,"href":"http:\/\/freebook.fernglas-astronomie.de\/index.php?rest_route=\/wp\/v2\/users\/1"}],"replies":[{"embeddable":true,"href":"http:\/\/freebook.fernglas-astronomie.de\/index.php?rest_route=%2Fwp%2Fv2%2Fcomments&post=225"}],"version-history":[{"count":2,"href":"http:\/\/freebook.fernglas-astronomie.de\/index.php?rest_route=\/wp\/v2\/pages\/225\/revisions"}],"predecessor-version":[{"id":228,"href":"http:\/\/freebook.fernglas-astronomie.de\/index.php?rest_route=\/wp\/v2\/pages\/225\/revisions\/228"}],"up":[{"embeddable":true,"href":"http:\/\/freebook.fernglas-astronomie.de\/index.php?rest_route=\/wp\/v2\/pages\/217"}],"wp:attachment":[{"href":"http:\/\/freebook.fernglas-astronomie.de\/index.php?rest_route=%2Fwp%2Fv2%2Fmedia&parent=225"}],"curies":[{"name":"wp","href":"https:\/\/api.w.org\/{rel}","templated":true}]}}