{"id":222,"date":"2014-04-13T13:55:42","date_gmt":"2014-04-13T11:55:42","guid":{"rendered":"http:\/\/freebook.fernglas-astronomie.de\/?page_id=222"},"modified":"2014-04-17T10:25:50","modified_gmt":"2014-04-17T08:25:50","slug":"doppel-und-mehrfachsterne","status":"publish","type":"page","link":"http:\/\/freebook.fernglas-astronomie.de\/?page_id=222","title":{"rendered":"Doppel- und Mehrfachsterne"},"content":{"rendered":"<p>Etwa die H\u00e4lfte bis zwei Drittel aller Sterne sind Mehrfachsterne, bei denen zwei oder mehr Sterne um ein gemeinsames Zentrum kreisen. Die Zahlen sind noch unsicher, da es neben diesen physischen Doppelsternen auch scheinbare (optische) Doppelsterne gibt, bei denen zwei unterschiedlich weit entfernte Sterne von der Erde aus gesehen zuf\u00e4llig in der selben Blickrichtung stehen.<\/p>\n<figure id=\"attachment_223\" aria-describedby=\"caption-attachment-223\" style=\"width: 400px\" class=\"wp-caption aligncenter\"><a href=\"http:\/\/freebook.fernglas-astronomie.de\/wp-content\/uploads\/2014\/04\/Albireo_bunt.jpg\"><img loading=\"lazy\" decoding=\"async\" class=\"size-full wp-image-223\" alt=\"Albireo im Schwan (\u03b2 Cygni) geh\u00f6rt zu den bekanntesten Doppelsternen. Der Farbkontrast (gelb und blau) wird deutlicher, wenn das Bild leicht unscharf oder h\u00f6her vergr\u00f6\u00dfert ist (Inset).\" src=\"http:\/\/freebook.fernglas-astronomie.de\/wp-content\/uploads\/2014\/04\/Albireo_bunt.jpg\" width=\"400\" height=\"266\" srcset=\"http:\/\/freebook.fernglas-astronomie.de\/wp-content\/uploads\/2014\/04\/Albireo_bunt.jpg 400w, http:\/\/freebook.fernglas-astronomie.de\/wp-content\/uploads\/2014\/04\/Albireo_bunt-300x199.jpg 300w\" sizes=\"auto, (max-width: 400px) 100vw, 400px\" \/><\/a><figcaption id=\"caption-attachment-223\" class=\"wp-caption-text\">Albireo im Schwan (\u03b2 Cygni) geh\u00f6rt zu den bekanntesten Doppelsternen. Der Farbkontrast (gelb und blau) wird deutlicher, wenn das Bild leicht unscharf oder h\u00f6her vergr\u00f6\u00dfert ist (Inset).<\/figcaption><\/figure>\n<p>Ob es sich um einen optischen oder einen physischen Doppelstern handelt, kann man feststellen, indem man entweder die Entfernung der beiden Sterne misst oder \u00fcber einen langen Zeitraum hinweg ihre Position zueinander bestimmt \u2013 physische Doppelsterne umkreisen einander, da ein Umlauf aber durchaus einige Jahrtausende dauern kann, ist man auf ein stabiles Teleskop angewiesen, um exakte Messungen vornehmen zu k\u00f6nnen. Auch der Abstand zweier Sterne, der sich w\u00e4hrend einer Umkreisung ver\u00e4ndert, l\u00e4sst sich nur mit einem Mikrometer oder photographisch bestimmen. Allerdings kann der Abstand sich so sehr ver\u00e4ndern, dass die Sterne in ihrer engsten Position nicht mehr getrennt werden k\u00f6nnen, w\u00e4hrend sie gut voneinander zu trennen sind, wenn ihr Abstand maximal ist. Doppelsterne mit bekanntem Abstand lassen sich auch nutzen, um die Aufl\u00f6sung eines Ger\u00e4tes zu testen. Dazu sollten die Sterne etwa gleich hell sein. Sterne mit sehr verschiedenen Helligkeiten sind schwerer zu trennen, da ein Stern leicht den anderen \u00fcberstrahlen kann.<\/p>\n<p>Neben dem Helligkeitsunterschied lohnt es sich wie auch bei einzelnen Sternen, auf die Farben zu achten.<\/p>\n<p><em>Spektroskopische Doppelsterne<\/em> sind sehr enge Sternpaare, die nicht direkt beobachtet werden k\u00f6nnen. Sie lassen sich nur mit speziellen Ger\u00e4ten \u00fcber \u00c4nderungen in den Sternspektren nachweisen.<\/p>\n","protected":false},"excerpt":{"rendered":"<p>Etwa die H\u00e4lfte bis zwei Drittel aller Sterne sind Mehrfachsterne, bei denen zwei oder mehr Sterne um ein gemeinsames Zentrum kreisen. Die Zahlen sind noch unsicher, da es neben diesen physischen Doppelsternen auch scheinbare (optische) Doppelsterne gibt, bei denen zwei unterschiedlich weit entfernte Sterne von der Erde aus gesehen zuf\u00e4llig in der selben Blickrichtung stehen. &hellip; <a href=\"http:\/\/freebook.fernglas-astronomie.de\/?page_id=222\" class=\"more-link\"><span class=\"screen-reader-text\">Doppel- und Mehrfachsterne<\/span> weiterlesen <span class=\"meta-nav\">&rarr;<\/span><\/a><\/p>\n","protected":false},"author":1,"featured_media":0,"parent":217,"menu_order":0,"comment_status":"closed","ping_status":"closed","template":"","meta":{"footnotes":""},"class_list":["post-222","page","type-page","status-publish","hentry"],"_links":{"self":[{"href":"http:\/\/freebook.fernglas-astronomie.de\/index.php?rest_route=\/wp\/v2\/pages\/222","targetHints":{"allow":["GET"]}}],"collection":[{"href":"http:\/\/freebook.fernglas-astronomie.de\/index.php?rest_route=\/wp\/v2\/pages"}],"about":[{"href":"http:\/\/freebook.fernglas-astronomie.de\/index.php?rest_route=\/wp\/v2\/types\/page"}],"author":[{"embeddable":true,"href":"http:\/\/freebook.fernglas-astronomie.de\/index.php?rest_route=\/wp\/v2\/users\/1"}],"replies":[{"embeddable":true,"href":"http:\/\/freebook.fernglas-astronomie.de\/index.php?rest_route=%2Fwp%2Fv2%2Fcomments&post=222"}],"version-history":[{"count":1,"href":"http:\/\/freebook.fernglas-astronomie.de\/index.php?rest_route=\/wp\/v2\/pages\/222\/revisions"}],"predecessor-version":[{"id":224,"href":"http:\/\/freebook.fernglas-astronomie.de\/index.php?rest_route=\/wp\/v2\/pages\/222\/revisions\/224"}],"up":[{"embeddable":true,"href":"http:\/\/freebook.fernglas-astronomie.de\/index.php?rest_route=\/wp\/v2\/pages\/217"}],"wp:attachment":[{"href":"http:\/\/freebook.fernglas-astronomie.de\/index.php?rest_route=%2Fwp%2Fv2%2Fmedia&parent=222"}],"curies":[{"name":"wp","href":"https:\/\/api.w.org\/{rel}","templated":true}]}}