{"id":189,"date":"2014-04-13T13:39:06","date_gmt":"2014-04-13T11:39:06","guid":{"rendered":"http:\/\/freebook.fernglas-astronomie.de\/?page_id=189"},"modified":"2014-04-17T10:19:07","modified_gmt":"2014-04-17T08:19:07","slug":"venus","status":"publish","type":"page","link":"http:\/\/freebook.fernglas-astronomie.de\/?page_id=189","title":{"rendered":"Venus"},"content":{"rendered":"<figure id=\"attachment_190\" aria-describedby=\"caption-attachment-190\" style=\"width: 400px\" class=\"wp-caption aligncenter\"><a href=\"http:\/\/freebook.fernglas-astronomie.de\/wp-content\/uploads\/2014\/04\/Venus.jpg\"><img loading=\"lazy\" decoding=\"async\" class=\"size-full wp-image-190\" alt=\"Die Venus zeigt selbst in gro\u00dfen Teleskopen keine Strukturen, allerdings sind ihre Phasen gut zu sehen.\" src=\"http:\/\/freebook.fernglas-astronomie.de\/wp-content\/uploads\/2014\/04\/Venus.jpg\" width=\"400\" height=\"533\" srcset=\"http:\/\/freebook.fernglas-astronomie.de\/wp-content\/uploads\/2014\/04\/Venus.jpg 400w, http:\/\/freebook.fernglas-astronomie.de\/wp-content\/uploads\/2014\/04\/Venus-225x300.jpg 225w\" sizes=\"auto, (max-width: 400px) 100vw, 400px\" \/><\/a><figcaption id=\"caption-attachment-190\" class=\"wp-caption-text\">Die Venus zeigt selbst in gro\u00dfen Teleskopen keine Strukturen, allerdings sind ihre Phasen gut zu sehen.<\/figcaption><\/figure>\n<p>Auch die gr\u00f6\u00dften Teleskope zeigen auf unserem inneren Nachbarplaneten keine Details, da seine Oberfl\u00e4che st\u00e4ndig unter einer dichten Wolkendecke verborgen liegt. Im Fernglas k\u00f6nnen Sie aber versuchen, die Venusphasen zu erkennen \u2013 auch hier bleiben Sie selbst wie bei der Merkurbeobachtung m\u00f6glichst im Schatten. Genau wie der Erdmond zeigt auch die Venus Phasen. Wenn sie als Morgen- oder Abendstern in gr\u00f6\u00dftem Glanz steht, sehen wir seitlich auf sie, sodass wir einen Teil der beleuchteten, der Sonne zugewandten Tagseite sowie einen Teil der sonnenabgewandten, dunklen Nachtseite sehen.<\/p>\n<p style=\"text-align: right;\"><strong>Weiter:<\/strong> <a title=\"Mars\" href=\"http:\/\/freebook.fernglas-astronomie.de\/?page_id=192\">Mars<\/a><\/p>\n","protected":false},"excerpt":{"rendered":"<p>Auch die gr\u00f6\u00dften Teleskope zeigen auf unserem inneren Nachbarplaneten keine Details, da seine Oberfl\u00e4che st\u00e4ndig unter einer dichten Wolkendecke verborgen liegt. Im Fernglas k\u00f6nnen Sie aber versuchen, die Venusphasen zu erkennen \u2013 auch hier bleiben Sie selbst wie bei der Merkurbeobachtung m\u00f6glichst im Schatten. Genau wie der Erdmond zeigt auch die Venus Phasen. Wenn sie &hellip; <a href=\"http:\/\/freebook.fernglas-astronomie.de\/?page_id=189\" class=\"more-link\"><span class=\"screen-reader-text\">Venus<\/span> weiterlesen <span class=\"meta-nav\">&rarr;<\/span><\/a><\/p>\n","protected":false},"author":1,"featured_media":0,"parent":179,"menu_order":0,"comment_status":"closed","ping_status":"closed","template":"","meta":{"footnotes":""},"class_list":["post-189","page","type-page","status-publish","hentry"],"_links":{"self":[{"href":"http:\/\/freebook.fernglas-astronomie.de\/index.php?rest_route=\/wp\/v2\/pages\/189","targetHints":{"allow":["GET"]}}],"collection":[{"href":"http:\/\/freebook.fernglas-astronomie.de\/index.php?rest_route=\/wp\/v2\/pages"}],"about":[{"href":"http:\/\/freebook.fernglas-astronomie.de\/index.php?rest_route=\/wp\/v2\/types\/page"}],"author":[{"embeddable":true,"href":"http:\/\/freebook.fernglas-astronomie.de\/index.php?rest_route=\/wp\/v2\/users\/1"}],"replies":[{"embeddable":true,"href":"http:\/\/freebook.fernglas-astronomie.de\/index.php?rest_route=%2Fwp%2Fv2%2Fcomments&post=189"}],"version-history":[{"count":2,"href":"http:\/\/freebook.fernglas-astronomie.de\/index.php?rest_route=\/wp\/v2\/pages\/189\/revisions"}],"predecessor-version":[{"id":529,"href":"http:\/\/freebook.fernglas-astronomie.de\/index.php?rest_route=\/wp\/v2\/pages\/189\/revisions\/529"}],"up":[{"embeddable":true,"href":"http:\/\/freebook.fernglas-astronomie.de\/index.php?rest_route=\/wp\/v2\/pages\/179"}],"wp:attachment":[{"href":"http:\/\/freebook.fernglas-astronomie.de\/index.php?rest_route=%2Fwp%2Fv2%2Fmedia&parent=189"}],"curies":[{"name":"wp","href":"https:\/\/api.w.org\/{rel}","templated":true}]}}