{"id":186,"date":"2014-04-13T13:37:48","date_gmt":"2014-04-13T11:37:48","guid":{"rendered":"http:\/\/freebook.fernglas-astronomie.de\/?page_id=186"},"modified":"2024-05-15T17:08:56","modified_gmt":"2024-05-15T15:08:56","slug":"impressum-copyright-und-bildnachweis","status":"publish","type":"page","link":"http:\/\/freebook.fernglas-astronomie.de\/?page_id=186","title":{"rendered":"Impressum, Copyright und Bildnachweis"},"content":{"rendered":"<h4>Copyright<\/h4>\n<p>Das Buch &#8222;Astronomie mit dem Fernglas&#8220; und die Webseiten http:\/\/freebook.fernglasastronomie.de,\u00a0http:\/\/freebook.fernglas-astronomie.de,\u00a0http:\/\/www.fernglasastronomie.de,\u00a0http:\/\/starrysky.kerste.de und http:\/\/www.fernglas-astronomie.de und http:\/\/www.kerste.de sind Copyright 2012 Alexander Kerste<br \/>\nSie d\u00fcrfen mit Quellenangabe f\u00fcr nicht kommerzielle Zwecke frei verwendet und kopiert werden, kommerzielle Verwendung ohne Zustimmung des Autors ist nicht gestattet.<\/p>\n<h4>Bildnachweis:<\/h4>\n<p>Alle Bilder: Alexander Kerste<br \/>\nDie Sternkarten wurden mit dem Programm <a href=\"https:\/\/web.archive.org\/web\/20130531195709\/http:\/\/www.projectpluto.com\/\" target=\"_blank\" rel=\"noopener\">The Guide 8.0<\/a> erstellt und vom Autor bearbeitet.<\/p>\n<h4>Impressum:<\/h4>\n<p>Alexander Kerste<br \/>\nAmtfeldstra\u00dfe 29<br \/>\n76316 Malsch<\/p>\n<p>0170-4451118<br \/>\n<a href=\"mailto:kerste@fernglasastronomie.de\">kerste (at) fernglasastronomie.de<\/a> (Mailformular auf fernglasastronomie.de)<\/p>\n<h5>Redaktionell verantwortlich:<\/h5>\n<p>Alexander Kerste (Anschrift wie oben)<\/p>\n<h5>Umsatzsteuer-ID:<\/h5>\n<div class=\"page\" title=\"Page 2\">\n<div class=\"section\">\n<div class=\"layoutArea\">\n<div class=\"column\">\n<p>Umsatzsteuer-Identifikationsnummer gema\u0308\u00df \u00a7 27 a Umsatzsteuergesetz: 31125\/30484<\/p>\n<div class=\"page\" title=\"Page 2\">\n<div class=\"section\">\n<div class=\"layoutArea\">\n<div class=\"column\">\n<h4>Verbraucherstreitbeilegung\/Universalschlichtungsstelle<\/h4>\n<p>Wir sind nicht bereit oder verpflichtet, an Streitbeilegungsverfahren vor einer Verbraucherschlichtungsstelle teilzunehmen.<\/p>\n<p>Quelle:\u00a0https:\/\/www.e-recht24.de\/impressum-generator.html<\/p>\n<\/div>\n<\/div>\n<\/div>\n<\/div>\n<\/div>\n<\/div>\n<\/div>\n<\/div>\n<p>Haftungshinweis:<br \/>\nTrotz sorgf\u00e4ltiger inhaltlicher Kontrolle \u00fcbernehme ich keine Haftung f\u00fcr die Inhalte externer Links.<br \/>\nF\u00fcr den Inhalt der verlinkten Seiten sind ausschlie\u00dflich deren Betreiber verantwortlich.<br \/>\nBei fraglichen Eintr\u00e4gen bitte ich um Benachrichtung, damit ich diese Angaben korrigieren kann.<\/p>\n<div class=\"page\" title=\"Page 1\">\n<div class=\"layoutArea\">\n<div class=\"column\">\n<h3>Datenschutzerkl\u00e4rung<\/h3>\n<h4>Datenschutz<\/h4>\n<p>Als Betreiber dieser Seiten nehme ich den Schutz Ihrer pers\u00f6nlichen Daten sehr ernst. Ihre personenbezogenen Daten werden vertraulich und entsprechend der gesetzlichen Datenschutzvorschriften sowie dieser Datenschutzerkl\u00e4rung behandelt.<\/p>\n<p>Die Nutzung dieser Website ist in der Regel ohne Angabe personenbezogener Daten m\u00f6glich. Soweit auf diesen Seiten personenbezogene Daten (beispielsweise Name, Anschrift oder E-Mail-Adressen) erhoben werden, erfolgt dies, soweit m\u00f6glich, stets auf freiwilliger Basis. Diese Daten werden ohne Ihre ausdr\u00fcckliche Zustimmung nicht an Dritte weitergegeben.<\/p>\n<p>Ich weise darauf hin, dass die Daten\u00fcbertragung im Internet (z.B. bei der Kommunikation per E-Mail) Sicherheitsl\u00fccken aufweisen kann. Ein l\u00fcckenloser Schutz der Daten vor dem Zugriff durch Dritte ist nicht m\u00f6glich.<\/p>\n<h4>Cookies<\/h4>\n<p>Die Internetseiten verwenden teilweise so genannte Cookies. Cookies richten auf Ihrem Rechner keinen Schaden an und enthalten keine Viren. Cookies dienen dazu, unser Angebot nutzerfreundlicher, effektiver und sicherer zu machen. Cookies sind kleine Textdateien, die auf Ihrem Rechner abgelegt werden und die Ihr Browser speichert.<\/p>\n<\/div>\n<\/div>\n<\/div>\n<div class=\"page\" title=\"Page 2\">\n<div class=\"layoutArea\">\n<div class=\"column\">\n<p>Die meisten der von diesen Seiten verwendeten Cookies sind so genannte \u201eSession-Cookies\u201c. Sie werden nach Ende Ihres Besuchs automatisch gel\u00f6scht. Andere Cookies bleiben auf Ihrem Endger\u00e4t gespeichert, bis Sie diese l\u00f6schen. Diese Cookies erm\u00f6glichen es uns, Ihren Browser beim n\u00e4chsten Besuch wiederzuerkennen.<\/p>\n<p>Sie k\u00f6nnen Ihren Browser so einstellen, dass Sie \u00fcber das Setzen von Cookies informiert werden und Cookies nur im Einzelfall erlauben, die Annahme von Cookies f\u00fcr bestimmte F\u00e4lle oder generell ausschlie\u00dfen sowie das automatische L\u00f6schen der Cookies beim Schlie\u00dfen des Browser aktivieren. Bei der Deaktivierung von Cookies kann die Funktionalit\u00e4t dieser Website eingeschr\u00e4nkt sein.<\/p>\n<h4>Server-Log-Files<\/h4>\n<p>Der Provider der Seiten erhebt und speichert automatisch Informationen in so genannten Server-Log Files, die Ihr Browser automatisch an uns \u00fcbermittelt. Dies sind:<\/p>\n<ul>\n<li><span class=\"content\">Besuchte Website<\/span><\/li>\n<li><span class=\"content\">Uhrzeit zum Zeitpunkt des Zugriffes<\/span><\/li>\n<li><span class=\"content\">Menge der gesendeten Daten in Byte<\/span><\/li>\n<li><span class=\"content\">Quelle\/Verweis, von welchem Sie auf die Seite gelangten<\/span><\/li>\n<li><span class=\"content\">Verwendeter Browser<\/span><\/li>\n<li><span class=\"content\">Verwendetes Betriebssystem<\/span><\/li>\n<li><span class=\"content\">Verwendete IP Adresse<\/span><\/li>\n<\/ul>\n<p>Diese Daten sind nicht bestimmten Personen zuordenbar. Eine Zusammenf\u00fchrung dieser Daten mit anderen Datenquellen wird nicht vorgenommen. Wir behalten uns vor, diese Daten nachtr\u00e4glich zu pr\u00fcfen, wenn uns konkrete Anhaltspunkte f\u00fcr eine rechtswidrige Nutzung bekannt werden.<\/p>\n<\/div>\n<\/div>\n<\/div>\n<div class=\"page\" title=\"Page 3\">\n<div class=\"layoutArea\">\n<div class=\"column\">\n<h4>Twitter<\/h4>\n<p>Auf unseren Seiten sind Funktionen des Dienstes Twitter eingebunden. Diese Funktionen werden angeboten durch die Twitter Inc., 1355 Market Street, Suite 900, San Francisco, CA 94103, USA. Durch das Benutzen von Twitter und der Funktion &#8222;Re-Tweet&#8220; werden die von Ihnen besuchten Websites mit Ihrem Twitter-Account verkn\u00fcpft und anderen Nutzern bekannt gegeben. Dabei werden auch Daten an Twitter \u00fcbertragen. Wir weisen darauf hin, dass wir als Anbieter der Seiten keine Kenntnis vom Inhalt der \u00fcbermittelten Daten sowie deren Nutzung durch Twitter erhalten. Weitere Informationen hierzu finden Sie in der Datenschutzerkl\u00e4rung von Twitter unter https:\/\/twitter.com\/privacy.<\/p>\n<p>Ihre Datenschutzeinstellungen bei Twitter k\u00f6nnen Sie in den Konto-Einstellungen unter: https:\/\/twitter.com\/account\/settings \u00e4ndern.<\/p>\n<p>Damit beim reinen Aufruf der Seite nach M\u00f6glichkeit keine Daten an Twitter \u00fcbermittelt werden, verwendet diese Seite das <a href=\"https:\/\/wordpress.org\/plugins\/shariff\/\" target=\"_blank\" rel=\"noopener\">Shariff-Plugin<\/a>.<\/p>\n<\/div>\n<\/div>\n<\/div>\n<div class=\"page\" title=\"Page 4\">\n<div class=\"layoutArea\">\n<div class=\"column\">\n<h4>Kommentarfunktion auf dieser Website<\/h4>\n<\/div>\n<\/div>\n<div class=\"layoutArea\">\n<div class=\"column\">\n<p>F\u00fcr die Kommentarfunktion auf dieser Seite werden neben Ihrem Kommentar auch Angaben zum Zeitpunkt der Erstellung des Kommentars, Ihre E-Mail-Adresse und, wenn Sie nicht anonym posten, der von Ihnen gew\u00e4hlte Nutzername gespeichert.<\/p>\n<h4>Speicherung der IP Adresse<\/h4>\n<p>Unsere Kommentarfunktion speichert die IP-Adressen der Nutzer, die Kommentare verfassen. Da wir Kommentare auf unserer Seite nicht vor der Freischaltung pr\u00fcfen, ben\u00f6tigen wir diese Daten, um im Falle von Rechtsverletzungen wie Beleidigungen oder Propaganda gegen den Verfasser vorgehen zu k\u00f6nnen.<\/p>\n<p>Die IP-Adressen werden nach 60 Tagen automatisch gel\u00f6scht.<\/p>\n<h4>Abonnieren von Kommentaren<\/h4>\n<p>Als Nutzer der Seite k\u00f6nnen Sie nach einer Anmeldung Kommentare abonnieren. Sie erhalten eine Best\u00e4tigungsemail, um zu pr\u00fcfen, ob Sie der Inhaber der angegebenen E-Mail-Adresse sind. Sie k\u00f6nnen diese Funktion jederzeit \u00fcber einen Link in den Info-Mails abbestellen.<\/p>\n<h4>Recht auf Auskunft, L\u00f6schung, Sperrung<\/h4>\n<p>Sie haben jederzeit das Recht auf unentgeltliche Auskunft \u00fcber Ihre gespeicherten personenbezogenen Daten, deren Herkunft und Empf\u00e4nger und den Zweck der Datenverarbeitung sowie ein Recht auf Berichtigung, Sperrung oder L\u00f6schung dieser Daten. Hierzu sowie zu weiteren Fragen zum Thema personenbezogene Daten k\u00f6nnen Sie sich jederzeit unter der im Impressum angegebenen Adresse an uns wenden.<\/p>\n<h4>Widerspruch Werbe-Mails<\/h4>\n<p>Der Nutzung von im Rahmen der Impressumspflicht ver\u00f6ffentlichten Kontaktdaten zur \u00dcbersendung von nicht ausdr\u00fccklich angeforderter Werbung und Informationsmaterialien wird hiermit widersprochen. Die Betreiber der Seiten behalten sich ausdr\u00fccklich rechtliche Schritte im Falle der unverlangten Zusendung von Werbeinformationen, etwa durch Spam-E-Mails, vor.<\/p>\n<\/div>\n<\/div>\n<\/div>\n<div class=\"page\" title=\"Page 5\">\n<div class=\"layoutArea\">\n<div class=\"column\">\n<p><i>Quelle: <a href=\"http:\/\/www.e-recht24.de\/muster-datenschutzerklaerung.htm\" target=\"_blank\" rel=\"nofollow noopener\">eRecht24 Datenschutzerkl\u00e4rung<\/a><\/i><\/p>\n<\/div>\n<\/div>\n<\/div>\n","protected":false},"excerpt":{"rendered":"<p>Copyright Das Buch &#8222;Astronomie mit dem Fernglas&#8220; und die Webseiten http:\/\/freebook.fernglasastronomie.de,\u00a0http:\/\/freebook.fernglas-astronomie.de,\u00a0http:\/\/www.fernglasastronomie.de,\u00a0http:\/\/starrysky.kerste.de und http:\/\/www.fernglas-astronomie.de und http:\/\/www.kerste.de sind Copyright 2012 Alexander Kerste Sie d\u00fcrfen mit Quellenangabe f\u00fcr nicht kommerzielle Zwecke frei verwendet und kopiert werden, kommerzielle Verwendung ohne Zustimmung des Autors ist nicht gestattet. Bildnachweis: Alle Bilder: Alexander Kerste Die Sternkarten wurden mit dem Programm The Guide &hellip; <a href=\"http:\/\/freebook.fernglas-astronomie.de\/?page_id=186\" class=\"more-link\"><span class=\"screen-reader-text\">Impressum, Copyright und Bildnachweis<\/span> weiterlesen <span class=\"meta-nav\">&rarr;<\/span><\/a><\/p>\n","protected":false},"author":1,"featured_media":0,"parent":0,"menu_order":0,"comment_status":"closed","ping_status":"closed","template":"","meta":{"footnotes":""},"class_list":["post-186","page","type-page","status-publish","hentry"],"_links":{"self":[{"href":"http:\/\/freebook.fernglas-astronomie.de\/index.php?rest_route=\/wp\/v2\/pages\/186","targetHints":{"allow":["GET"]}}],"collection":[{"href":"http:\/\/freebook.fernglas-astronomie.de\/index.php?rest_route=\/wp\/v2\/pages"}],"about":[{"href":"http:\/\/freebook.fernglas-astronomie.de\/index.php?rest_route=\/wp\/v2\/types\/page"}],"author":[{"embeddable":true,"href":"http:\/\/freebook.fernglas-astronomie.de\/index.php?rest_route=\/wp\/v2\/users\/1"}],"replies":[{"embeddable":true,"href":"http:\/\/freebook.fernglas-astronomie.de\/index.php?rest_route=%2Fwp%2Fv2%2Fcomments&post=186"}],"version-history":[{"count":9,"href":"http:\/\/freebook.fernglas-astronomie.de\/index.php?rest_route=\/wp\/v2\/pages\/186\/revisions"}],"predecessor-version":[{"id":1238,"href":"http:\/\/freebook.fernglas-astronomie.de\/index.php?rest_route=\/wp\/v2\/pages\/186\/revisions\/1238"}],"wp:attachment":[{"href":"http:\/\/freebook.fernglas-astronomie.de\/index.php?rest_route=%2Fwp%2Fv2%2Fmedia&parent=186"}],"curies":[{"name":"wp","href":"https:\/\/api.w.org\/{rel}","templated":true}]}}