{"id":170,"date":"2014-04-13T13:24:07","date_gmt":"2014-04-13T11:24:07","guid":{"rendered":"http:\/\/freebook.fernglas-astronomie.de\/?page_id=170"},"modified":"2014-04-17T10:23:49","modified_gmt":"2014-04-17T08:23:49","slug":"22-tycho","status":"publish","type":"page","link":"http:\/\/freebook.fernglas-astronomie.de\/?page_id=170","title":{"rendered":"22) Tycho"},"content":{"rendered":"<p>Im Zentrum eines auff\u00e4lligen und ausgedehnten Strahlensystems liegt dieser 85 km gro\u00dfe Krater, der zu den j\u00fcngsten Mondkratern geh\u00f6rt. Er entstand beim Einschlag eines etwa 10 km gro\u00dfen Meteoriten vor etwa 109 Millionen Jahren. Das Strahlensystem besteht aus Gestein, das bei dem Einschlag ausgeworfen wurde, und reicht bis in 1500 km Entfernung. Die Kraterw\u00e4lle sind bis zu 4800\u202fm hoch.<\/p>\n","protected":false},"excerpt":{"rendered":"<p>Im Zentrum eines auff\u00e4lligen und ausgedehnten Strahlensystems liegt dieser 85 km gro\u00dfe Krater, der zu den j\u00fcngsten Mondkratern geh\u00f6rt. Er entstand beim Einschlag eines etwa 10 km gro\u00dfen Meteoriten vor etwa 109 Millionen Jahren. Das Strahlensystem besteht aus Gestein, das bei dem Einschlag ausgeworfen wurde, und reicht bis in 1500 km Entfernung. Die Kraterw\u00e4lle sind &hellip; <a href=\"http:\/\/freebook.fernglas-astronomie.de\/?page_id=170\" class=\"more-link\"><span class=\"screen-reader-text\">22) Tycho<\/span> weiterlesen <span class=\"meta-nav\">&rarr;<\/span><\/a><\/p>\n","protected":false},"author":1,"featured_media":0,"parent":121,"menu_order":0,"comment_status":"closed","ping_status":"closed","template":"","meta":{"footnotes":""},"class_list":["post-170","page","type-page","status-publish","hentry"],"_links":{"self":[{"href":"http:\/\/freebook.fernglas-astronomie.de\/index.php?rest_route=\/wp\/v2\/pages\/170","targetHints":{"allow":["GET"]}}],"collection":[{"href":"http:\/\/freebook.fernglas-astronomie.de\/index.php?rest_route=\/wp\/v2\/pages"}],"about":[{"href":"http:\/\/freebook.fernglas-astronomie.de\/index.php?rest_route=\/wp\/v2\/types\/page"}],"author":[{"embeddable":true,"href":"http:\/\/freebook.fernglas-astronomie.de\/index.php?rest_route=\/wp\/v2\/users\/1"}],"replies":[{"embeddable":true,"href":"http:\/\/freebook.fernglas-astronomie.de\/index.php?rest_route=%2Fwp%2Fv2%2Fcomments&post=170"}],"version-history":[{"count":1,"href":"http:\/\/freebook.fernglas-astronomie.de\/index.php?rest_route=\/wp\/v2\/pages\/170\/revisions"}],"predecessor-version":[{"id":171,"href":"http:\/\/freebook.fernglas-astronomie.de\/index.php?rest_route=\/wp\/v2\/pages\/170\/revisions\/171"}],"up":[{"embeddable":true,"href":"http:\/\/freebook.fernglas-astronomie.de\/index.php?rest_route=\/wp\/v2\/pages\/121"}],"wp:attachment":[{"href":"http:\/\/freebook.fernglas-astronomie.de\/index.php?rest_route=%2Fwp%2Fv2%2Fmedia&parent=170"}],"curies":[{"name":"wp","href":"https:\/\/api.w.org\/{rel}","templated":true}]}}