{"id":168,"date":"2014-04-13T13:23:47","date_gmt":"2014-04-13T11:23:47","guid":{"rendered":"http:\/\/freebook.fernglas-astronomie.de\/?page_id=168"},"modified":"2014-04-17T10:23:46","modified_gmt":"2014-04-17T08:23:46","slug":"21-theophilus","status":"publish","type":"page","link":"http:\/\/freebook.fernglas-astronomie.de\/?page_id=168","title":{"rendered":"21) Theophilus"},"content":{"rendered":"<p>Der 100 km gro\u00dfe Krater am Nordwestwand des Nektarmeeres ist der j\u00fcngste der Kraterkette, zu der auch Cyrillus und Catharina geh\u00f6ren. Seine Kraterw\u00e4lle erheben sich etwa 1200\u202fm \u00fcber die Umgebung und sogar 5000\u202fm \u00fcber den Kraterboden. Das Zentralgebirge ragt immerhin 2000\u202fm \u00fcber den Kraterboden und durchmisst 30\u202fkm.<\/p>\n<p>Theophilus \u00fcberlagert im S\u00fcden teilweise den \u00e4lteren Krater Cyrillus, dessen 3500\u00a0m hohen Kraterw\u00e4lle au\u00dferdem durch einen weiteren, 17 km gro\u00dfen Krater eingedr\u00fcckt werden. Im Zentrum des 93 km gro\u00dfen Cyrillus ist der Zentralberg noch erhalten.<\/p>\n<p>S\u00fcdlich von Cyrillus schlie\u00dft mit Catharina der \u00e4lteste Krater dieser markanten kleinen Kraterkette an. Der 97\u00a0km gro\u00dfe Krater hat einen recht glatten, 3000 m hohen Wall. Vor allem der Westteil des Kraters ist von kleineren Kratern und H\u00fcgeln durchzogen.<\/p>\n","protected":false},"excerpt":{"rendered":"<p>Der 100 km gro\u00dfe Krater am Nordwestwand des Nektarmeeres ist der j\u00fcngste der Kraterkette, zu der auch Cyrillus und Catharina geh\u00f6ren. Seine Kraterw\u00e4lle erheben sich etwa 1200\u202fm \u00fcber die Umgebung und sogar 5000\u202fm \u00fcber den Kraterboden. Das Zentralgebirge ragt immerhin 2000\u202fm \u00fcber den Kraterboden und durchmisst 30\u202fkm. Theophilus \u00fcberlagert im S\u00fcden teilweise den \u00e4lteren Krater &hellip; <a href=\"http:\/\/freebook.fernglas-astronomie.de\/?page_id=168\" class=\"more-link\"><span class=\"screen-reader-text\">21) Theophilus<\/span> weiterlesen <span class=\"meta-nav\">&rarr;<\/span><\/a><\/p>\n","protected":false},"author":1,"featured_media":0,"parent":121,"menu_order":0,"comment_status":"closed","ping_status":"closed","template":"","meta":{"footnotes":""},"class_list":["post-168","page","type-page","status-publish","hentry"],"_links":{"self":[{"href":"http:\/\/freebook.fernglas-astronomie.de\/index.php?rest_route=\/wp\/v2\/pages\/168","targetHints":{"allow":["GET"]}}],"collection":[{"href":"http:\/\/freebook.fernglas-astronomie.de\/index.php?rest_route=\/wp\/v2\/pages"}],"about":[{"href":"http:\/\/freebook.fernglas-astronomie.de\/index.php?rest_route=\/wp\/v2\/types\/page"}],"author":[{"embeddable":true,"href":"http:\/\/freebook.fernglas-astronomie.de\/index.php?rest_route=\/wp\/v2\/users\/1"}],"replies":[{"embeddable":true,"href":"http:\/\/freebook.fernglas-astronomie.de\/index.php?rest_route=%2Fwp%2Fv2%2Fcomments&post=168"}],"version-history":[{"count":1,"href":"http:\/\/freebook.fernglas-astronomie.de\/index.php?rest_route=\/wp\/v2\/pages\/168\/revisions"}],"predecessor-version":[{"id":169,"href":"http:\/\/freebook.fernglas-astronomie.de\/index.php?rest_route=\/wp\/v2\/pages\/168\/revisions\/169"}],"up":[{"embeddable":true,"href":"http:\/\/freebook.fernglas-astronomie.de\/index.php?rest_route=\/wp\/v2\/pages\/121"}],"wp:attachment":[{"href":"http:\/\/freebook.fernglas-astronomie.de\/index.php?rest_route=%2Fwp%2Fv2%2Fmedia&parent=168"}],"curies":[{"name":"wp","href":"https:\/\/api.w.org\/{rel}","templated":true}]}}