{"id":164,"date":"2014-04-13T13:22:51","date_gmt":"2014-04-13T11:22:51","guid":{"rendered":"http:\/\/freebook.fernglas-astronomie.de\/?page_id=164"},"modified":"2014-04-17T10:23:30","modified_gmt":"2014-04-17T08:23:30","slug":"19-posidonius","status":"publish","type":"page","link":"http:\/\/freebook.fernglas-astronomie.de\/?page_id=164","title":{"rendered":"19) Posidonius"},"content":{"rendered":"<p>Am Rand des Mare Serenitatis k\u00f6nnen Sie diesen fast 100 km gro\u00dfen Krater finden, der teilweise mit Lava gef\u00fcllt ist und daher einen dunklen Boden hat.<\/p>\n","protected":false},"excerpt":{"rendered":"<p>Am Rand des Mare Serenitatis k\u00f6nnen Sie diesen fast 100 km gro\u00dfen Krater finden, der teilweise mit Lava gef\u00fcllt ist und daher einen dunklen Boden hat.<\/p>\n","protected":false},"author":1,"featured_media":0,"parent":121,"menu_order":0,"comment_status":"closed","ping_status":"closed","template":"","meta":{"footnotes":""},"class_list":["post-164","page","type-page","status-publish","hentry"],"_links":{"self":[{"href":"http:\/\/freebook.fernglas-astronomie.de\/index.php?rest_route=\/wp\/v2\/pages\/164","targetHints":{"allow":["GET"]}}],"collection":[{"href":"http:\/\/freebook.fernglas-astronomie.de\/index.php?rest_route=\/wp\/v2\/pages"}],"about":[{"href":"http:\/\/freebook.fernglas-astronomie.de\/index.php?rest_route=\/wp\/v2\/types\/page"}],"author":[{"embeddable":true,"href":"http:\/\/freebook.fernglas-astronomie.de\/index.php?rest_route=\/wp\/v2\/users\/1"}],"replies":[{"embeddable":true,"href":"http:\/\/freebook.fernglas-astronomie.de\/index.php?rest_route=%2Fwp%2Fv2%2Fcomments&post=164"}],"version-history":[{"count":1,"href":"http:\/\/freebook.fernglas-astronomie.de\/index.php?rest_route=\/wp\/v2\/pages\/164\/revisions"}],"predecessor-version":[{"id":165,"href":"http:\/\/freebook.fernglas-astronomie.de\/index.php?rest_route=\/wp\/v2\/pages\/164\/revisions\/165"}],"up":[{"embeddable":true,"href":"http:\/\/freebook.fernglas-astronomie.de\/index.php?rest_route=\/wp\/v2\/pages\/121"}],"wp:attachment":[{"href":"http:\/\/freebook.fernglas-astronomie.de\/index.php?rest_route=%2Fwp%2Fv2%2Fmedia&parent=164"}],"curies":[{"name":"wp","href":"https:\/\/api.w.org\/{rel}","templated":true}]}}