{"id":162,"date":"2014-04-13T13:22:32","date_gmt":"2014-04-13T11:22:32","guid":{"rendered":"http:\/\/freebook.fernglas-astronomie.de\/?page_id=162"},"modified":"2014-04-17T10:23:25","modified_gmt":"2014-04-17T08:23:25","slug":"18-plato","status":"publish","type":"page","link":"http:\/\/freebook.fernglas-astronomie.de\/?page_id=162","title":{"rendered":"18) Plato"},"content":{"rendered":"<p>Der auff\u00e4llige Krater am Nordrand des Mare Imbrium hat einen Durchmesser von 100\u202fkm. Er wurde ebenso wie das Mare Imbrium von Lava \u00fcberflutet und ist durch seinen dunklen Boden gut zu erkennen. Die W\u00e4lle erheben sich 1000 bis 2000 m \u00fcber den Grund und werfen bei niedrigem Sonnenstand lange und eindrucksvolle Schatten.<\/p>\n","protected":false},"excerpt":{"rendered":"<p>Der auff\u00e4llige Krater am Nordrand des Mare Imbrium hat einen Durchmesser von 100\u202fkm. Er wurde ebenso wie das Mare Imbrium von Lava \u00fcberflutet und ist durch seinen dunklen Boden gut zu erkennen. Die W\u00e4lle erheben sich 1000 bis 2000 m \u00fcber den Grund und werfen bei niedrigem Sonnenstand lange und eindrucksvolle Schatten.<\/p>\n","protected":false},"author":1,"featured_media":0,"parent":121,"menu_order":0,"comment_status":"closed","ping_status":"closed","template":"","meta":{"footnotes":""},"class_list":["post-162","page","type-page","status-publish","hentry"],"_links":{"self":[{"href":"http:\/\/freebook.fernglas-astronomie.de\/index.php?rest_route=\/wp\/v2\/pages\/162","targetHints":{"allow":["GET"]}}],"collection":[{"href":"http:\/\/freebook.fernglas-astronomie.de\/index.php?rest_route=\/wp\/v2\/pages"}],"about":[{"href":"http:\/\/freebook.fernglas-astronomie.de\/index.php?rest_route=\/wp\/v2\/types\/page"}],"author":[{"embeddable":true,"href":"http:\/\/freebook.fernglas-astronomie.de\/index.php?rest_route=\/wp\/v2\/users\/1"}],"replies":[{"embeddable":true,"href":"http:\/\/freebook.fernglas-astronomie.de\/index.php?rest_route=%2Fwp%2Fv2%2Fcomments&post=162"}],"version-history":[{"count":1,"href":"http:\/\/freebook.fernglas-astronomie.de\/index.php?rest_route=\/wp\/v2\/pages\/162\/revisions"}],"predecessor-version":[{"id":163,"href":"http:\/\/freebook.fernglas-astronomie.de\/index.php?rest_route=\/wp\/v2\/pages\/162\/revisions\/163"}],"up":[{"embeddable":true,"href":"http:\/\/freebook.fernglas-astronomie.de\/index.php?rest_route=\/wp\/v2\/pages\/121"}],"wp:attachment":[{"href":"http:\/\/freebook.fernglas-astronomie.de\/index.php?rest_route=%2Fwp%2Fv2%2Fmedia&parent=162"}],"curies":[{"name":"wp","href":"https:\/\/api.w.org\/{rel}","templated":true}]}}