{"id":160,"date":"2014-04-13T13:22:11","date_gmt":"2014-04-13T11:22:11","guid":{"rendered":"http:\/\/freebook.fernglas-astronomie.de\/?page_id=160"},"modified":"2014-04-17T10:23:13","modified_gmt":"2014-04-17T08:23:13","slug":"17-langrenus","status":"publish","type":"page","link":"http:\/\/freebook.fernglas-astronomie.de\/?page_id=160","title":{"rendered":"17) Langrenus"},"content":{"rendered":"<p>Dieser helle Krater befindet sich im Zentrum eines Strahlensystems. Mit dem Sonnenstand nimmt auch die Helligkeit des 132 km gro\u00dfen Kraters zu. In seinem Zentrum befinden sich gleich zwei jeweils 1000 m hohe Zentralberge, die Kraterw\u00e4lle erheben sich 2600 m \u00fcber den Boden.<\/p>\n","protected":false},"excerpt":{"rendered":"<p>Dieser helle Krater befindet sich im Zentrum eines Strahlensystems. Mit dem Sonnenstand nimmt auch die Helligkeit des 132 km gro\u00dfen Kraters zu. In seinem Zentrum befinden sich gleich zwei jeweils 1000 m hohe Zentralberge, die Kraterw\u00e4lle erheben sich 2600 m \u00fcber den Boden.<\/p>\n","protected":false},"author":1,"featured_media":0,"parent":121,"menu_order":0,"comment_status":"closed","ping_status":"closed","template":"","meta":{"footnotes":""},"class_list":["post-160","page","type-page","status-publish","hentry"],"_links":{"self":[{"href":"http:\/\/freebook.fernglas-astronomie.de\/index.php?rest_route=\/wp\/v2\/pages\/160","targetHints":{"allow":["GET"]}}],"collection":[{"href":"http:\/\/freebook.fernglas-astronomie.de\/index.php?rest_route=\/wp\/v2\/pages"}],"about":[{"href":"http:\/\/freebook.fernglas-astronomie.de\/index.php?rest_route=\/wp\/v2\/types\/page"}],"author":[{"embeddable":true,"href":"http:\/\/freebook.fernglas-astronomie.de\/index.php?rest_route=\/wp\/v2\/users\/1"}],"replies":[{"embeddable":true,"href":"http:\/\/freebook.fernglas-astronomie.de\/index.php?rest_route=%2Fwp%2Fv2%2Fcomments&post=160"}],"version-history":[{"count":1,"href":"http:\/\/freebook.fernglas-astronomie.de\/index.php?rest_route=\/wp\/v2\/pages\/160\/revisions"}],"predecessor-version":[{"id":161,"href":"http:\/\/freebook.fernglas-astronomie.de\/index.php?rest_route=\/wp\/v2\/pages\/160\/revisions\/161"}],"up":[{"embeddable":true,"href":"http:\/\/freebook.fernglas-astronomie.de\/index.php?rest_route=\/wp\/v2\/pages\/121"}],"wp:attachment":[{"href":"http:\/\/freebook.fernglas-astronomie.de\/index.php?rest_route=%2Fwp%2Fv2%2Fmedia&parent=160"}],"curies":[{"name":"wp","href":"https:\/\/api.w.org\/{rel}","templated":true}]}}