{"id":158,"date":"2014-04-13T13:21:49","date_gmt":"2014-04-13T11:21:49","guid":{"rendered":"http:\/\/freebook.fernglas-astronomie.de\/?page_id=158"},"modified":"2014-04-17T10:23:08","modified_gmt":"2014-04-17T08:23:08","slug":"16-kepler","status":"publish","type":"page","link":"http:\/\/freebook.fernglas-astronomie.de\/?page_id=158","title":{"rendered":"16) Kepler"},"content":{"rendered":"<p>Dieser nur 32 km gro\u00dfe Krater befindet sich mitten im Oceanus Procellarum und ist von einem Strahlensystem umgeben, das schon mit dem blo\u00dfen Auge ersp\u00e4ht werden kann. Seine W\u00e4lle sind 2800 m hoch, statt eines auff\u00e4lligen Zentralberges besitzt er lediglich eine leichte Erhebung in seinem Zentrum.<\/p>\n","protected":false},"excerpt":{"rendered":"<p>Dieser nur 32 km gro\u00dfe Krater befindet sich mitten im Oceanus Procellarum und ist von einem Strahlensystem umgeben, das schon mit dem blo\u00dfen Auge ersp\u00e4ht werden kann. Seine W\u00e4lle sind 2800 m hoch, statt eines auff\u00e4lligen Zentralberges besitzt er lediglich eine leichte Erhebung in seinem Zentrum.<\/p>\n","protected":false},"author":1,"featured_media":0,"parent":121,"menu_order":0,"comment_status":"closed","ping_status":"closed","template":"","meta":{"footnotes":""},"class_list":["post-158","page","type-page","status-publish","hentry"],"_links":{"self":[{"href":"http:\/\/freebook.fernglas-astronomie.de\/index.php?rest_route=\/wp\/v2\/pages\/158","targetHints":{"allow":["GET"]}}],"collection":[{"href":"http:\/\/freebook.fernglas-astronomie.de\/index.php?rest_route=\/wp\/v2\/pages"}],"about":[{"href":"http:\/\/freebook.fernglas-astronomie.de\/index.php?rest_route=\/wp\/v2\/types\/page"}],"author":[{"embeddable":true,"href":"http:\/\/freebook.fernglas-astronomie.de\/index.php?rest_route=\/wp\/v2\/users\/1"}],"replies":[{"embeddable":true,"href":"http:\/\/freebook.fernglas-astronomie.de\/index.php?rest_route=%2Fwp%2Fv2%2Fcomments&post=158"}],"version-history":[{"count":1,"href":"http:\/\/freebook.fernglas-astronomie.de\/index.php?rest_route=\/wp\/v2\/pages\/158\/revisions"}],"predecessor-version":[{"id":159,"href":"http:\/\/freebook.fernglas-astronomie.de\/index.php?rest_route=\/wp\/v2\/pages\/158\/revisions\/159"}],"up":[{"embeddable":true,"href":"http:\/\/freebook.fernglas-astronomie.de\/index.php?rest_route=\/wp\/v2\/pages\/121"}],"wp:attachment":[{"href":"http:\/\/freebook.fernglas-astronomie.de\/index.php?rest_route=%2Fwp%2Fv2%2Fmedia&parent=158"}],"curies":[{"name":"wp","href":"https:\/\/api.w.org\/{rel}","templated":true}]}}