{"id":154,"date":"2014-04-13T13:21:06","date_gmt":"2014-04-13T11:21:06","guid":{"rendered":"http:\/\/freebook.fernglas-astronomie.de\/?page_id=154"},"modified":"2014-04-17T10:22:59","modified_gmt":"2014-04-17T08:22:59","slug":"14-gassendi","status":"publish","type":"page","link":"http:\/\/freebook.fernglas-astronomie.de\/?page_id=154","title":{"rendered":"14) Gassendi"},"content":{"rendered":"<p>Bei g\u00fcnstiger Beleuchtung kann man den etwa 1000 m hohen Zentralberg dieses Kraters bereits ab etwa zehnfacher Vergr\u00f6\u00dferung erkennen. Gassendi befindet sich am Rand des Mare Humorum und hat einen Durchmesser von 100\u00a0km.<\/p>\n","protected":false},"excerpt":{"rendered":"<p>Bei g\u00fcnstiger Beleuchtung kann man den etwa 1000 m hohen Zentralberg dieses Kraters bereits ab etwa zehnfacher Vergr\u00f6\u00dferung erkennen. Gassendi befindet sich am Rand des Mare Humorum und hat einen Durchmesser von 100\u00a0km.<\/p>\n","protected":false},"author":1,"featured_media":0,"parent":121,"menu_order":0,"comment_status":"closed","ping_status":"closed","template":"","meta":{"footnotes":""},"class_list":["post-154","page","type-page","status-publish","hentry"],"_links":{"self":[{"href":"http:\/\/freebook.fernglas-astronomie.de\/index.php?rest_route=\/wp\/v2\/pages\/154","targetHints":{"allow":["GET"]}}],"collection":[{"href":"http:\/\/freebook.fernglas-astronomie.de\/index.php?rest_route=\/wp\/v2\/pages"}],"about":[{"href":"http:\/\/freebook.fernglas-astronomie.de\/index.php?rest_route=\/wp\/v2\/types\/page"}],"author":[{"embeddable":true,"href":"http:\/\/freebook.fernglas-astronomie.de\/index.php?rest_route=\/wp\/v2\/users\/1"}],"replies":[{"embeddable":true,"href":"http:\/\/freebook.fernglas-astronomie.de\/index.php?rest_route=%2Fwp%2Fv2%2Fcomments&post=154"}],"version-history":[{"count":1,"href":"http:\/\/freebook.fernglas-astronomie.de\/index.php?rest_route=\/wp\/v2\/pages\/154\/revisions"}],"predecessor-version":[{"id":155,"href":"http:\/\/freebook.fernglas-astronomie.de\/index.php?rest_route=\/wp\/v2\/pages\/154\/revisions\/155"}],"up":[{"embeddable":true,"href":"http:\/\/freebook.fernglas-astronomie.de\/index.php?rest_route=\/wp\/v2\/pages\/121"}],"wp:attachment":[{"href":"http:\/\/freebook.fernglas-astronomie.de\/index.php?rest_route=%2Fwp%2Fv2%2Fmedia&parent=154"}],"curies":[{"name":"wp","href":"https:\/\/api.w.org\/{rel}","templated":true}]}}