{"id":152,"date":"2014-04-13T13:20:49","date_gmt":"2014-04-13T11:20:49","guid":{"rendered":"http:\/\/freebook.fernglas-astronomie.de\/?page_id=152"},"modified":"2014-04-17T10:22:55","modified_gmt":"2014-04-17T08:22:55","slug":"13-fracastorius","status":"publish","type":"page","link":"http:\/\/freebook.fernglas-astronomie.de\/?page_id=152","title":{"rendered":"13) Fracastorius"},"content":{"rendered":"<p>Was wir heute als 124 km gro\u00dfe Bucht am S\u00fcdufer des Mare Nectaris sehen, war einst ein eigenst\u00e4ndiger Krater, der mit Lava \u00fcberflutet wurde, als das Meer entstand. Nur noch ein paar kleine H\u00fcgel sind von dem ehemaligen Zentralberg zu erkennen. Die Lavaschicht, die den Kraterboden bedeckt, ist daher wohl rund 1000 m dick.<\/p>\n","protected":false},"excerpt":{"rendered":"<p>Was wir heute als 124 km gro\u00dfe Bucht am S\u00fcdufer des Mare Nectaris sehen, war einst ein eigenst\u00e4ndiger Krater, der mit Lava \u00fcberflutet wurde, als das Meer entstand. Nur noch ein paar kleine H\u00fcgel sind von dem ehemaligen Zentralberg zu erkennen. Die Lavaschicht, die den Kraterboden bedeckt, ist daher wohl rund 1000 m dick.<\/p>\n","protected":false},"author":1,"featured_media":0,"parent":121,"menu_order":0,"comment_status":"closed","ping_status":"closed","template":"","meta":{"footnotes":""},"class_list":["post-152","page","type-page","status-publish","hentry"],"_links":{"self":[{"href":"http:\/\/freebook.fernglas-astronomie.de\/index.php?rest_route=\/wp\/v2\/pages\/152","targetHints":{"allow":["GET"]}}],"collection":[{"href":"http:\/\/freebook.fernglas-astronomie.de\/index.php?rest_route=\/wp\/v2\/pages"}],"about":[{"href":"http:\/\/freebook.fernglas-astronomie.de\/index.php?rest_route=\/wp\/v2\/types\/page"}],"author":[{"embeddable":true,"href":"http:\/\/freebook.fernglas-astronomie.de\/index.php?rest_route=\/wp\/v2\/users\/1"}],"replies":[{"embeddable":true,"href":"http:\/\/freebook.fernglas-astronomie.de\/index.php?rest_route=%2Fwp%2Fv2%2Fcomments&post=152"}],"version-history":[{"count":1,"href":"http:\/\/freebook.fernglas-astronomie.de\/index.php?rest_route=\/wp\/v2\/pages\/152\/revisions"}],"predecessor-version":[{"id":153,"href":"http:\/\/freebook.fernglas-astronomie.de\/index.php?rest_route=\/wp\/v2\/pages\/152\/revisions\/153"}],"up":[{"embeddable":true,"href":"http:\/\/freebook.fernglas-astronomie.de\/index.php?rest_route=\/wp\/v2\/pages\/121"}],"wp:attachment":[{"href":"http:\/\/freebook.fernglas-astronomie.de\/index.php?rest_route=%2Fwp%2Fv2%2Fmedia&parent=152"}],"curies":[{"name":"wp","href":"https:\/\/api.w.org\/{rel}","templated":true}]}}