{"id":140,"date":"2014-04-13T13:18:48","date_gmt":"2014-04-13T11:18:48","guid":{"rendered":"http:\/\/freebook.fernglas-astronomie.de\/?page_id=140"},"modified":"2014-04-17T10:24:18","modified_gmt":"2014-04-17T08:24:18","slug":"8-copernicus","status":"publish","type":"page","link":"http:\/\/freebook.fernglas-astronomie.de\/?page_id=140","title":{"rendered":"8) Copernicus"},"content":{"rendered":"<p>Vor 810 Millionen Jahren entstand dieser Krater mit seinem 4000\u202fm hohen Ringwall und dem leicht sichtbaren, 1200 m hohen Zentralberg. Die Dreiteilung des Gipfels l\u00e4sst sich im Fernglas aber nicht erkennen. Das Strahlensystem, das von Copernicus ausgeht, l\u00e4sst sich \u00fcber mehr als 300 km verfolgen, der Krater selbst hat einen Durchmesser von 93\u202fkm.<\/p>\n","protected":false},"excerpt":{"rendered":"<p>Vor 810 Millionen Jahren entstand dieser Krater mit seinem 4000\u202fm hohen Ringwall und dem leicht sichtbaren, 1200 m hohen Zentralberg. Die Dreiteilung des Gipfels l\u00e4sst sich im Fernglas aber nicht erkennen. Das Strahlensystem, das von Copernicus ausgeht, l\u00e4sst sich \u00fcber mehr als 300 km verfolgen, der Krater selbst hat einen Durchmesser von 93\u202fkm.<\/p>\n","protected":false},"author":1,"featured_media":0,"parent":121,"menu_order":0,"comment_status":"closed","ping_status":"closed","template":"","meta":{"footnotes":""},"class_list":["post-140","page","type-page","status-publish","hentry"],"_links":{"self":[{"href":"http:\/\/freebook.fernglas-astronomie.de\/index.php?rest_route=\/wp\/v2\/pages\/140","targetHints":{"allow":["GET"]}}],"collection":[{"href":"http:\/\/freebook.fernglas-astronomie.de\/index.php?rest_route=\/wp\/v2\/pages"}],"about":[{"href":"http:\/\/freebook.fernglas-astronomie.de\/index.php?rest_route=\/wp\/v2\/types\/page"}],"author":[{"embeddable":true,"href":"http:\/\/freebook.fernglas-astronomie.de\/index.php?rest_route=\/wp\/v2\/users\/1"}],"replies":[{"embeddable":true,"href":"http:\/\/freebook.fernglas-astronomie.de\/index.php?rest_route=%2Fwp%2Fv2%2Fcomments&post=140"}],"version-history":[{"count":1,"href":"http:\/\/freebook.fernglas-astronomie.de\/index.php?rest_route=\/wp\/v2\/pages\/140\/revisions"}],"predecessor-version":[{"id":141,"href":"http:\/\/freebook.fernglas-astronomie.de\/index.php?rest_route=\/wp\/v2\/pages\/140\/revisions\/141"}],"up":[{"embeddable":true,"href":"http:\/\/freebook.fernglas-astronomie.de\/index.php?rest_route=\/wp\/v2\/pages\/121"}],"wp:attachment":[{"href":"http:\/\/freebook.fernglas-astronomie.de\/index.php?rest_route=%2Fwp%2Fv2%2Fmedia&parent=140"}],"curies":[{"name":"wp","href":"https:\/\/api.w.org\/{rel}","templated":true}]}}