{"id":138,"date":"2014-04-13T13:18:25","date_gmt":"2014-04-13T11:18:25","guid":{"rendered":"http:\/\/freebook.fernglas-astronomie.de\/?page_id=138"},"modified":"2014-04-17T10:24:14","modified_gmt":"2014-04-17T08:24:14","slug":"7-cleomedes","status":"publish","type":"page","link":"http:\/\/freebook.fernglas-astronomie.de\/?page_id=138","title":{"rendered":"7) Cleomedes"},"content":{"rendered":"<p>Die W\u00e4lle dieses 126 km gro\u00dfen Kraters erheben sich fast 5000 m \u00fcber den teilweise mit Lava \u00fcberfluteten und daher sehr ebenen Kraterboden. Im Westen wird sein Ringwall durch den 43 km gro\u00dfen Krater Tralles unterbrochen, der in sp\u00e4terer Zeit entstanden ist.<\/p>\n","protected":false},"excerpt":{"rendered":"<p>Die W\u00e4lle dieses 126 km gro\u00dfen Kraters erheben sich fast 5000 m \u00fcber den teilweise mit Lava \u00fcberfluteten und daher sehr ebenen Kraterboden. Im Westen wird sein Ringwall durch den 43 km gro\u00dfen Krater Tralles unterbrochen, der in sp\u00e4terer Zeit entstanden ist.<\/p>\n","protected":false},"author":1,"featured_media":0,"parent":121,"menu_order":0,"comment_status":"closed","ping_status":"closed","template":"","meta":{"footnotes":""},"class_list":["post-138","page","type-page","status-publish","hentry"],"_links":{"self":[{"href":"http:\/\/freebook.fernglas-astronomie.de\/index.php?rest_route=\/wp\/v2\/pages\/138","targetHints":{"allow":["GET"]}}],"collection":[{"href":"http:\/\/freebook.fernglas-astronomie.de\/index.php?rest_route=\/wp\/v2\/pages"}],"about":[{"href":"http:\/\/freebook.fernglas-astronomie.de\/index.php?rest_route=\/wp\/v2\/types\/page"}],"author":[{"embeddable":true,"href":"http:\/\/freebook.fernglas-astronomie.de\/index.php?rest_route=\/wp\/v2\/users\/1"}],"replies":[{"embeddable":true,"href":"http:\/\/freebook.fernglas-astronomie.de\/index.php?rest_route=%2Fwp%2Fv2%2Fcomments&post=138"}],"version-history":[{"count":1,"href":"http:\/\/freebook.fernglas-astronomie.de\/index.php?rest_route=\/wp\/v2\/pages\/138\/revisions"}],"predecessor-version":[{"id":139,"href":"http:\/\/freebook.fernglas-astronomie.de\/index.php?rest_route=\/wp\/v2\/pages\/138\/revisions\/139"}],"up":[{"embeddable":true,"href":"http:\/\/freebook.fernglas-astronomie.de\/index.php?rest_route=\/wp\/v2\/pages\/121"}],"wp:attachment":[{"href":"http:\/\/freebook.fernglas-astronomie.de\/index.php?rest_route=%2Fwp%2Fv2%2Fmedia&parent=138"}],"curies":[{"name":"wp","href":"https:\/\/api.w.org\/{rel}","templated":true}]}}