{"id":134,"date":"2014-04-13T13:17:48","date_gmt":"2014-04-13T11:17:48","guid":{"rendered":"http:\/\/freebook.fernglas-astronomie.de\/?page_id=134"},"modified":"2014-04-17T10:24:05","modified_gmt":"2014-04-17T08:24:05","slug":"5-atlas","status":"publish","type":"page","link":"http:\/\/freebook.fernglas-astronomie.de\/?page_id=134","title":{"rendered":"5) Atlas"},"content":{"rendered":"<p>Der 87 km gro\u00dfe Atlas bildet mit dem westlich gelegenen Krater Hercules (70\u00a0km Durchmesser) ein sch\u00f6nes Paar. Im Zentrum von Atlas befindet sich kleines Zentralmassiv mit mehreren Spitzen.<br \/>\nHercules hat einen recht dunklen Boden und deutliche W\u00e4lle. Ein j\u00fcngerer und nur 14 km gro\u00dfer Krater befindet sich in seinem Zentrum.<\/p>\n","protected":false},"excerpt":{"rendered":"<p>Der 87 km gro\u00dfe Atlas bildet mit dem westlich gelegenen Krater Hercules (70\u00a0km Durchmesser) ein sch\u00f6nes Paar. Im Zentrum von Atlas befindet sich kleines Zentralmassiv mit mehreren Spitzen. Hercules hat einen recht dunklen Boden und deutliche W\u00e4lle. Ein j\u00fcngerer und nur 14 km gro\u00dfer Krater befindet sich in seinem Zentrum.<\/p>\n","protected":false},"author":1,"featured_media":0,"parent":121,"menu_order":0,"comment_status":"closed","ping_status":"closed","template":"","meta":{"footnotes":""},"class_list":["post-134","page","type-page","status-publish","hentry"],"_links":{"self":[{"href":"http:\/\/freebook.fernglas-astronomie.de\/index.php?rest_route=\/wp\/v2\/pages\/134","targetHints":{"allow":["GET"]}}],"collection":[{"href":"http:\/\/freebook.fernglas-astronomie.de\/index.php?rest_route=\/wp\/v2\/pages"}],"about":[{"href":"http:\/\/freebook.fernglas-astronomie.de\/index.php?rest_route=\/wp\/v2\/types\/page"}],"author":[{"embeddable":true,"href":"http:\/\/freebook.fernglas-astronomie.de\/index.php?rest_route=\/wp\/v2\/users\/1"}],"replies":[{"embeddable":true,"href":"http:\/\/freebook.fernglas-astronomie.de\/index.php?rest_route=%2Fwp%2Fv2%2Fcomments&post=134"}],"version-history":[{"count":1,"href":"http:\/\/freebook.fernglas-astronomie.de\/index.php?rest_route=\/wp\/v2\/pages\/134\/revisions"}],"predecessor-version":[{"id":135,"href":"http:\/\/freebook.fernglas-astronomie.de\/index.php?rest_route=\/wp\/v2\/pages\/134\/revisions\/135"}],"up":[{"embeddable":true,"href":"http:\/\/freebook.fernglas-astronomie.de\/index.php?rest_route=\/wp\/v2\/pages\/121"}],"wp:attachment":[{"href":"http:\/\/freebook.fernglas-astronomie.de\/index.php?rest_route=%2Fwp%2Fv2%2Fmedia&parent=134"}],"curies":[{"name":"wp","href":"https:\/\/api.w.org\/{rel}","templated":true}]}}