{"id":124,"date":"2014-04-13T13:15:29","date_gmt":"2014-04-13T11:15:29","guid":{"rendered":"http:\/\/freebook.fernglas-astronomie.de\/?page_id=124"},"modified":"2014-04-17T10:22:33","modified_gmt":"2014-04-17T08:22:33","slug":"1-archimedes","status":"publish","type":"page","link":"http:\/\/freebook.fernglas-astronomie.de\/?page_id=124","title":{"rendered":"1) Archimedes"},"content":{"rendered":"<p>Archimedes ist ein 83 km gro\u00dfer Krater mit einem flachen, vollst\u00e4ndig von Lava \u00fcberfluteten Boden. Er hat einen sehr schmalen Wall, der etwa 2000 Meter hoch ist. Der Krater enth\u00e4lt keinen Zentralberg.<\/p>\n","protected":false},"excerpt":{"rendered":"<p>Archimedes ist ein 83 km gro\u00dfer Krater mit einem flachen, vollst\u00e4ndig von Lava \u00fcberfluteten Boden. Er hat einen sehr schmalen Wall, der etwa 2000 Meter hoch ist. Der Krater enth\u00e4lt keinen Zentralberg.<\/p>\n","protected":false},"author":1,"featured_media":0,"parent":121,"menu_order":0,"comment_status":"closed","ping_status":"closed","template":"","meta":{"footnotes":""},"class_list":["post-124","page","type-page","status-publish","hentry"],"_links":{"self":[{"href":"http:\/\/freebook.fernglas-astronomie.de\/index.php?rest_route=\/wp\/v2\/pages\/124","targetHints":{"allow":["GET"]}}],"collection":[{"href":"http:\/\/freebook.fernglas-astronomie.de\/index.php?rest_route=\/wp\/v2\/pages"}],"about":[{"href":"http:\/\/freebook.fernglas-astronomie.de\/index.php?rest_route=\/wp\/v2\/types\/page"}],"author":[{"embeddable":true,"href":"http:\/\/freebook.fernglas-astronomie.de\/index.php?rest_route=\/wp\/v2\/users\/1"}],"replies":[{"embeddable":true,"href":"http:\/\/freebook.fernglas-astronomie.de\/index.php?rest_route=%2Fwp%2Fv2%2Fcomments&post=124"}],"version-history":[{"count":1,"href":"http:\/\/freebook.fernglas-astronomie.de\/index.php?rest_route=\/wp\/v2\/pages\/124\/revisions"}],"predecessor-version":[{"id":125,"href":"http:\/\/freebook.fernglas-astronomie.de\/index.php?rest_route=\/wp\/v2\/pages\/124\/revisions\/125"}],"up":[{"embeddable":true,"href":"http:\/\/freebook.fernglas-astronomie.de\/index.php?rest_route=\/wp\/v2\/pages\/121"}],"wp:attachment":[{"href":"http:\/\/freebook.fernglas-astronomie.de\/index.php?rest_route=%2Fwp%2Fv2%2Fmedia&parent=124"}],"curies":[{"name":"wp","href":"https:\/\/api.w.org\/{rel}","templated":true}]}}