{"id":1213,"date":"2018-05-24T00:29:07","date_gmt":"2018-05-23T22:29:07","guid":{"rendered":"http:\/\/freebook.fernglas-astronomie.de\/?page_id=1213"},"modified":"2025-12-09T20:12:56","modified_gmt":"2025-12-09T18:12:56","slug":"richfield-test","status":"publish","type":"page","link":"http:\/\/freebook.fernglas-astronomie.de\/?page_id=1213","title":{"rendered":"Astronomie mit Fernglas und Rich-Field-Teleskopen"},"content":{"rendered":"<p>Wie es alles begann&#8230;<\/p>\n<p>Als ich in den 90ern mit der Astronomie anfing, war \u2013 wie auch heute \u2013 der erste Tipp: Nehmen Sie ein Fernglas f\u00fcr den Blick in die Sterne. Allerdings gab es kaum Literatur dazu.<\/p>\n<p>Also fing ich an, Infos zusammenzutragen und irgendwann auch weitere Infos einzubauen \u2013 mit dem Hintergedanken, mich nie wieder auf eine F\u00fchrung auf der <a href=\"https:\/\/www.sternwarte.org\" target=\"_blank\" rel=\"noopener\">Heilbronner Sternwarte<\/a> vorbereiten zu m\u00fcssen. Das Ergebnis war umfangreicher als meine Diplomarbeit und fand keinen Verlag \u2013 zu umfangreich, zu speziell.<\/p>\n<p>Kosmos \u00e4u\u00dferte Interesse an einer kleineren Version, so entstand <em>Astronomie mit dem Fernglas<\/em> \u2013 das dann ebenfalls in keinem Verlag unterkam. Das Ergebnis der abgespeckten, einsteigerfreundlichen Version ist <a href=\"http:\/\/freebook.fernglas-astronomie.de\/?page_id=6\" target=\"_blank\" rel=\"noopener\">diese Webseite<\/a>, das EBook und die gedruckte Version in Farbe oder Schwarzwei\u00df, die auf Amazon erh\u00e4ltlich sind \u2013 auf Deutsch und Englisch.<\/p>\n<h2>Astronomie mit Fernglas und Rich-Field-Teleskopen<\/h2>\n<p>Und die gro\u00dfe Version?<\/p>\n<p>Wurde f\u00fcr meinen Privatgebrauch erweitert. Zu meiner Fernglas-Sammlung gesellte sich ein ED80\/600 \u2013 der &#8222;Volksapo&#8220;, ein noch handliches Fernrohr mit sehr sch\u00f6nem Bild, gro\u00dfem Bildfeld und der M\u00f6glichkeit, auch einmal h\u00f6her zu vergr\u00f6\u00dfern. Also erweiterte ich mein Buch, das fester Bestandteil meines Teleskopkoffers ist, vor allem um Doppelsterne, sodass es auch f\u00fcr kleinere Teleskope interessant ist (die Verlage konzentrierten sich mittlerweile mehr auf die gro\u00dfen Teleskope ab 20 cm \u00d6ffnung, da der Dobson immer mehr Verbreitung fand), und ab damit auf Amazon. Und da ist es nun:<\/p>\n<p><img loading=\"lazy\" decoding=\"async\" class=\"aligncenter size-full wp-image-1220\" src=\"http:\/\/freebook.fernglas-astronomie.de\/wp-content\/uploads\/2018\/06\/Cover-FGO.jpg\" alt=\"\" width=\"400\" height=\"566\" srcset=\"http:\/\/freebook.fernglas-astronomie.de\/wp-content\/uploads\/2018\/06\/Cover-FGO.jpg 400w, http:\/\/freebook.fernglas-astronomie.de\/wp-content\/uploads\/2018\/06\/Cover-FGO-212x300.jpg 212w\" sizes=\"auto, (max-width: 400px) 100vw, 400px\" \/><\/p>\n<p>300 Seiten ann\u00e4hernd im DIN-A4-Format, die alle Sternbilder beschreiben, samt Sternkarten und einer Einf\u00fchrung in die Astronomie.<\/p>\n<p>Erh\u00e4ltlich ist es (leider nur) \u00fcber Amazon als gedrucktes Buch in <a href=\"http:\/\/www.amazon.de\/Astronomie-mit-Fernglas-Rich-Field-Teleskopen-Edition\/dp\/1480210498\/ref=sr_1_4?ie=UTF8&amp;qid=1352051112&amp;sr=8-4\" target=\"_blank\" rel=\"noopener\">Farbe<\/a> und (kosteng\u00fcnstiger) in <a href=\"http:\/\/www.amazon.de\/Astronomie-mit-Fernglas-Rich-Field-Teleskopen-Schwarz-Wei%C3%3F\/dp\/1480212660\/ref=sr_1_5?ie=UTF8&amp;qid=1352051136&amp;sr=8-5\">Schwarz-Wei\u00df<\/a>. Eine EBook-Version ist nat\u00fcrlich auch verf\u00fcgbar &#8211; ohne DRM, versteht sich.<\/p>\n<h2><strong>Rezensionen<\/strong><\/h2>\n<p>Ich kann viel \u00fcber meine B\u00fccher schreiben \u2013 andere Quellen sind vielleicht vertrauensw\u00fcrdiger&#8230; Daher finden Sie hier alle Rezensionen, die nicht direkt auf Amazon erschienen sind.<\/p>\n<ul>\n<li><a title=\"Astrotreff\" href=\"http:\/\/www.astrotreff.de\/topic.asp?TOPIC_ID=145682\" target=\"_blank\" rel=\"noopener\">AstroTreff-Rezension<\/a><\/li>\n<li><a href=\"http:\/\/www.fernglasastronomie.de\/?download=HL1_13-Rezension.pdf\">Himmelsleiter 1\/2013 (PDF)<\/a>, Vereinszeitung der <a title=\"Sternwarte.org\" href=\"http:\/\/www.sternwarte.org\">Robert-Mayer-Sternwarte Heilbronn e.V.<\/a><\/li>\n<li>Ausf\u00fchrliche Rezension im <a href=\"http:\/\/janetarium.blogspot.de\/2000\/04\/astronomie-mit-fernglas-und-rich-field.html\">JanEtarium-Blog<\/a><\/li>\n<\/ul>\n<p>F\u00fcr eine <a href=\"http:\/\/www.fernglasastronomie.de\/?download=Leseprobe.pdf\" target=\"_blank\" rel=\"noopener\">Leseprobe<\/a> (1,3MB) klicken Sie auf das Cover:<\/p>\n","protected":false},"excerpt":{"rendered":"<p>Wie es alles begann&#8230; Als ich in den 90ern mit der Astronomie anfing, war \u2013 wie auch heute \u2013 der erste Tipp: Nehmen Sie ein Fernglas f\u00fcr den Blick in die Sterne. Allerdings gab es kaum Literatur dazu. Also fing ich an, Infos zusammenzutragen und irgendwann auch weitere Infos einzubauen \u2013 mit dem Hintergedanken, mich &hellip; <a href=\"http:\/\/freebook.fernglas-astronomie.de\/?page_id=1213\" class=\"more-link\"><span class=\"screen-reader-text\">Astronomie mit Fernglas und Rich-Field-Teleskopen<\/span> weiterlesen <span class=\"meta-nav\">&rarr;<\/span><\/a><\/p>\n","protected":false},"author":1,"featured_media":0,"parent":0,"menu_order":0,"comment_status":"closed","ping_status":"closed","template":"","meta":{"footnotes":""},"class_list":["post-1213","page","type-page","status-publish","hentry"],"_links":{"self":[{"href":"http:\/\/freebook.fernglas-astronomie.de\/index.php?rest_route=\/wp\/v2\/pages\/1213","targetHints":{"allow":["GET"]}}],"collection":[{"href":"http:\/\/freebook.fernglas-astronomie.de\/index.php?rest_route=\/wp\/v2\/pages"}],"about":[{"href":"http:\/\/freebook.fernglas-astronomie.de\/index.php?rest_route=\/wp\/v2\/types\/page"}],"author":[{"embeddable":true,"href":"http:\/\/freebook.fernglas-astronomie.de\/index.php?rest_route=\/wp\/v2\/users\/1"}],"replies":[{"embeddable":true,"href":"http:\/\/freebook.fernglas-astronomie.de\/index.php?rest_route=%2Fwp%2Fv2%2Fcomments&post=1213"}],"version-history":[{"count":6,"href":"http:\/\/freebook.fernglas-astronomie.de\/index.php?rest_route=\/wp\/v2\/pages\/1213\/revisions"}],"predecessor-version":[{"id":1241,"href":"http:\/\/freebook.fernglas-astronomie.de\/index.php?rest_route=\/wp\/v2\/pages\/1213\/revisions\/1241"}],"wp:attachment":[{"href":"http:\/\/freebook.fernglas-astronomie.de\/index.php?rest_route=%2Fwp%2Fv2%2Fmedia&parent=1213"}],"curies":[{"name":"wp","href":"https:\/\/api.w.org\/{rel}","templated":true}]}}