{"id":119,"date":"2014-04-13T13:10:24","date_gmt":"2014-04-13T11:10:24","guid":{"rendered":"http:\/\/freebook.fernglas-astronomie.de\/?page_id=119"},"modified":"2014-04-17T10:25:30","modified_gmt":"2014-04-17T08:25:30","slug":"k-oceanus-procellarum","status":"publish","type":"page","link":"http:\/\/freebook.fernglas-astronomie.de\/?page_id=119","title":{"rendered":"K) Oceanus Procellarum"},"content":{"rendered":"<p>Das \u201eMeer der St\u00fcrme\u201c ist eine \u00fcber zwei Millionen Quadratkilometer gro\u00dfe, von Kratern \u00fcbers\u00e4te Tiefebene, die keine klaren R\u00e4nder besitzt. Es ist das gr\u00f6\u00dfte Mondmeer und in der Zeit nach Vollmond das auff\u00e4lligste Oberfl\u00e4chenmerkmal, das bereits f\u00fcr das blo\u00dfe Auge sichtbar ist.<\/p>\n","protected":false},"excerpt":{"rendered":"<p>Das \u201eMeer der St\u00fcrme\u201c ist eine \u00fcber zwei Millionen Quadratkilometer gro\u00dfe, von Kratern \u00fcbers\u00e4te Tiefebene, die keine klaren R\u00e4nder besitzt. Es ist das gr\u00f6\u00dfte Mondmeer und in der Zeit nach Vollmond das auff\u00e4lligste Oberfl\u00e4chenmerkmal, das bereits f\u00fcr das blo\u00dfe Auge sichtbar ist.<\/p>\n","protected":false},"author":1,"featured_media":0,"parent":97,"menu_order":0,"comment_status":"closed","ping_status":"closed","template":"","meta":{"footnotes":""},"class_list":["post-119","page","type-page","status-publish","hentry"],"_links":{"self":[{"href":"http:\/\/freebook.fernglas-astronomie.de\/index.php?rest_route=\/wp\/v2\/pages\/119","targetHints":{"allow":["GET"]}}],"collection":[{"href":"http:\/\/freebook.fernglas-astronomie.de\/index.php?rest_route=\/wp\/v2\/pages"}],"about":[{"href":"http:\/\/freebook.fernglas-astronomie.de\/index.php?rest_route=\/wp\/v2\/types\/page"}],"author":[{"embeddable":true,"href":"http:\/\/freebook.fernglas-astronomie.de\/index.php?rest_route=\/wp\/v2\/users\/1"}],"replies":[{"embeddable":true,"href":"http:\/\/freebook.fernglas-astronomie.de\/index.php?rest_route=%2Fwp%2Fv2%2Fcomments&post=119"}],"version-history":[{"count":1,"href":"http:\/\/freebook.fernglas-astronomie.de\/index.php?rest_route=\/wp\/v2\/pages\/119\/revisions"}],"predecessor-version":[{"id":120,"href":"http:\/\/freebook.fernglas-astronomie.de\/index.php?rest_route=\/wp\/v2\/pages\/119\/revisions\/120"}],"up":[{"embeddable":true,"href":"http:\/\/freebook.fernglas-astronomie.de\/index.php?rest_route=\/wp\/v2\/pages\/97"}],"wp:attachment":[{"href":"http:\/\/freebook.fernglas-astronomie.de\/index.php?rest_route=%2Fwp%2Fv2%2Fmedia&parent=119"}],"curies":[{"name":"wp","href":"https:\/\/api.w.org\/{rel}","templated":true}]}}