{"id":117,"date":"2014-04-13T13:10:00","date_gmt":"2014-04-13T11:10:00","guid":{"rendered":"http:\/\/freebook.fernglas-astronomie.de\/?page_id=117"},"modified":"2014-04-17T10:25:24","modified_gmt":"2014-04-17T08:25:24","slug":"j-mare-vaporum","status":"publish","type":"page","link":"http:\/\/freebook.fernglas-astronomie.de\/?page_id=117","title":{"rendered":"J) Mare Vaporum"},"content":{"rendered":"<p>Die kleine Lavaebene s\u00fcdlich der Apenninen wird als \u201eMeer des Dunstes\u201c bezeichnet. In ihr l\u00e4sst sich der 40\u00a0km gro\u00dfe Krater Manilius erkennen. Im Gro\u00dffernglas l\u00e4sst sich eventuell die fast 3000 Meter breite Hyginusrille als schmale Linie erahnen. Sie markiert wohl einen eingest\u00fcrzten Lavakanal.<\/p>\n","protected":false},"excerpt":{"rendered":"<p>Die kleine Lavaebene s\u00fcdlich der Apenninen wird als \u201eMeer des Dunstes\u201c bezeichnet. In ihr l\u00e4sst sich der 40\u00a0km gro\u00dfe Krater Manilius erkennen. Im Gro\u00dffernglas l\u00e4sst sich eventuell die fast 3000 Meter breite Hyginusrille als schmale Linie erahnen. Sie markiert wohl einen eingest\u00fcrzten Lavakanal.<\/p>\n","protected":false},"author":1,"featured_media":0,"parent":97,"menu_order":0,"comment_status":"closed","ping_status":"closed","template":"","meta":{"footnotes":""},"class_list":["post-117","page","type-page","status-publish","hentry"],"_links":{"self":[{"href":"http:\/\/freebook.fernglas-astronomie.de\/index.php?rest_route=\/wp\/v2\/pages\/117","targetHints":{"allow":["GET"]}}],"collection":[{"href":"http:\/\/freebook.fernglas-astronomie.de\/index.php?rest_route=\/wp\/v2\/pages"}],"about":[{"href":"http:\/\/freebook.fernglas-astronomie.de\/index.php?rest_route=\/wp\/v2\/types\/page"}],"author":[{"embeddable":true,"href":"http:\/\/freebook.fernglas-astronomie.de\/index.php?rest_route=\/wp\/v2\/users\/1"}],"replies":[{"embeddable":true,"href":"http:\/\/freebook.fernglas-astronomie.de\/index.php?rest_route=%2Fwp%2Fv2%2Fcomments&post=117"}],"version-history":[{"count":1,"href":"http:\/\/freebook.fernglas-astronomie.de\/index.php?rest_route=\/wp\/v2\/pages\/117\/revisions"}],"predecessor-version":[{"id":118,"href":"http:\/\/freebook.fernglas-astronomie.de\/index.php?rest_route=\/wp\/v2\/pages\/117\/revisions\/118"}],"up":[{"embeddable":true,"href":"http:\/\/freebook.fernglas-astronomie.de\/index.php?rest_route=\/wp\/v2\/pages\/97"}],"wp:attachment":[{"href":"http:\/\/freebook.fernglas-astronomie.de\/index.php?rest_route=%2Fwp%2Fv2%2Fmedia&parent=117"}],"curies":[{"name":"wp","href":"https:\/\/api.w.org\/{rel}","templated":true}]}}