{"id":115,"date":"2014-04-13T13:09:39","date_gmt":"2014-04-13T11:09:39","guid":{"rendered":"http:\/\/freebook.fernglas-astronomie.de\/?page_id=115"},"modified":"2014-04-17T10:25:20","modified_gmt":"2014-04-17T08:25:20","slug":"i-mare-tranquillitatis","status":"publish","type":"page","link":"http:\/\/freebook.fernglas-astronomie.de\/?page_id=115","title":{"rendered":"I) Mare Tranquillitatis"},"content":{"rendered":"<p>Das \u201eMeer der Ruhe\u201c ist eine unregelm\u00e4\u00dfig geformte Tiefebene, die im S\u00fcden \u00fcber die Bucht der Rauheit (Sinus Asperitatis) mit dem Mare Nectaris verbunden ist. Es erstreckt sich \u00fcber 650\u2009\u00d7\u2009900 km. Im S\u00fcdwesten des Mare Tranquillitatis landete am 19. Juli 1969 mit Apollo 11 die erste bemannte Mondmission \u2013 wovon aber auch in den gr\u00f6\u00dften Teleskopen nichts zu erkennen ist.<\/p>\n","protected":false},"excerpt":{"rendered":"<p>Das \u201eMeer der Ruhe\u201c ist eine unregelm\u00e4\u00dfig geformte Tiefebene, die im S\u00fcden \u00fcber die Bucht der Rauheit (Sinus Asperitatis) mit dem Mare Nectaris verbunden ist. Es erstreckt sich \u00fcber 650\u2009\u00d7\u2009900 km. Im S\u00fcdwesten des Mare Tranquillitatis landete am 19. Juli 1969 mit Apollo 11 die erste bemannte Mondmission \u2013 wovon aber auch in den gr\u00f6\u00dften &hellip; <a href=\"http:\/\/freebook.fernglas-astronomie.de\/?page_id=115\" class=\"more-link\"><span class=\"screen-reader-text\">I) Mare Tranquillitatis<\/span> weiterlesen <span class=\"meta-nav\">&rarr;<\/span><\/a><\/p>\n","protected":false},"author":1,"featured_media":0,"parent":97,"menu_order":0,"comment_status":"closed","ping_status":"closed","template":"","meta":{"footnotes":""},"class_list":["post-115","page","type-page","status-publish","hentry"],"_links":{"self":[{"href":"http:\/\/freebook.fernglas-astronomie.de\/index.php?rest_route=\/wp\/v2\/pages\/115","targetHints":{"allow":["GET"]}}],"collection":[{"href":"http:\/\/freebook.fernglas-astronomie.de\/index.php?rest_route=\/wp\/v2\/pages"}],"about":[{"href":"http:\/\/freebook.fernglas-astronomie.de\/index.php?rest_route=\/wp\/v2\/types\/page"}],"author":[{"embeddable":true,"href":"http:\/\/freebook.fernglas-astronomie.de\/index.php?rest_route=\/wp\/v2\/users\/1"}],"replies":[{"embeddable":true,"href":"http:\/\/freebook.fernglas-astronomie.de\/index.php?rest_route=%2Fwp%2Fv2%2Fcomments&post=115"}],"version-history":[{"count":1,"href":"http:\/\/freebook.fernglas-astronomie.de\/index.php?rest_route=\/wp\/v2\/pages\/115\/revisions"}],"predecessor-version":[{"id":116,"href":"http:\/\/freebook.fernglas-astronomie.de\/index.php?rest_route=\/wp\/v2\/pages\/115\/revisions\/116"}],"up":[{"embeddable":true,"href":"http:\/\/freebook.fernglas-astronomie.de\/index.php?rest_route=\/wp\/v2\/pages\/97"}],"wp:attachment":[{"href":"http:\/\/freebook.fernglas-astronomie.de\/index.php?rest_route=%2Fwp%2Fv2%2Fmedia&parent=115"}],"curies":[{"name":"wp","href":"https:\/\/api.w.org\/{rel}","templated":true}]}}