{"id":1135,"date":"2014-08-26T21:24:06","date_gmt":"2014-08-26T19:24:06","guid":{"rendered":"http:\/\/freebook.fernglas-astronomie.de\/?page_id=1135"},"modified":"2014-08-26T21:24:06","modified_gmt":"2014-08-26T19:24:06","slug":"variable-stars","status":"publish","type":"page","link":"http:\/\/freebook.fernglas-astronomie.de\/?page_id=1135","title":{"rendered":"Variable Stars"},"content":{"rendered":"<p>The observation of variable stars is the most fertile area for cooperation between professional and amateur astronomers. Many stars change their brightness over time either because they are obscured by a close companion star or because of physical processes on or in the star. The large number of variable stars cannot be supervised continually by professional astronomers.<\/p>\n<p>Since many variables remain bright enough throughout their cycle to be visible in binoculars, virtually anyone can make a contribution to research if he has enough endurance to do a monitoring program for a long time. Although the brightness estimation requires some practice, it is easy when you have good star charts. You simply compare the brightness of a variable star with those of neighboring stars with a known brightness and record date and brightness. Star charts can be created by an astronomy program with a good data base.<\/p>\n<p>The American Association of Variable Star Observers (AAVSO) offers star charts, collects results and can help you with any questions. Their website is at <a href=\"http:\/\/www.aavso.org\" target=\"_blank\">http:\/\/www.aavso.org<\/a>.<\/p>\n<p><strong><em>Eclipsing binaries<\/em><\/strong> show predictable light curves, since they have a drop in brightness when a component of a double star is in front of or behind its companion. The best known representative of this class is Algol (\u03b2 Persei, the \u201eDemon Star in Perseus\u201c). Its brightness decreases every 2.87 days for 10 hours from 2.1 to 3.4<sup>m<\/sup>.<\/p>\n<figure id=\"attachment_226\" class=\"wp-caption aligncenter\" style=\"width: 400px;\"><a href=\"http:\/\/freebook.fernglas-astronomie.de\/wp-content\/uploads\/2014\/04\/Veraenderliche.jpg\"><img loading=\"lazy\" decoding=\"async\" class=\"size-full wp-image-226\" src=\"http:\/\/freebook.fernglas-astronomie.de\/wp-content\/uploads\/2014\/04\/Veraenderliche.jpg\" alt=\"Die Lichtkurven von ver\u00e4nderlichen Sternen. Bei Bedeckungsver\u00e4nderlichen vom Algoltyp (oben) kommt es zu Helligkeitseinbr\u00fcchen in der Lichtkurve, wenn ein Stern von seinem Begleiter bedeckt wird. Abh\u00e4ngig von der Bahnneigung und der Art der beiden Sterne fallen die Minima unterschiedlich aus. Bei langperiodischen Ver\u00e4nderlichen oder bei Pulsationsver\u00e4nderlichen (unten) \u00e4ndert sich die Helligkeit mit dem Durchmesser des Sterns.\" width=\"400\" height=\"469\" srcset=\"http:\/\/freebook.fernglas-astronomie.de\/wp-content\/uploads\/2014\/04\/Veraenderliche.jpg 400w, http:\/\/freebook.fernglas-astronomie.de\/wp-content\/uploads\/2014\/04\/Veraenderliche-255x300.jpg 255w\" sizes=\"auto, (max-width: 400px) 100vw, 400px\" \/><\/a><figcaption class=\"wp-caption-text\">The light curves of variable stars.<br \/>\nFor eclipsing binaries from Algol-type (above) brightness dips in the light curve occur when a star is hidden by its companion. Depending on the orbital inclination and the nature of the two stars, the minima will vary.<br \/>\nFor long period variables or in pulsating variables (below), the brightness varies with the diameter of the star.<\/figcaption><\/figure>\n<p><strong><em>Pulsating stars<\/em><\/strong> are stars whose diameter changes regularly. Long period variables (so-called Mira stars) are old red giant stars such as Mira (\u03bf Ceti), whose brightness varies over 80-1,000 days by up to ten magnitudes. The period between two maxima is not always exactly the same. The short period Cepheids are bright, pulsating super giants. They show a fixed relationship between period and absolute brightness and can be used to measure distances to star clusters. The namesake of this class is \u03b4 Cephei, its brightness varies within 5.4 days from 3.6 to 4.4<sup>m<\/sup>.<\/p>\n<p><strong><em>Eruptive variables<\/em><\/strong> show the most unpredictable brightness variations. This class contains novae and supernovae as well as very young stars or the R Coronae Borealis stars, where dark soot clouds conceal the view on the surface.<\/p>\n","protected":false},"excerpt":{"rendered":"<p>The observation of variable stars is the most fertile area for cooperation between professional and amateur astronomers. Many stars change their brightness over time either because they are obscured by a close companion star or because of physical processes on or in the star. The large number of variable stars cannot be supervised continually by &hellip; <a href=\"http:\/\/freebook.fernglas-astronomie.de\/?page_id=1135\" class=\"more-link\"><span class=\"screen-reader-text\">Variable Stars<\/span> weiterlesen <span class=\"meta-nav\">&rarr;<\/span><\/a><\/p>\n","protected":false},"author":1,"featured_media":0,"parent":1128,"menu_order":0,"comment_status":"closed","ping_status":"closed","template":"","meta":{"footnotes":""},"class_list":["post-1135","page","type-page","status-publish","hentry"],"_links":{"self":[{"href":"http:\/\/freebook.fernglas-astronomie.de\/index.php?rest_route=\/wp\/v2\/pages\/1135","targetHints":{"allow":["GET"]}}],"collection":[{"href":"http:\/\/freebook.fernglas-astronomie.de\/index.php?rest_route=\/wp\/v2\/pages"}],"about":[{"href":"http:\/\/freebook.fernglas-astronomie.de\/index.php?rest_route=\/wp\/v2\/types\/page"}],"author":[{"embeddable":true,"href":"http:\/\/freebook.fernglas-astronomie.de\/index.php?rest_route=\/wp\/v2\/users\/1"}],"replies":[{"embeddable":true,"href":"http:\/\/freebook.fernglas-astronomie.de\/index.php?rest_route=%2Fwp%2Fv2%2Fcomments&post=1135"}],"version-history":[{"count":1,"href":"http:\/\/freebook.fernglas-astronomie.de\/index.php?rest_route=\/wp\/v2\/pages\/1135\/revisions"}],"predecessor-version":[{"id":1136,"href":"http:\/\/freebook.fernglas-astronomie.de\/index.php?rest_route=\/wp\/v2\/pages\/1135\/revisions\/1136"}],"up":[{"embeddable":true,"href":"http:\/\/freebook.fernglas-astronomie.de\/index.php?rest_route=\/wp\/v2\/pages\/1128"}],"wp:attachment":[{"href":"http:\/\/freebook.fernglas-astronomie.de\/index.php?rest_route=%2Fwp%2Fv2%2Fmedia&parent=1135"}],"curies":[{"name":"wp","href":"https:\/\/api.w.org\/{rel}","templated":true}]}}